{"id":7,"date":"2023-05-18T16:22:25","date_gmt":"2023-05-18T16:22:25","guid":{"rendered":"http:\/\/72.52.129.99\/~insulators50\/?page_id=7"},"modified":"2024-01-23T14:22:00","modified_gmt":"2024-01-23T19:22:00","slug":"about","status":"publish","type":"page","link":"https:\/\/insulators50.com\/es\/about\/","title":{"rendered":"Acerca de"},"content":{"rendered":"<p>[et_pb_section fb_built=\u201d1\u2033 _builder_version=\u201d4.21.0\u2033 _module_preset=\u201ddefault\u201d custom_padding=\u201d0px|||||\u201d global_colors_info=\u201d{}\u201d da_is_popup=\u201doff\u201d da_exit_intent=\u201doff\u201d da_has_close=\u201don\u201d da_alt_close=\u201doff\u201d da_dark_close=\u201doff\u201d da_not_modal=\u201don\u201d da_is_singular=\u201doff\u201d da_with_loader=\u201doff\u201d da_has_shadow=\u201don\u201d da_disable_devices=\u201doff|off|off\u201d][et_pb_row column_structure=\u201d1_2,1_2\u2033 make_equal=\u201don\u201d _builder_version=\u201d4.21.0\u2033 _module_preset=\u201ddefault\u201d global_colors_info=\u201d{}\u201d][et_pb_column type=\u201d1_2\u2033 _builder_version=\u201d4.21.0\u2033 _module_preset=\u201ddefault\u201d Informaci\u00f3n global de colores = &quot;{}&quot;] [et_pb_text _builder_version = &quot;4.21.0&quot; _module_preset = &quot;predeterminado&quot; Color del texto del encabezado 2 = &quot;#FFFFFF&quot; Altura de l\u00ednea del encabezado 2 = &quot;1.3em&quot; Color de fondo = &quot;#1c3049&quot; Relleno personalizado = &quot;45px|45px|45px|45px|verdadero|verdadero&quot; Informaci\u00f3n global de colores = &quot;{}&quot;]<\/p>\n<h2>El Local 50 del Sindicato Internacional de Aislantes T\u00e9rmicos y Anticongelantes representa a casi 200 de los profesionales de la industria del aislamiento mejor capacitados y m\u00e1s calificados en todo el centro de Ohio.<\/h2>\n<p>[\/et_pb_text][\/et_pb_column][et_pb_column tipo=\u201d1_2\u2033 _builder_version=\u201d4.21.0\u2033 _module_preset=\u201dpredeterminado\u201d custom_css_main_element=\u201dmargin-top:auto;||margin-bottom:auto;\u201d global_colors_info=\u201d{}\u201d][et_pb_text _builder_version=\u201d4.21.0\u2033 _module_preset=\u201dpredeterminado\u201d global_colors_info=\u201d{}\u201d]<\/p>\n<p>Nuestros miembros se especializan en aislamiento comercial e industrial, adem\u00e1s de ocuparse de la prevenci\u00f3n de incendios, aislamiento de metales y eliminaci\u00f3n de asbesto, moho y plomo. Nuestra experiencia nos permite instalar y reparar sistemas en edificios que ahorran energ\u00eda, reducen las emisiones de gases de efecto invernadero y protegen la seguridad de todos los habitantes.<\/p>\n<p>Nuestra amplia jurisdicci\u00f3n se extiende desde las fronteras este a oeste del estado de Ohio y dos condados de Indiana como resultado de una fusi\u00f3n en 2005 entre el Local 44 en Columbus y el Local 79 en Dayton. Actualmente mantenemos nuestro local sindical y centro de capacitaci\u00f3n en Columbus y Dayton, respectivamente.<\/p>\n<p>[\/et_pb_text][\/et_pb_column][\/et_pb_row][\/et_pb_section][et_pb_section fb_built=\u201d1\u2033 _builder_version=\u201d4.21.0\u2033 _module_preset=\u201ddefault\u201d background_color=\u201d#26865d\u201d global_colors_info=\u201d{}\u201d da_is_popup=\u201doff\u201d da_exit_intent=\u201doff\u201d da_has_close=\u201don\u201d da_alt_close=\u201doff\u201d da_dark_close=\u201doff\u201d da_not_modal=\u201don\u201d da_is_singular=\u201doff\u201d da_with_loader=\u201doff\u201d da_has_shadow=\u201don\u201d da_disable_devices=\u201doff|off|off\u201d][et_pb_row _builder_version=\u201d4.21.0\u2033 _module_preset=\u201dpredeterminado\u201d informaci\u00f3n_global_colors=\u201d{}\u201d][et_pb_column type=\u201d4_4\u2033 _builder_version=\u201d4.21.0\u2033 _module_preset=\u201dpredeterminado\u201d informaci\u00f3n_global_colors=\u201d{}\u201d][et_pb_text _builder_version=\u201d4.21.0\u2033 _module_preset=\u201dpredeterminado\u201d color_texto_encabezado_2=\u201d#FFFFFF\u201d informaci\u00f3n_global_colors=\u201d{}\u201d]<\/p>\n<h2 style=\"text-align: center;\">Insulators Local 50 est\u00e1 comprometido con las comunidades donde nuestros miembros trabajan y viven, como lo hemos estado durante m\u00e1s de 85 a\u00f1os.<\/h2>\n<p>[\/et_pb_text][et_pb_video src=\u201dhttps:\/\/www.youtube.com\/watch?v=vEa7LYHMu5s\u201d _builder_version=\u201d4.21.0\u2033 _module_preset=\u201ddefault\u201d width=\u201d60%\u201d width_tablet=\u201dauto\u201d width_phone=\u201dauto\u201d width_last_edited=\u201don|desktop\u201d module_alignment=\u201dcenter\u201d global_colors_info=\u201d{}\u201d][\/et_pb_video][\/et_pb_column][\/et_pb_row][\/et_pb_section]<\/p>","protected":false},"excerpt":{"rendered":"<p>El Sindicato Internacional de Aislantes de Calor y Hielo Local 50 representa a casi 200 de los profesionales mejor capacitados y calificados de la industria del aislamiento en el centro de Ohio. Nuestros miembros se especializan en aislamiento comercial e industrial, adem\u00e1s de trabajar con sistemas cortafuegos, revestimientos met\u00e1licos y remediaci\u00f3n de asbesto, moho y plomo. Nuestra experiencia nos permite instalar y reparar sistemas en edificios [\u2026]<\/p>","protected":false},"author":2,"featured_media":0,"parent":0,"menu_order":0,"comment_status":"closed","ping_status":"closed","template":"","meta":{"_acf_changed":false,"_et_pb_use_builder":"on","_et_pb_old_content":"","_et_gb_content_width":"","footnotes":""},"class_list":["post-7","page","type-page","status-publish","hentry"],"acf":[],"ams_acf":[],"yoast_head":"<!-- This site is optimized with the Yoast SEO plugin v24.3 - https:\/\/yoast.com\/wordpress\/plugins\/seo\/ -->\n<title>About - Insulators Local 50 - Columbus Ohio<\/title>\n<meta name=\"description\" content=\"Insulators Local 50 represent over 200 of the best-trained and most qualified mechanical insulators across Central Ohio.\" \/>\n<meta name=\"robots\" content=\"index, follow, max-snippet:-1, max-image-preview:large, max-video-preview:-1\" \/>\n<link rel=\"canonical\" href=\"https:\/\/insulators50.com\/es\/about\/\" \/>\n<meta property=\"og:locale\" content=\"es_MX\" \/>\n<meta property=\"og:type\" content=\"article\" \/>\n<meta property=\"og:title\" content=\"About - Insulators Local 50 - Columbus Ohio\" \/>\n<meta property=\"og:description\" content=\"Insulators Local 50 represent over 200 of the best-trained and most qualified mechanical insulators across Central Ohio.\" \/>\n<meta property=\"og:url\" content=\"https:\/\/insulators50.com\/es\/about\/\" \/>\n<meta property=\"og:site_name\" content=\"Insulators Local 50 - Columbus Ohio\" \/>\n<meta property=\"article:publisher\" content=\"https:\/\/www.facebook.com\/InsulatorsLocal50\/\" \/>\n<meta property=\"article:modified_time\" content=\"2024-01-23T19:22:00+00:00\" \/>\n<meta name=\"twitter:card\" content=\"summary_large_image\" \/>\n<meta name=\"twitter:label1\" content=\"Tiempo de lectura\" \/>\n\t<meta name=\"twitter:data1\" content=\"1 minuto\" \/>\n<script type=\"application\/ld+json\" class=\"yoast-schema-graph\">{\"@context\":\"https:\/\/schema.org\",\"@graph\":[{\"@type\":\"WebPage\",\"@id\":\"https:\/\/insulators50.com\/about\/\",\"url\":\"https:\/\/insulators50.com\/about\/\",\"name\":\"About - Insulators Local 50 - Columbus Ohio\",\"isPartOf\":{\"@id\":\"https:\/\/insulators50.com\/#website\"},\"datePublished\":\"2023-05-18T16:22:25+00:00\",\"dateModified\":\"2024-01-23T19:22:00+00:00\",\"description\":\"Insulators Local 50 represent over 200 of the best-trained and most qualified mechanical insulators across Central Ohio.\",\"breadcrumb\":{\"@id\":\"https:\/\/insulators50.com\/about\/#breadcrumb\"},\"inLanguage\":\"es\",\"potentialAction\":[{\"@type\":\"ReadAction\",\"target\":[\"https:\/\/insulators50.com\/about\/\"]}]},{\"@type\":\"BreadcrumbList\",\"@id\":\"https:\/\/insulators50.com\/about\/#breadcrumb\",\"itemListElement\":[{\"@type\":\"ListItem\",\"position\":1,\"name\":\"Home\",\"item\":\"https:\/\/insulators50.com\/\"},{\"@type\":\"ListItem\",\"position\":2,\"name\":\"About\"}]},{\"@type\":\"WebSite\",\"@id\":\"https:\/\/insulators50.com\/#website\",\"url\":\"https:\/\/insulators50.com\/\",\"name\":\"Insulators Local 50 - Columbus Ohio\",\"description\":\"Professional Commercial &amp; Industrial Union Insulators of Central Ohio\",\"publisher\":{\"@id\":\"https:\/\/insulators50.com\/#organization\"},\"potentialAction\":[{\"@type\":\"SearchAction\",\"target\":{\"@type\":\"EntryPoint\",\"urlTemplate\":\"https:\/\/insulators50.com\/?s={search_term_string}\"},\"query-input\":{\"@type\":\"PropertyValueSpecification\",\"valueRequired\":true,\"valueName\":\"search_term_string\"}}],\"inLanguage\":\"es\"},{\"@type\":\"Organization\",\"@id\":\"https:\/\/insulators50.com\/#organization\",\"name\":\"Insulators Local 50 - Columbus Ohio\",\"url\":\"https:\/\/insulators50.com\/\",\"logo\":{\"@type\":\"ImageObject\",\"inLanguage\":\"es\",\"@id\":\"https:\/\/insulators50.com\/#\/schema\/logo\/image\/\",\"url\":\"https:\/\/insulators50.com\/wp-content\/uploads\/2023\/06\/Insulators-Local-50-Logo.png\",\"contentUrl\":\"https:\/\/insulators50.com\/wp-content\/uploads\/2023\/06\/Insulators-Local-50-Logo.png\",\"width\":1000,\"height\":933,\"caption\":\"Insulators Local 50 - Columbus Ohio\"},\"image\":{\"@id\":\"https:\/\/insulators50.com\/#\/schema\/logo\/image\/\"},\"sameAs\":[\"https:\/\/www.facebook.com\/InsulatorsLocal50\/\"]}]}<\/script>\n<!-- \/ Yoast SEO plugin. -->","yoast_head_json":{"title":"About - Insulators Local 50 - Columbus Ohio","description":"Insulators Local 50 represent over 200 of the best-trained and most qualified mechanical insulators across Central Ohio.","robots":{"index":"index","follow":"follow","max-snippet":"max-snippet:-1","max-image-preview":"max-image-preview:large","max-video-preview":"max-video-preview:-1"},"canonical":"https:\/\/insulators50.com\/es\/about\/","og_locale":"es_MX","og_type":"article","og_title":"About - Insulators Local 50 - Columbus Ohio","og_description":"Insulators Local 50 represent over 200 of the best-trained and most qualified mechanical insulators across Central Ohio.","og_url":"https:\/\/insulators50.com\/es\/about\/","og_site_name":"Insulators Local 50 - Columbus Ohio","article_publisher":"https:\/\/www.facebook.com\/InsulatorsLocal50\/","article_modified_time":"2024-01-23T19:22:00+00:00","twitter_card":"summary_large_image","twitter_misc":{"Tiempo de lectura":"1 minuto"},"schema":{"@context":"https:\/\/schema.org","@graph":[{"@type":"WebPage","@id":"https:\/\/insulators50.com\/about\/","url":"https:\/\/insulators50.com\/about\/","name":"About - Insulators Local 50 - Columbus Ohio","isPartOf":{"@id":"https:\/\/insulators50.com\/#website"},"datePublished":"2023-05-18T16:22:25+00:00","dateModified":"2024-01-23T19:22:00+00:00","description":"Insulators Local 50 represent over 200 of the best-trained and most qualified mechanical insulators across Central Ohio.","breadcrumb":{"@id":"https:\/\/insulators50.com\/about\/#breadcrumb"},"inLanguage":"es","potentialAction":[{"@type":"ReadAction","target":["https:\/\/insulators50.com\/about\/"]}]},{"@type":"BreadcrumbList","@id":"https:\/\/insulators50.com\/about\/#breadcrumb","itemListElement":[{"@type":"ListItem","position":1,"name":"Home","item":"https:\/\/insulators50.com\/"},{"@type":"ListItem","position":2,"name":"About"}]},{"@type":"WebSite","@id":"https:\/\/insulators50.com\/#website","url":"https:\/\/insulators50.com\/","name":"Insulators Local 50 - Columbus Ohio","description":"Professional Commercial &amp; Industrial Union Insulators of Central Ohio","publisher":{"@id":"https:\/\/insulators50.com\/#organization"},"potentialAction":[{"@type":"SearchAction","target":{"@type":"EntryPoint","urlTemplate":"https:\/\/insulators50.com\/?s={search_term_string}"},"query-input":{"@type":"PropertyValueSpecification","valueRequired":true,"valueName":"search_term_string"}}],"inLanguage":"es"},{"@type":"Organization","@id":"https:\/\/insulators50.com\/#organization","name":"Insulators Local 50 - Columbus Ohio","url":"https:\/\/insulators50.com\/","logo":{"@type":"ImageObject","inLanguage":"es","@id":"https:\/\/insulators50.com\/#\/schema\/logo\/image\/","url":"https:\/\/insulators50.com\/wp-content\/uploads\/2023\/06\/Insulators-Local-50-Logo.png","contentUrl":"https:\/\/insulators50.com\/wp-content\/uploads\/2023\/06\/Insulators-Local-50-Logo.png","width":1000,"height":933,"caption":"Insulators Local 50 - Columbus Ohio"},"image":{"@id":"https:\/\/insulators50.com\/#\/schema\/logo\/image\/"},"sameAs":["https:\/\/www.facebook.com\/InsulatorsLocal50\/"]}]}},"_links":{"self":[{"href":"https:\/\/insulators50.com\/es\/wp-json\/wp\/v2\/pages\/7","targetHints":{"allow":["GET"]}}],"collection":[{"href":"https:\/\/insulators50.com\/es\/wp-json\/wp\/v2\/pages"}],"about":[{"href":"https:\/\/insulators50.com\/es\/wp-json\/wp\/v2\/types\/page"}],"author":[{"embeddable":true,"href":"https:\/\/insulators50.com\/es\/wp-json\/wp\/v2\/users\/2"}],"replies":[{"embeddable":true,"href":"https:\/\/insulators50.com\/es\/wp-json\/wp\/v2\/comments?post=7"}],"version-history":[{"count":5,"href":"https:\/\/insulators50.com\/es\/wp-json\/wp\/v2\/pages\/7\/revisions"}],"predecessor-version":[{"id":2800,"href":"https:\/\/insulators50.com\/es\/wp-json\/wp\/v2\/pages\/7\/revisions\/2800"}],"wp:attachment":[{"href":"https:\/\/insulators50.com\/es\/wp-json\/wp\/v2\/media?parent=7"}],"curies":[{"name":"wp","href":"https:\/\/api.w.org\/{rel}","templated":true}]}}