{"id":649,"date":"2023-05-25T20:03:17","date_gmt":"2023-05-25T20:03:17","guid":{"rendered":"http:\/\/72.52.129.99\/~insulators50\/?page_id=649"},"modified":"2023-11-28T15:01:45","modified_gmt":"2023-11-28T20:01:45","slug":"open-calls","status":"publish","type":"page","link":"https:\/\/insulators50.com\/es\/open-calls\/","title":{"rendered":"Convocatorias abiertas"},"content":{"rendered":"<p>[et_pb_section fb_built=\u201d1\u2033 _builder_version=\u201d4.23\u2033 _module_preset=\u201dpredeterminado\u201d custom_padding=\u201d54px||0px|||\u201d global_colors_info=\u201d{}\u201d da_is_popup=\u201ddesactivado\u201d da_exit_intent=\u201ddesactivado\u201d da_has_close=\u201dactivado\u201d da_alt_close=\u201ddesactivado\u201d da_dark_close=\u201ddesactivado\u201d da_not_modal=\u201dactivado\u201d da_is_singular=\u201ddesactivado\u201d da_with_loader=\u201ddesactivado\u201d da_has_shadow=\u201dactivado\u201d da_disable_devices=\u201ddesactivado|desactivado|desactivado\u201d][et_pb_row _builder_version=\u201d4.23\u2033 _module_preset=\u201dpredeterminado\u201d custom_padding=\u201d0px|||||\u201d global_colors_info=\u201d{}\u201d][et_pb_column type=\u201d4_4\u2033 _builder_version=\u201d4.21.0\u2033 _module_preset=\u201ddefault\u201d global_colors_info=\u201d{}\u201d][et_pb_text _builder_version=\u201d4.23\u2033 _module_preset=\u201ddefault\u201d hover_enabled=\u201d0\u2033 global_colors_info=\u201d{}\u201d sticky_enabled=\u201d0\u2033]<\/p>\n<p>El Local 50 se compromete a cubrir todos los trabajos posibles con nuestros contratistas signatarios dentro de nuestra jurisdicci\u00f3n. Con la afluencia actual de trabajo en el centro de Ohio, el Local 50 busca ayudar a cubrir estos trabajos con miembros itinerantes de HFIAW que est\u00e9n en regla.<\/p>\n<p>La Junta de Convocatoria Abierta del Local 50 est\u00e1 dise\u00f1ada para compartir informaci\u00f3n pertinente sobre oportunidades laborales para viajeros y aisladores mec\u00e1nicos no sindicalizados que buscan unirse al Local 50.<\/p>\n<p>A continuaci\u00f3n, encontrar\u00e1 las convocatorias abiertas actuales disponibles para los miembros de HFIAW que est\u00e9n al d\u00eda con sus obligaciones. Haga clic en el trabajo que le interese y obtenga m\u00e1s informaci\u00f3n sobre los detalles de cada trabajo. Si este trabajo le parece interesante para viajar al centro de Ohio, haga clic en el enlace provisto y complete el formulario.<\/p>\n<p>Gracias por su inter\u00e9s en venir al centro de Ohio para trabajar en estos proyectos.<\/p>\n<p>\u00bfEs usted un trabajador no sindicalizado interesado en uno de estos empleos? Haga clic en el enlace a continuaci\u00f3n para convertirse en miembro del Local 50.<\/p>\n<p>[\/et_pb_text][et_pb_button url_bot\u00f3n=\u201d@ET-DC@eyJkeW5hbWljIjp0cnVlLCJjb250ZW50IjoicG9zdF9saW5rX3VybF9wYWdlIiwic2V0dGluZ3MiOnsicG9zdF9pZCI6IjE4MyJ9fQ==@\u201d url_nueva_ventana=\u201dactivado\u201d texto_bot\u00f3n=\u201dConvi\u00e9rtete en miembro\u201d _builder_version=\u201d4.21.0\u2033 _dynamic_attributes=\u201durl_bot\u00f3n\u201d _module_preset=\u201dpredeterminado\u201d informaci\u00f3n_de_colores_globales=\u201d{}\u201d][\/et_pb_button][\/et_pb_column][\/et_pb_row][et_pb_row _builder_version=\u201d4.21.0\u2033 _module_preset=\u201ddefault\u201d global_colors_info=\u201d{}\u201d][et_pb_column type=\u201d4_4\u2033 _builder_version=\u201d4.21.0\u2033 _module_preset=\u201ddefault\u201d global_colors_info=\u201d{}\u201d][et_pb_blog fullwidth=\u201doff\u201d post_type=\u201djob-posting\u201d excerpt_length=\u201d0\u2033 show_more=\u201don\u201d show_author=\u201doff\u201d show_categories=\u201doff\u201d module_class=\u201det-custom-read-more-text\u201d _builder_version=\u201d4.21.0\u2033 _module_preset=\u201ddefault\u201d custom_margin=\u201d||0px||false|false\u201d custom_padding=\u201d||0px||false|false\u201d Contenido CSS personalizado = \u00abborde inferior: 1 px s\u00f3lido #ddd;\u00bb | | relleno inferior: 1 rem;\u00bb Meta CSS personalizado = \u00abrelleno inferior: 15 px! importante;\u00bb Informaci\u00f3n global de colores = \u00ab{}\u00bb] [\/et_pb_blog] [et_pb_code _builder_version = \u00ab4.21.0\u00bb _module_preset = \u00abpredeterminado\u00bb Informaci\u00f3n global de colores = \u00ab{}\u00bb]<script>(function ($) {<!-- [et_pb_line_break_holder] -->  $(document).on(\"ready ajaxComplete\", function () {<!-- [et_pb_line_break_holder] -->    $(\".et-custom-read-more-text .et_pb_post a.more-link\").html(\"View Job\");<!-- [et_pb_line_break_holder] -->  });<!-- [et_pb_line_break_holder] -->})(jQuery);<!-- [et_pb_line_break_holder] -->  <\/script>[\/et_pb_code][\/et_pb_column][\/et_pb_row][\/et_pb_section][et_pb_section fb_built=\u201d1\u2033 _builder_version=\u201d4.21.0\u2033 _module_preset=\u201ddefault\u201d custom_padding=\u201d0px||54px|||\u201d global_colors_info=\u201d{}\u201d da_is_popup=\u201doff\u201d da_exit_intent=\u201doff\u201d da_has_close=\u201don\u201d da_alt_close=\u201doff\u201d da_dark_close=\u201doff\u201d da_not_modal=\u201don\u201d da_is_singular=\u201doff\u201d da_with_loader=\u201doff\u201d da_has_shadow=\u201don\u201d da_disable_devices=\u201doff|off|off\u201d][et_pb_row _builder_version=\u201d4.21.0\u2033 _module_preset=\u201ddefault\u201d custom_padding=\u201d0px||||false|false\u201d saved_tabs=\u201dall\u201d global_colors_info=\u201d{}\u201d][et_pb_column type=\u201d4_4\u2033 _builder_version=\u201d4.21.0\u2033 _module_preset=\u201ddefault\u201d Informaci\u00f3n global de colores = &quot;{}&quot;] [et_pb_button URL del bot\u00f3n = &quot;@ET-DC@eyJkeW5hbWljIjp0cnVlLCJjb250ZW50IjoicG9zdF9saW5rX3VybF9wYWdlIiwic2V0dGluZ3MiOnsicG9zdF9pZCI6IjI4NCJ9fQ==@&quot; Texto del bot\u00f3n = &quot;Volver al \u00e1rea de miembros&quot; _builder_version = &quot;4.21.0&quot; _dynamic_attributes = &quot;URL del bot\u00f3n&quot; _module_preset = &quot;predeterminado&quot; Bot\u00f3n personalizado = &quot;activado&quot; Tama\u00f1o del texto del bot\u00f3n = &quot;14 px&quot; Color del texto del bot\u00f3n = &quot;#1c3049&quot; Color del fondo del bot\u00f3n = &quot;RGBA(255,255,255,0)&quot; Fuente del bot\u00f3n=\u201d||||||||\u201d Icono del bot\u00f3n=\u201d#||divi||400\u2033 Ubicaci\u00f3n del icono del bot\u00f3n=\u201dizquierda\u201d Bot\u00f3n al pasar el mouse=\u201ddesactivado\u201d Elemento principal CSS personalizado=\u201dtext-transform:none!important;\u201d Informaci\u00f3n global de colores=\u201d{}\u201d][\/et_pb_button][\/et_pb_column][\/et_pb_row][\/et_pb_section]<\/p>","protected":false},"excerpt":{"rendered":"<p>El Local 50 se compromete a cubrir todos los trabajos posibles con nuestros contratistas signatarios dentro de nuestra jurisdicci\u00f3n. Con la actual afluencia de trabajo en el centro de Ohio, el Local 50 busca ayudar a cubrir estos trabajos con miembros itinerantes de la HFIAW con buena reputaci\u00f3n. El foro de convocatoria abierta del Local 50 est\u00e1 dise\u00f1ado para compartir informaci\u00f3n pertinente sobre el trabajo [\u2026]<\/p>","protected":false},"author":2,"featured_media":1174,"parent":0,"menu_order":0,"comment_status":"closed","ping_status":"closed","template":"","meta":{"_acf_changed":false,"_et_pb_use_builder":"on","_et_pb_old_content":"","_et_gb_content_width":"","footnotes":""},"class_list":["post-649","page","type-page","status-publish","has-post-thumbnail","hentry"],"acf":[],"ams_acf":[],"yoast_head":"<!-- This site is optimized with the Yoast SEO plugin v24.3 - https:\/\/yoast.com\/wordpress\/plugins\/seo\/ -->\n<title>Open Calls - Insulators Local 50 - Columbus Ohio<\/title>\n<meta name=\"description\" content=\"Local 50 connects skilled HFIAW members to Central Ohio jobs via our Open Call Board. Union or not, join us to work on exciting projects.\" \/>\n<meta name=\"robots\" content=\"index, follow, max-snippet:-1, max-image-preview:large, max-video-preview:-1\" \/>\n<link rel=\"canonical\" href=\"https:\/\/insulators50.com\/es\/open-calls\/\" \/>\n<meta property=\"og:locale\" content=\"es_MX\" \/>\n<meta property=\"og:type\" content=\"article\" \/>\n<meta property=\"og:title\" content=\"Open Calls - Insulators Local 50 - Columbus Ohio\" \/>\n<meta property=\"og:description\" content=\"Local 50 connects skilled HFIAW members to Central Ohio jobs via our Open Call Board. Union or not, join us to work on exciting projects.\" \/>\n<meta property=\"og:url\" content=\"https:\/\/insulators50.com\/es\/open-calls\/\" \/>\n<meta property=\"og:site_name\" content=\"Insulators Local 50 - Columbus Ohio\" \/>\n<meta property=\"article:publisher\" content=\"https:\/\/www.facebook.com\/InsulatorsLocal50\/\" \/>\n<meta property=\"article:modified_time\" content=\"2023-11-28T20:01:45+00:00\" \/>\n<meta property=\"og:image\" content=\"https:\/\/insulators50.com\/wp-content\/uploads\/2023\/06\/cropped-Insulators-Local-50-Logo.png\" \/>\n\t<meta property=\"og:image:width\" content=\"512\" \/>\n\t<meta property=\"og:image:height\" content=\"512\" \/>\n\t<meta property=\"og:image:type\" content=\"image\/png\" \/>\n<meta name=\"twitter:card\" content=\"summary_large_image\" \/>\n<meta name=\"twitter:label1\" content=\"Tiempo de lectura\" \/>\n\t<meta name=\"twitter:data1\" content=\"2 minutos\" \/>\n<script type=\"application\/ld+json\" class=\"yoast-schema-graph\">{\"@context\":\"https:\/\/schema.org\",\"@graph\":[{\"@type\":\"WebPage\",\"@id\":\"https:\/\/insulators50.com\/open-calls\/\",\"url\":\"https:\/\/insulators50.com\/open-calls\/\",\"name\":\"Open Calls - Insulators Local 50 - Columbus Ohio\",\"isPartOf\":{\"@id\":\"https:\/\/insulators50.com\/#website\"},\"primaryImageOfPage\":{\"@id\":\"https:\/\/insulators50.com\/open-calls\/#primaryimage\"},\"image\":{\"@id\":\"https:\/\/insulators50.com\/open-calls\/#primaryimage\"},\"thumbnailUrl\":\"https:\/\/insulators50.com\/wp-content\/uploads\/2023\/06\/cropped-Insulators-Local-50-Logo.png\",\"datePublished\":\"2023-05-25T20:03:17+00:00\",\"dateModified\":\"2023-11-28T20:01:45+00:00\",\"description\":\"Local 50 connects skilled HFIAW members to Central Ohio jobs via our Open Call Board. Union or not, join us to work on exciting projects.\",\"breadcrumb\":{\"@id\":\"https:\/\/insulators50.com\/open-calls\/#breadcrumb\"},\"inLanguage\":\"es\",\"potentialAction\":[{\"@type\":\"ReadAction\",\"target\":[\"https:\/\/insulators50.com\/open-calls\/\"]}]},{\"@type\":\"ImageObject\",\"inLanguage\":\"es\",\"@id\":\"https:\/\/insulators50.com\/open-calls\/#primaryimage\",\"url\":\"https:\/\/insulators50.com\/wp-content\/uploads\/2023\/06\/cropped-Insulators-Local-50-Logo.png\",\"contentUrl\":\"https:\/\/insulators50.com\/wp-content\/uploads\/2023\/06\/cropped-Insulators-Local-50-Logo.png\",\"width\":512,\"height\":512,\"caption\":\"Logo for Insulators Local 50\"},{\"@type\":\"BreadcrumbList\",\"@id\":\"https:\/\/insulators50.com\/open-calls\/#breadcrumb\",\"itemListElement\":[{\"@type\":\"ListItem\",\"position\":1,\"name\":\"Home\",\"item\":\"https:\/\/insulators50.com\/\"},{\"@type\":\"ListItem\",\"position\":2,\"name\":\"Open Calls\"}]},{\"@type\":\"WebSite\",\"@id\":\"https:\/\/insulators50.com\/#website\",\"url\":\"https:\/\/insulators50.com\/\",\"name\":\"Insulators Local 50 - Columbus Ohio\",\"description\":\"Professional Commercial &amp; Industrial Union Insulators of Central Ohio\",\"publisher\":{\"@id\":\"https:\/\/insulators50.com\/#organization\"},\"potentialAction\":[{\"@type\":\"SearchAction\",\"target\":{\"@type\":\"EntryPoint\",\"urlTemplate\":\"https:\/\/insulators50.com\/?s={search_term_string}\"},\"query-input\":{\"@type\":\"PropertyValueSpecification\",\"valueRequired\":true,\"valueName\":\"search_term_string\"}}],\"inLanguage\":\"es\"},{\"@type\":\"Organization\",\"@id\":\"https:\/\/insulators50.com\/#organization\",\"name\":\"Insulators Local 50 - Columbus Ohio\",\"url\":\"https:\/\/insulators50.com\/\",\"logo\":{\"@type\":\"ImageObject\",\"inLanguage\":\"es\",\"@id\":\"https:\/\/insulators50.com\/#\/schema\/logo\/image\/\",\"url\":\"https:\/\/insulators50.com\/wp-content\/uploads\/2023\/06\/Insulators-Local-50-Logo.png\",\"contentUrl\":\"https:\/\/insulators50.com\/wp-content\/uploads\/2023\/06\/Insulators-Local-50-Logo.png\",\"width\":1000,\"height\":933,\"caption\":\"Insulators Local 50 - Columbus Ohio\"},\"image\":{\"@id\":\"https:\/\/insulators50.com\/#\/schema\/logo\/image\/\"},\"sameAs\":[\"https:\/\/www.facebook.com\/InsulatorsLocal50\/\"]}]}<\/script>\n<!-- \/ Yoast SEO plugin. -->","yoast_head_json":{"title":"Open Calls - Insulators Local 50 - Columbus Ohio","description":"Local 50 connects skilled HFIAW members to Central Ohio jobs via our Open Call Board. Union or not, join us to work on exciting projects.","robots":{"index":"index","follow":"follow","max-snippet":"max-snippet:-1","max-image-preview":"max-image-preview:large","max-video-preview":"max-video-preview:-1"},"canonical":"https:\/\/insulators50.com\/es\/open-calls\/","og_locale":"es_MX","og_type":"article","og_title":"Open Calls - Insulators Local 50 - Columbus Ohio","og_description":"Local 50 connects skilled HFIAW members to Central Ohio jobs via our Open Call Board. Union or not, join us to work on exciting projects.","og_url":"https:\/\/insulators50.com\/es\/open-calls\/","og_site_name":"Insulators Local 50 - Columbus Ohio","article_publisher":"https:\/\/www.facebook.com\/InsulatorsLocal50\/","article_modified_time":"2023-11-28T20:01:45+00:00","og_image":[{"width":512,"height":512,"url":"https:\/\/insulators50.com\/wp-content\/uploads\/2023\/06\/cropped-Insulators-Local-50-Logo.png","type":"image\/png"}],"twitter_card":"summary_large_image","twitter_misc":{"Tiempo de lectura":"2 minutos"},"schema":{"@context":"https:\/\/schema.org","@graph":[{"@type":"WebPage","@id":"https:\/\/insulators50.com\/open-calls\/","url":"https:\/\/insulators50.com\/open-calls\/","name":"Open Calls - Insulators Local 50 - Columbus Ohio","isPartOf":{"@id":"https:\/\/insulators50.com\/#website"},"primaryImageOfPage":{"@id":"https:\/\/insulators50.com\/open-calls\/#primaryimage"},"image":{"@id":"https:\/\/insulators50.com\/open-calls\/#primaryimage"},"thumbnailUrl":"https:\/\/insulators50.com\/wp-content\/uploads\/2023\/06\/cropped-Insulators-Local-50-Logo.png","datePublished":"2023-05-25T20:03:17+00:00","dateModified":"2023-11-28T20:01:45+00:00","description":"Local 50 connects skilled HFIAW members to Central Ohio jobs via our Open Call Board. Union or not, join us to work on exciting projects.","breadcrumb":{"@id":"https:\/\/insulators50.com\/open-calls\/#breadcrumb"},"inLanguage":"es","potentialAction":[{"@type":"ReadAction","target":["https:\/\/insulators50.com\/open-calls\/"]}]},{"@type":"ImageObject","inLanguage":"es","@id":"https:\/\/insulators50.com\/open-calls\/#primaryimage","url":"https:\/\/insulators50.com\/wp-content\/uploads\/2023\/06\/cropped-Insulators-Local-50-Logo.png","contentUrl":"https:\/\/insulators50.com\/wp-content\/uploads\/2023\/06\/cropped-Insulators-Local-50-Logo.png","width":512,"height":512,"caption":"Logo for Insulators Local 50"},{"@type":"BreadcrumbList","@id":"https:\/\/insulators50.com\/open-calls\/#breadcrumb","itemListElement":[{"@type":"ListItem","position":1,"name":"Home","item":"https:\/\/insulators50.com\/"},{"@type":"ListItem","position":2,"name":"Open Calls"}]},{"@type":"WebSite","@id":"https:\/\/insulators50.com\/#website","url":"https:\/\/insulators50.com\/","name":"Insulators Local 50 - Columbus Ohio","description":"Professional Commercial &amp; Industrial Union Insulators of Central Ohio","publisher":{"@id":"https:\/\/insulators50.com\/#organization"},"potentialAction":[{"@type":"SearchAction","target":{"@type":"EntryPoint","urlTemplate":"https:\/\/insulators50.com\/?s={search_term_string}"},"query-input":{"@type":"PropertyValueSpecification","valueRequired":true,"valueName":"search_term_string"}}],"inLanguage":"es"},{"@type":"Organization","@id":"https:\/\/insulators50.com\/#organization","name":"Insulators Local 50 - Columbus Ohio","url":"https:\/\/insulators50.com\/","logo":{"@type":"ImageObject","inLanguage":"es","@id":"https:\/\/insulators50.com\/#\/schema\/logo\/image\/","url":"https:\/\/insulators50.com\/wp-content\/uploads\/2023\/06\/Insulators-Local-50-Logo.png","contentUrl":"https:\/\/insulators50.com\/wp-content\/uploads\/2023\/06\/Insulators-Local-50-Logo.png","width":1000,"height":933,"caption":"Insulators Local 50 - Columbus Ohio"},"image":{"@id":"https:\/\/insulators50.com\/#\/schema\/logo\/image\/"},"sameAs":["https:\/\/www.facebook.com\/InsulatorsLocal50\/"]}]}},"_links":{"self":[{"href":"https:\/\/insulators50.com\/es\/wp-json\/wp\/v2\/pages\/649","targetHints":{"allow":["GET"]}}],"collection":[{"href":"https:\/\/insulators50.com\/es\/wp-json\/wp\/v2\/pages"}],"about":[{"href":"https:\/\/insulators50.com\/es\/wp-json\/wp\/v2\/types\/page"}],"author":[{"embeddable":true,"href":"https:\/\/insulators50.com\/es\/wp-json\/wp\/v2\/users\/2"}],"replies":[{"embeddable":true,"href":"https:\/\/insulators50.com\/es\/wp-json\/wp\/v2\/comments?post=649"}],"version-history":[{"count":40,"href":"https:\/\/insulators50.com\/es\/wp-json\/wp\/v2\/pages\/649\/revisions"}],"predecessor-version":[{"id":2748,"href":"https:\/\/insulators50.com\/es\/wp-json\/wp\/v2\/pages\/649\/revisions\/2748"}],"wp:featuredmedia":[{"embeddable":true,"href":"https:\/\/insulators50.com\/es\/wp-json\/wp\/v2\/media\/1174"}],"wp:attachment":[{"href":"https:\/\/insulators50.com\/es\/wp-json\/wp\/v2\/media?parent=649"}],"curies":[{"name":"wp","href":"https:\/\/api.w.org\/{rel}","templated":true}]}}