{"id":638,"date":"2023-05-25T19:39:45","date_gmt":"2023-05-25T19:39:45","guid":{"rendered":"http:\/\/72.52.129.99\/~insulators50\/?page_id=638"},"modified":"2024-01-24T08:57:52","modified_gmt":"2024-01-24T13:57:52","slug":"contractors","status":"publish","type":"page","link":"https:\/\/insulators50.com\/es\/contractors\/","title":{"rendered":"Contratistas"},"content":{"rendered":"<p>[et_pb_section fb_built=\u201d1\u2033 _builder_version=\u201d4.21.0\u2033 _module_preset=\u201dpredeterminado\u201d global_colors_info=\u201d{}\u201d da_is_popup=\u201ddesactivado\u201d da_exit_intent=\u201ddesactivado\u201d da_has_close=\u201dactivado\u201d da_alt_close=\u201ddesactivado\u201d da_dark_close=\u201ddesactivado\u201d da_not_modal=\u201dactivado\u201d da_is_singular=\u201ddesactivado\u201d da_with_loader=\u201ddesactivado\u201d da_has_shadow=\u201dactivado\u201d da_disable_devices=\u201ddesactivado|desactivado\u00bb][et_pb_row _builder_version=\u201d4.21.0\u2033 _module_preset=\u201dpredeterminado\u201d global_colors_info=\u201d{}\u201d][et_pb_column type=\u201d4_4\u2033 _builder_version=\u201d4.21.0\u2033 _module_preset=\u201dpredeterminado\u201d informaci\u00f3n_global_colores=\u201d{}\u201d][et_pb_text _builder_version=\u201d4.21.0\u2033 _module_preset=\u201dpredeterminado\u201d informaci\u00f3n_global_colores=\u201d{}\u201d]<\/p>\n<h2 style=\"text-align: center;\">Contratistas de aisladores Local 50<\/h2>\n<p>&nbsp;<\/p>\n<h3 style=\"text-align: center;\"> Los mejores profesionales de la regi\u00f3n en aislamiento t\u00e9rmico y contra heladas y trabajadores afines, miembros del Local 50 de aislantes, trabajan en virtud de acuerdos con contratistas de aislamiento para convertirse en un grupo de \u00e9lite de contratistas signatarios. Los miembros del Local 50 conforman su fuerza laboral altamente calificada y experta, especializada en aislamiento industrial, comercial, mec\u00e1nico y residencial. <\/h3>\n<p>[\/et_pb_text][\/et_pb_column][\/et_pb_row][et_pb_row estructura_columna=\u201d1_3,1_3,1_3\u2033 _builder_version=\u201d4.21.0\u2033 _module_preset=\u201dpredeterminado\u201d informaci\u00f3n_colores_globales=\u201d{}\u201d][et_pb_column tipo=\u201d1_3\u2033 _builder_version=\u201d4.21.0\u2033 _dynamic_attributes=\u201dlink_option_url\u201d _module_preset=\u201dpredeterminado\u201d relleno_personalizado=\u201d2rem|2rem|2rem|2rem|true|true\u201d URL de opci\u00f3n de enlace=\u201d@ET-DC@eyJkeW5hbWljIjp0cnVlLCJjb250ZW50IjoicG9zdF9saW5rX3VybF9wYWdlIiwic2V0dGluZ3MiOnsicG9zdF9pZCI6IjE1MiJ9fQ==@\u201d radio del borde=\u201den|10px|10px|10px|10px\u201d ancho del borde_todos=\u201d3px\u201d color del borde_todos=\u201d#DDDDDD\u201d informaci\u00f3n global de colores=\u201d{}\u201d elemento principal de CSS personalizado__hover_enabled=\u201den|escritorio\u201d elemento principal de CSS personalizado__hover=\u201d-sombra de caja de Webkit: -1px 4px 7px 1px rgba(0,0,0,0.2);||-moz-box-shadow: -1px 4px 7px 1px rgba(0,0,0,0.2);||box-shadow: -1px 4px 7px 1px rgba(0,0,0,0.2);\u201d][et_pb_blurb t\u00edtulo=\u201dLista de contratistas\u201d icono_uso=\u201dactivado\u201d icono_fuente=\u201d\uf46d||fa||900\u2033 color_icono=\u201d#1c3049\u2033 _builder_version=\u201d4.21.0\u2033 _module_preset=\u201dpredeterminado\u201d alineaci\u00f3n_texto_encabezado=\u201dcentrado\u201d relleno_personalizado=\u201d||||verdadero|verdadero\u201d radio_borde=\u201dactivado|10px|10px|10px|10px\u201d color_border_todo=\u201d#dddddd\u201d Informaci\u00f3n global de colores = &quot;{}&quot;][\/et_pb_blurb][et_pb_button URL del bot\u00f3n = &quot;@ET-DC@eyJkeW5hbWljIjp0cnVlLCJjb250ZW50IjoicG9zdF9saW5rX3VybF9wYWdlIiwic2V0dGluZ3MiOnsicG9zdF9pZCI6IjE1MiJ9fQ==@&quot; Texto del bot\u00f3n = &quot;Ver todo&quot; Alineaci\u00f3n del bot\u00f3n = &quot;Centrar&quot; _Versi\u00f3n del generador = &quot;4.21.0&quot; _Atributos din\u00e1micos = &quot;URL del bot\u00f3n&quot; _Ajuste predefinido del m\u00f3dulo = &quot;Predeterminado&quot; Informaci\u00f3n global de colores = &quot;{}&quot;][\/et_pb_button][\/et_pb_column][Tipo de columna et_pb = &quot;1_3&quot; _builder_version=\u201d4.21.0\u2033 _dynamic_attributes=\u201dlink_option_url\u201d _module_preset=\u201ddefault\u201d custom_padding=\u201d2rem|2rem|2rem|2rem|true|true\u201d link_option_url=\u201d@ET-DC@eyJkeW5hbWljIjp0cnVlLCJjb250ZW50IjoicG9zdF9saW5rX3VybF9wYWdlIiwic2V0dGluZ3MiOnsicG9zdF9pZCI6IjYwOSJ9fQ==@\u201d border_radii=\u201don|10px|10px|10px|10px\u201d border_width_all=\u201d3px\u201d border_color_all=\u201d#DDDDDD\u201d global_colors_info=\u201d{}\u201d custom_css_main_element__hover_enabled=\u201don|desktop\u201d custom_css_main_element__hover=\u201d-webkit-box-shadow: -1px 4px 7px 1px rgba(0,0,0,0.2);||-moz-box-shadow: -1px 4px 7px 1px rgba(0,0,0,0.2);||box-shadow: -1px 4px 7px 1px rgba(0,0,0,0.2);\u201d][et_pb_blurb title=\u201dBeneficios para contratistas\u201d use_icon=\u201don\u201d font_icon=\u201d\uf508||fa||900\u2033 icon_color=\u201d#1c3049\u2033 _builder_version=\u201d4.21.0\u2033 _module_preset=\u201ddefault\u201d header_text_align=\u201dcenter\u201d relleno_personalizado=\u201d||||verdadero|verdadero\u201d radio_del_borde=\u201dactivado|10px|10px|10px|10px\u201d color_del_border_all=\u201d#dddddd\u201d informaci\u00f3n_global_colors=\u201d{}\u201d][\/et_pb_blurb][et_pb_button url_del_bot\u00f3n=\u201d@ET-DC@eyJkeW5hbWljIjp0cnVlLCJjb250ZW50IjoicG9zdF9saW5rX3VybF9wYWdlIiwic2V0dGluZ3MiOnsicG9zdF9pZCI6IjYwOSJ9fQ==@\u201d texto_del_bot\u00f3n=\u201dleer m\u00e1s\u201d alineaci\u00f3n_del_bot\u00f3n=\u201dcentrado\u201d _versi\u00f3n_del_compilador=\u201d4.21.0\u2033 _atributos_din\u00e1micos=\u201durl_del_bot\u00f3n\u201d _ajuste_predeterminado_del_m\u00f3dulo=\u201dpredeterminado\u201d Informaci\u00f3n_de_colores_globales=\u201d{}\u201d][\/et_pb_button][\/et_pb_column][et_pb_column tipo=\u201d1_3\u2033 _versi\u00f3n_del_compilador=\u201d4.21.0\u2033 _atributos_din\u00e1micos=\u201dURL_opci\u00f3n_enlace\u201d _ajuste_predeterminado_del_m\u00f3dulo=\u201dpredeterminado\u201d relleno_personalizado=\u201d2rem|2rem|2rem|2rem|verdadero|verdadero\u201d URL_opci\u00f3n_enlace=\u201d@ET-DC@eyJkeW5hbWljIjp0cnVlLCJjb250ZW50IjoicG9zdF9saW5rX3VybF9wYWdlIiwic2V0dGluZ3MiOnsicG9zdF9pZCI6IjYyNSJ9fQ==@\u201d border_radii=\u201dactivado|10px|10px|10px|10px\u201d border_width_all=\u201d3px\u201d border_color_all=\u201d#DDDDDD\u201d global_colors_info=\u201d{}\u201d custom_css_main_element_last_edited=\u201ddesactivado|escritorio\u201d custom_css_main_element__hover_enabled=\u201dactivado|escritorio\u201d custom_css_main_element__hover=\u201d-webkit-box-shadow: -1px 4px 7px 1px rgba(0,0,0,0.2);||-moz-box-shadow: -1px 4px 7px 1px rgba(0,0,0,0.2);||box-shadow: -1px 4px 7px 1px rgba(0,0,0,0.2);\u201d][et_pb_blurb title=\u201dConvi\u00e9rtete en un Contratista\u201d use_icon=\u201don\u201d font_icon=\u201d\uf807||fa||900\u2033 icon_color=\u201d#1c3049\u2033 _builder_version=\u201d4.21.0\u2033 _module_preset=\u201ddefault\u201d header_text_align=\u201dcenter\u201d custom_padding=\u201d||||true|true\u201d border_radii=\u201don|10px|10px|10px|10px\u201d border_color_all=\u201d#dddddd\u201d global_colors_info=\u201d{}\u201d][\/et_pb_blurb][et_pb_button URL del bot\u00f3n=\u201d@ET-DC@eyJkeW5hbWljIjp0cnVlLCJjb250ZW50IjoicG9zdF9saW5rX3VybF9wYWdlIiwic2V0dGluZ3MiOnsicG9zdF9pZCI6IjYyNSJ9fQ==@\u201d texto del bot\u00f3n=\u201dempezar ahora\u201d alineaci\u00f3n del bot\u00f3n=\u201dcentrar\u201d _versi\u00f3n del constructor=\u201d4.21.0\u2033 _atributos din\u00e1micos=\u201dURL del bot\u00f3n\u201d _ajuste preestablecido del m\u00f3dulo=\u201dpredeterminado\u201d informaci\u00f3n de colores globales=\u201d{}\u201d][\/et_pb_button][\/et_pb_column][\/et_pb_row][\/et_pb_section]<\/p>","protected":false},"excerpt":{"rendered":"<p>Contratistas de Aisladores Local 50. Los mejores profesionales de la regi\u00f3n en aislamientos t\u00e9rmicos y anticongelantes y trabajadores afines, miembros del Local 50 de Aisladores, trabajan bajo convenio con contratistas de aislamiento para convertirse en un grupo selecto de contratistas signatarios. Los miembros del Local 50 conforman su fuerza laboral altamente calificada y experta, especializada en las \u00e1reas industrial, comercial, mec\u00e1nica y residencial [\u2026]<\/p>","protected":false},"author":2,"featured_media":1174,"parent":0,"menu_order":0,"comment_status":"closed","ping_status":"closed","template":"","meta":{"_acf_changed":false,"_et_pb_use_builder":"on","_et_pb_old_content":"","_et_gb_content_width":"","footnotes":""},"class_list":["post-638","page","type-page","status-publish","has-post-thumbnail","hentry"],"acf":[],"ams_acf":[],"yoast_head":"<!-- This site is optimized with the Yoast SEO plugin v24.3 - https:\/\/yoast.com\/wordpress\/plugins\/seo\/ -->\n<title>Contractors - Insulators Local 50 - Columbus Ohio<\/title>\n<meta name=\"description\" content=\"Only the best contractors are signatory with Insulators Local 50. Check out the entire list, benefits and how to become a contractor today.\" \/>\n<meta name=\"robots\" content=\"index, follow, max-snippet:-1, max-image-preview:large, max-video-preview:-1\" \/>\n<link rel=\"canonical\" href=\"https:\/\/insulators50.com\/es\/contractors\/\" \/>\n<meta property=\"og:locale\" content=\"es_MX\" \/>\n<meta property=\"og:type\" content=\"article\" \/>\n<meta property=\"og:title\" content=\"Contractors - Insulators Local 50 - Columbus Ohio\" \/>\n<meta property=\"og:description\" content=\"Only the best contractors are signatory with Insulators Local 50. Check out the entire list, benefits and how to become a contractor today.\" \/>\n<meta property=\"og:url\" content=\"https:\/\/insulators50.com\/es\/contractors\/\" \/>\n<meta property=\"og:site_name\" content=\"Insulators Local 50 - Columbus Ohio\" \/>\n<meta property=\"article:publisher\" content=\"https:\/\/www.facebook.com\/InsulatorsLocal50\/\" \/>\n<meta property=\"article:modified_time\" content=\"2024-01-24T13:57:52+00:00\" \/>\n<meta property=\"og:image\" content=\"https:\/\/insulators50.com\/wp-content\/uploads\/2023\/06\/cropped-Insulators-Local-50-Logo.png\" \/>\n\t<meta property=\"og:image:width\" content=\"512\" \/>\n\t<meta property=\"og:image:height\" content=\"512\" \/>\n\t<meta property=\"og:image:type\" content=\"image\/png\" \/>\n<meta name=\"twitter:card\" content=\"summary_large_image\" \/>\n<meta name=\"twitter:label1\" content=\"Tiempo de lectura\" \/>\n\t<meta name=\"twitter:data1\" content=\"2 minutos\" \/>\n<script type=\"application\/ld+json\" class=\"yoast-schema-graph\">{\"@context\":\"https:\/\/schema.org\",\"@graph\":[{\"@type\":\"WebPage\",\"@id\":\"https:\/\/insulators50.com\/contractors\/\",\"url\":\"https:\/\/insulators50.com\/contractors\/\",\"name\":\"Contractors - Insulators Local 50 - Columbus Ohio\",\"isPartOf\":{\"@id\":\"https:\/\/insulators50.com\/#website\"},\"primaryImageOfPage\":{\"@id\":\"https:\/\/insulators50.com\/contractors\/#primaryimage\"},\"image\":{\"@id\":\"https:\/\/insulators50.com\/contractors\/#primaryimage\"},\"thumbnailUrl\":\"https:\/\/insulators50.com\/wp-content\/uploads\/2023\/06\/cropped-Insulators-Local-50-Logo.png\",\"datePublished\":\"2023-05-25T19:39:45+00:00\",\"dateModified\":\"2024-01-24T13:57:52+00:00\",\"description\":\"Only the best contractors are signatory with Insulators Local 50. Check out the entire list, benefits and how to become a contractor today.\",\"breadcrumb\":{\"@id\":\"https:\/\/insulators50.com\/contractors\/#breadcrumb\"},\"inLanguage\":\"es\",\"potentialAction\":[{\"@type\":\"ReadAction\",\"target\":[\"https:\/\/insulators50.com\/contractors\/\"]}]},{\"@type\":\"ImageObject\",\"inLanguage\":\"es\",\"@id\":\"https:\/\/insulators50.com\/contractors\/#primaryimage\",\"url\":\"https:\/\/insulators50.com\/wp-content\/uploads\/2023\/06\/cropped-Insulators-Local-50-Logo.png\",\"contentUrl\":\"https:\/\/insulators50.com\/wp-content\/uploads\/2023\/06\/cropped-Insulators-Local-50-Logo.png\",\"width\":512,\"height\":512,\"caption\":\"Logo for Insulators Local 50\"},{\"@type\":\"BreadcrumbList\",\"@id\":\"https:\/\/insulators50.com\/contractors\/#breadcrumb\",\"itemListElement\":[{\"@type\":\"ListItem\",\"position\":1,\"name\":\"Home\",\"item\":\"https:\/\/insulators50.com\/\"},{\"@type\":\"ListItem\",\"position\":2,\"name\":\"Contractors\"}]},{\"@type\":\"WebSite\",\"@id\":\"https:\/\/insulators50.com\/#website\",\"url\":\"https:\/\/insulators50.com\/\",\"name\":\"Insulators Local 50 - Columbus Ohio\",\"description\":\"Professional Commercial &amp; Industrial Union Insulators of Central Ohio\",\"publisher\":{\"@id\":\"https:\/\/insulators50.com\/#organization\"},\"potentialAction\":[{\"@type\":\"SearchAction\",\"target\":{\"@type\":\"EntryPoint\",\"urlTemplate\":\"https:\/\/insulators50.com\/?s={search_term_string}\"},\"query-input\":{\"@type\":\"PropertyValueSpecification\",\"valueRequired\":true,\"valueName\":\"search_term_string\"}}],\"inLanguage\":\"es\"},{\"@type\":\"Organization\",\"@id\":\"https:\/\/insulators50.com\/#organization\",\"name\":\"Insulators Local 50 - Columbus Ohio\",\"url\":\"https:\/\/insulators50.com\/\",\"logo\":{\"@type\":\"ImageObject\",\"inLanguage\":\"es\",\"@id\":\"https:\/\/insulators50.com\/#\/schema\/logo\/image\/\",\"url\":\"https:\/\/insulators50.com\/wp-content\/uploads\/2023\/06\/Insulators-Local-50-Logo.png\",\"contentUrl\":\"https:\/\/insulators50.com\/wp-content\/uploads\/2023\/06\/Insulators-Local-50-Logo.png\",\"width\":1000,\"height\":933,\"caption\":\"Insulators Local 50 - Columbus Ohio\"},\"image\":{\"@id\":\"https:\/\/insulators50.com\/#\/schema\/logo\/image\/\"},\"sameAs\":[\"https:\/\/www.facebook.com\/InsulatorsLocal50\/\"]}]}<\/script>\n<!-- \/ Yoast SEO plugin. -->","yoast_head_json":{"title":"Contractors - Insulators Local 50 - Columbus Ohio","description":"Only the best contractors are signatory with Insulators Local 50. Check out the entire list, benefits and how to become a contractor today.","robots":{"index":"index","follow":"follow","max-snippet":"max-snippet:-1","max-image-preview":"max-image-preview:large","max-video-preview":"max-video-preview:-1"},"canonical":"https:\/\/insulators50.com\/es\/contractors\/","og_locale":"es_MX","og_type":"article","og_title":"Contractors - Insulators Local 50 - Columbus Ohio","og_description":"Only the best contractors are signatory with Insulators Local 50. Check out the entire list, benefits and how to become a contractor today.","og_url":"https:\/\/insulators50.com\/es\/contractors\/","og_site_name":"Insulators Local 50 - Columbus Ohio","article_publisher":"https:\/\/www.facebook.com\/InsulatorsLocal50\/","article_modified_time":"2024-01-24T13:57:52+00:00","og_image":[{"width":512,"height":512,"url":"https:\/\/insulators50.com\/wp-content\/uploads\/2023\/06\/cropped-Insulators-Local-50-Logo.png","type":"image\/png"}],"twitter_card":"summary_large_image","twitter_misc":{"Tiempo de lectura":"2 minutos"},"schema":{"@context":"https:\/\/schema.org","@graph":[{"@type":"WebPage","@id":"https:\/\/insulators50.com\/contractors\/","url":"https:\/\/insulators50.com\/contractors\/","name":"Contractors - Insulators Local 50 - Columbus Ohio","isPartOf":{"@id":"https:\/\/insulators50.com\/#website"},"primaryImageOfPage":{"@id":"https:\/\/insulators50.com\/contractors\/#primaryimage"},"image":{"@id":"https:\/\/insulators50.com\/contractors\/#primaryimage"},"thumbnailUrl":"https:\/\/insulators50.com\/wp-content\/uploads\/2023\/06\/cropped-Insulators-Local-50-Logo.png","datePublished":"2023-05-25T19:39:45+00:00","dateModified":"2024-01-24T13:57:52+00:00","description":"Only the best contractors are signatory with Insulators Local 50. Check out the entire list, benefits and how to become a contractor today.","breadcrumb":{"@id":"https:\/\/insulators50.com\/contractors\/#breadcrumb"},"inLanguage":"es","potentialAction":[{"@type":"ReadAction","target":["https:\/\/insulators50.com\/contractors\/"]}]},{"@type":"ImageObject","inLanguage":"es","@id":"https:\/\/insulators50.com\/contractors\/#primaryimage","url":"https:\/\/insulators50.com\/wp-content\/uploads\/2023\/06\/cropped-Insulators-Local-50-Logo.png","contentUrl":"https:\/\/insulators50.com\/wp-content\/uploads\/2023\/06\/cropped-Insulators-Local-50-Logo.png","width":512,"height":512,"caption":"Logo for Insulators Local 50"},{"@type":"BreadcrumbList","@id":"https:\/\/insulators50.com\/contractors\/#breadcrumb","itemListElement":[{"@type":"ListItem","position":1,"name":"Home","item":"https:\/\/insulators50.com\/"},{"@type":"ListItem","position":2,"name":"Contractors"}]},{"@type":"WebSite","@id":"https:\/\/insulators50.com\/#website","url":"https:\/\/insulators50.com\/","name":"Insulators Local 50 - Columbus Ohio","description":"Professional Commercial &amp; Industrial Union Insulators of Central Ohio","publisher":{"@id":"https:\/\/insulators50.com\/#organization"},"potentialAction":[{"@type":"SearchAction","target":{"@type":"EntryPoint","urlTemplate":"https:\/\/insulators50.com\/?s={search_term_string}"},"query-input":{"@type":"PropertyValueSpecification","valueRequired":true,"valueName":"search_term_string"}}],"inLanguage":"es"},{"@type":"Organization","@id":"https:\/\/insulators50.com\/#organization","name":"Insulators Local 50 - Columbus Ohio","url":"https:\/\/insulators50.com\/","logo":{"@type":"ImageObject","inLanguage":"es","@id":"https:\/\/insulators50.com\/#\/schema\/logo\/image\/","url":"https:\/\/insulators50.com\/wp-content\/uploads\/2023\/06\/Insulators-Local-50-Logo.png","contentUrl":"https:\/\/insulators50.com\/wp-content\/uploads\/2023\/06\/Insulators-Local-50-Logo.png","width":1000,"height":933,"caption":"Insulators Local 50 - Columbus Ohio"},"image":{"@id":"https:\/\/insulators50.com\/#\/schema\/logo\/image\/"},"sameAs":["https:\/\/www.facebook.com\/InsulatorsLocal50\/"]}]}},"_links":{"self":[{"href":"https:\/\/insulators50.com\/es\/wp-json\/wp\/v2\/pages\/638","targetHints":{"allow":["GET"]}}],"collection":[{"href":"https:\/\/insulators50.com\/es\/wp-json\/wp\/v2\/pages"}],"about":[{"href":"https:\/\/insulators50.com\/es\/wp-json\/wp\/v2\/types\/page"}],"author":[{"embeddable":true,"href":"https:\/\/insulators50.com\/es\/wp-json\/wp\/v2\/users\/2"}],"replies":[{"embeddable":true,"href":"https:\/\/insulators50.com\/es\/wp-json\/wp\/v2\/comments?post=638"}],"version-history":[{"count":8,"href":"https:\/\/insulators50.com\/es\/wp-json\/wp\/v2\/pages\/638\/revisions"}],"predecessor-version":[{"id":2810,"href":"https:\/\/insulators50.com\/es\/wp-json\/wp\/v2\/pages\/638\/revisions\/2810"}],"wp:featuredmedia":[{"embeddable":true,"href":"https:\/\/insulators50.com\/es\/wp-json\/wp\/v2\/media\/1174"}],"wp:attachment":[{"href":"https:\/\/insulators50.com\/es\/wp-json\/wp\/v2\/media?parent=638"}],"curies":[{"name":"wp","href":"https:\/\/api.w.org\/{rel}","templated":true}]}}