{"id":465,"date":"2023-05-22T17:38:50","date_gmt":"2023-05-22T17:38:50","guid":{"rendered":"http:\/\/72.52.129.99\/~insulators50\/?page_id=465"},"modified":"2024-03-19T12:18:12","modified_gmt":"2024-03-19T16:18:12","slug":"territory","status":"publish","type":"page","link":"https:\/\/insulators50.com\/es\/territory\/","title":{"rendered":"Territorio"},"content":{"rendered":"<p>[et_pb_section fb_built=\u201d1\u2033 _builder_version=\u201d4.21.0\u2033 _module_preset=\u201dpredeterminado\u201d background_color=\u201d#26865d\u201d da_disable_devices=\u201doff|off|off\u201d global_colors_info=\u201d{}\u201d da_is_popup=\u201doff\u201d da_exit_intent=\u201doff\u201d da_has_close=\u201don\u201d da_alt_close=\u201doff\u201d da_dark_close=\u201doff\u201d da_not_modal=\u201don\u201d da_is_singular=\u201doff\u201d da_with_loader=\u201doff\u201d da_has_shadow=\u201don\u201d][et_pb_row column_structure=\u201d1_2,1_2\u2033 make_equal=\u201don\u201d _builder_version=\u201d4.21.0\u2033 _module_preset=\u201dpredeterminado\u201d Informaci\u00f3n global de colores = &quot;{}&quot;][et_pb_column tipo = &quot;1_2&quot; _builder_version = &quot;4.21.0&quot; _module_preset = &quot;predeterminado&quot; Informaci\u00f3n global de colores = &quot;{}&quot;][et_pb_image origen = &quot;https:\/\/insulators50.com\/wp-content\/uploads\/2023\/05\/local-50-map.svg&quot; texto del t\u00edtulo = &quot;mapa local 50&quot; _builder_version = &quot;4.21.0&quot; _module_preset = &quot;predeterminado&quot; Informaci\u00f3n global de colores = &quot;{}&quot;][\/et_pb_image][\/et_pb_column][et_pb_column tipo = &quot;1_2&quot; _builder_version = &quot;4.21.0&quot; _module_preset = &quot;predeterminado&quot; Elemento principal de CSS personalizado = \u00abmargen superior: autom\u00e1tico;\u00bb | | margen inferior: autom\u00e1tico;\u00bb informaci\u00f3n global de colores = \u00ab{}\u00bb] [et_pb_text _builder_version = \u00ab4.23\u00bb _module_preset = \u00abpredeterminado\u00bb color del texto del encabezado 2 = \u00ab#FFFFFF\u00bb informaci\u00f3n global de colores = \u00ab{}\u00bb]<\/p>\n<h2 style=\"text-align: left;\">El \u00e1rea que cubre Insulators Local 50 creci\u00f3 como resultado de una fusi\u00f3n en 2005 entre Local 44 en Columbus y Local 79 en Dayton, nuestra jurisdicci\u00f3n se extiende desde las fronteras este a oeste del estado de Ohio y dos condados en Indiana.<\/h2>\n<p>[\/et_pb_text][\/et_pb_column][\/et_pb_row][\/et_pb_section][et_pb_section fb_built=\u201d1\u2033 _builder_version=\u201d4.21.0\u2033 _module_preset=\u201ddefault\u201d custom_padding=\u201d||0px|||\u201d da_disable_devices=\u201doff|off|off\u201d global_colors_info=\u201d{}\u201d da_is_popup=\u201doff\u201d da_exit_intent=\u201doff\u201d da_has_close=\u201don\u201d da_alt_close=\u201doff\u201d da_dark_close=\u201doff\u201d da_not_modal=\u201don\u201d da_is_singular=\u201doff\u201d da_with_loader=\u201doff\u201d da_has_shadow=\u201don\u201d][et_pb_row _builder_version=\u201d4.21.0\u2033 _module_preset=\u201ddefault\u201d global_colors_info=\u201d{}\u201d][et_pb_column type=\u201d4_4\u2033 _builder_version=\u201d4.21.0\u2033 _module_preset=\u201ddefault\u201d global_colors_info=\u201d{}\u201d][et_pb_text _builder_version=\u201d4.21.0\u2033 _module_preset=\u201ddefault\u201d global_colors_info=\u201d{}\u201d]<\/p>\n<h2 style=\"text-align: center;\">Las dos zonas que se indican a continuaci\u00f3n albergan un centro de capacitaci\u00f3n y un sal\u00f3n sindical actualizados y mantenidos. Estos lugares est\u00e1n ubicados en Columbus y Dayton.<\/h2>\n<p>[\/et_pb_text][\/et_pb_column][\/et_pb_row][\/et_pb_section][et_pb_section fb_built=\u201d1\u2033 specialty=\u201don\u201d _builder_version=\u201d4.21.0\u2033 _module_preset=\u201ddefault\u201d custom_padding=\u201d0px|||||\u201d da_disable_devices=\u201doff|off|off\u201d global_colors_info=\u201d{}\u201d da_is_popup=\u201doff\u201d da_exit_intent=\u201doff\u201d da_has_close=\u201don\u201d da_alt_close=\u201doff\u201d da_dark_close=\u201doff\u201d da_not_modal=\u201don\u201d da_is_singular=\u201doff\u201d da_with_loader=\u201doff\u201d da_has_shadow=\u201don\u201d][et_pb_column type=\u201d1_3\u2033 _builder_version=\u201d4.16\u2033 custom_padding=\u201d|||\u201d global_colors_info=\u201d{}\u201d custom_padding__hover=\u201d|||\u201d][et_pb_text _builder_version=\u201d4.21.0\u2033 _module_preset=\u201ddefault\u201d global_colors_info=\u201d{}\u201d]<\/p>\n<h2 style=\"text-align: center;\">Zona 1<\/h2>\n<h3 style=\"text-align: center;\">Estado de Ohio Condados de:<\/h3>\n<p>[\/et_pb_text][et_pb_text ul_item_indent=\u201d50px\u201d ul_item_indent_tablet=\u201d30px\u201d ul_item_indent_phone=\u201d0px\u201d ul_item_indent_last_edited=\u201don|desktop\u201d module_id=\u201dcustomlist\u201d _builder_version=\u201d4.23\u2033 _module_preset=\u201ddefault\u201d ul_font=\u201d||||||||\u201d ul_text_color=\u201d#1c3049\u2033 ul_line_height=\u201d2em\u201d background_color=\u201d#efefef\u201d custom_padding=\u201d45px|45px|45px|45px|true|true\u201d hover_enabled=\u201d0\u2033 global_colors_info=\u201d{}\u201d sticky_enabled=\u201d0\u2033]<\/p>\n<ul>\n<li>Atenas<\/li>\n<li style=\"font-weight: 400;\" aria-level=\"1\"><span style=\"font-weight: 400;\">Auglaizar<\/span><\/li>\n<li style=\"font-weight: 400;\" aria-level=\"1\"><span style=\"font-weight: 400;\">Clinton<\/span><\/li>\n<li>Crawford<\/li>\n<li>Delaware<\/li>\n<li>Fairfield<\/li>\n<li>Fayette<\/li>\n<li>Franklin<\/li>\n<li>Guernsey<\/li>\n<li>Hardin<\/li>\n<li>Empuje<\/li>\n<li>Knox<\/li>\n<li>Paliza<\/li>\n<li>Madison<\/li>\n<li>Marion<\/li>\n<li>Morgan<\/li>\n<li>D\u00eda siguiente<\/li>\n<li>Musgo almizclero<\/li>\n<li>Noble<\/li>\n<li>Sidra de pera<\/li>\n<li>Recogida<\/li>\n<li>Ross<\/li>\n<li>Uni\u00f3n Vinton<\/li>\n<\/ul>\n<p>[\/et_pb_text][\/et_pb_column][et_pb_column tipo=\u201d2_3\u2033 columnas_especializadas=\u201d2\u2033 _versi\u00f3n_del_constructor=\u201d4.16\u2033 relleno_personalizado=\u201d|||\u201d Informaci\u00f3n global de colores = &quot;{}&quot; Relleno personalizado al pasar el mouse = &quot;|||&quot;] [et_pb_row_inner _builder_version = &quot;4.21.0&quot; _module_preset = &quot;predeterminado&quot; Informaci\u00f3n global de colores = &quot;{}&quot;] [et_pb_column_inner Tipo de columna de especialidad guardada = &quot;2_3&quot; _builder_version = &quot;4.21.0&quot; _module_preset = &quot;predeterminado&quot; Informaci\u00f3n global de colores = &quot;{}&quot;] [et_pb_text _builder_version = &quot;4.21.0&quot; _module_preset = &quot;predeterminado&quot; Activado al pasar el mouse = &quot;0&quot; Informaci\u00f3n global de colores = &quot;{}&quot; Activado fijo = &quot;0&quot;]<\/p>\n<h2 style=\"text-align: center;\">Zona 2<\/h2>\n<h3 style=\"text-align: center;\">Estado de Ohio Condados de:<\/h3>\n<p>[\/et_pb_text][et_pb_text ul_item_indent=\u201d50px\u201d ul_item_indent_tablet=\u201d30px\u201d ul_item_indent_phone=\u201d0px\u201d ul_item_indent_last_edited=\u201don|desktop\u201d module_id=\u201dcustomlist\u201d _builder_version=\u201d4.21.0\u2033 _module_preset=\u201ddefault\u201d ul_font=\u201d||||||||\u201d ul_text_color=\u201d#1c3049\u2033 ul_line_height=\u201d2em\u201d background_color=\u201d#efefef\u201d custom_padding=\u201d45px|45px|45px|45px|true|true\u201d hover_enabled=\u201d0\u2033 global_colors_info=\u201d{}\u201d sticky_enabled=\u201d0\u2033]<\/p>\n<ul>\n<li>Champa\u00f1a<\/li>\n<li>Clark<\/li>\n<li>Oscuro<\/li>\n<li>Verde<\/li>\n<li>Logan<\/li>\n<li>Miami<\/li>\n<li>Montgomery<\/li>\n<li>Preble<\/li>\n<li>Shelby<\/li>\n<\/ul>\n<p>[\/et_pb_text][\/et_pb_column_inner][\/et_pb_row_inner][et_pb_row_inner estructura_columna=\u201d1_2,1_2\u2033 _builder_version=\u201d4.21.0\u2033 _module_preset=\u201dpredeterminado\u201d informaci\u00f3n_global_colors=\u201d{}\u201d][et_pb_column_inner tipo=\u201d1_2\u2033 tipo_columna_especialidad_guardada=\u201d2_3\u2033 _builder_version=\u201d4.21.0\u2033 _module_preset=\u201dpredeterminado\u201d informaci\u00f3n_global_colors=\u201d{}\u201d][et_pb_text _builder_version=\u201d4.21.0\u2033 _module_preset=\u201dpredeterminado\u201d hover_enabled=\u201d0\u2033 informaci\u00f3n_global_colors=\u201d{}\u201d sticky_enabled=\u201d0\u2033]<\/p>\n<h3 style=\"text-align: center;\">Municipios de:<\/h3>\n<p>[\/et_pb_text][et_pb_text ul_item_indent=\u201d50px\u201d ul_item_indent_tablet=\u201d30px\u201d ul_item_indent_phone=\u201d0px\u201d ul_item_indent_last_edited=\u201don|desktop\u201d module_id=\u201dcustomlist\u201d _builder_version=\u201d4.23\u2033 _module_preset=\u201ddefault\u201d ul_font=\u201d||||||||\u201d ul_text_color=\u201d#1c3049\u2033 ul_line_height=\u201d2em\u201d background_color=\u201d#efefef\u201d custom_padding=\u201d45px|45px|45px|45px|true|true\u201d hover_enabled=\u201d0\u2033 global_colors_info=\u201d{}\u201d sticky_enabled=\u201d0\u2033]<\/p>\n<ul>\n<li>Condado de Butler\n<ul>\n<li>Lim\u00f3n<\/li>\n<li>Madison<\/li>\n<\/ul>\n<\/li>\n<li>Condado de Warren\n<ul>\n<li>Arroyo claro<\/li>\n<li>Franklin<\/li>\n<li>Mas\u00eda<\/li>\n<li>Arroyo de la tortuga<\/li>\n<li>Wayne<\/li>\n<\/ul>\n<\/li>\n<\/ul>\n<p>[\/et_pb_text][\/et_pb_column_inner][et_pb_column_inner tipo=\u201d1_2\u2033 tipo_columna_especial_guardada=\u201d2_3\u2033 _builder_version=\u201d4.21.0\u2033 _module_preset=\u201ddefault\u201d informaci\u00f3n_de_colores_globales=\u201d{}\u201d][et_pb_text _builder_version=\u201d4.21.0\u2033 _module_preset=\u201ddefault\u201d informaci\u00f3n_de_colores_globales=\u201d{}\u201d]<\/p>\n<h3 style=\"text-align: center;\">Estado de Indiana Condados de:<\/h3>\n<p>[\/et_pb_text][et_pb_text ul_item_indent=\u201d50px\u201d ul_item_indent_tablet=\u201d30px\u201d ul_item_indent_phone=\u201d0px\u201d ul_item_indent_last_edited=\u201don|desktop\u201d module_id=\u201dcustomlist\u201d _builder_version=\u201d4.21.0\u2033 _module_preset=\u201ddefault\u201d ul_font=\u201d||||||||\u201d ul_text_color=\u201d#1c3049\u2033 ul_line_height=\u201d2em\u201d background_color=\u201d#efefef\u201d custom_padding=\u201d45px|45px|45px|45px|true|true\u201d global_colors_info=\u201d{}\u201d]<\/p>\n<ul>\n<li>Randolph<\/li>\n<li>Wayne<\/li>\n<\/ul>\n<p>[\/et_pb_text][\/et_pb_column_inner][\/et_pb_row_inner][\/et_pb_column][\/et_pb_section]<\/p>","protected":false},"excerpt":{"rendered":"<p>El \u00e1rea que cubre Insulators Local 50 creci\u00f3 como resultado de una fusi\u00f3n en 2005 entre Local 44 en Columbus y Local 79 en Dayton, nuestra jurisdicci\u00f3n se extiende desde las fronteras este a oeste del estado de Ohio y dos condados en Indiana. Ambas zonas indicadas a continuaci\u00f3n albergan un sindicato mantenido y actualizado [\u2026]<\/p>","protected":false},"author":2,"featured_media":1174,"parent":0,"menu_order":0,"comment_status":"closed","ping_status":"closed","template":"","meta":{"_acf_changed":false,"_et_pb_use_builder":"on","_et_pb_old_content":"","_et_gb_content_width":"","footnotes":""},"class_list":["post-465","page","type-page","status-publish","has-post-thumbnail","hentry"],"acf":[],"ams_acf":[],"yoast_head":"<!-- This site is optimized with the Yoast SEO plugin v24.3 - https:\/\/yoast.com\/wordpress\/plugins\/seo\/ -->\n<title>Territory - Insulators Local 50 - Columbus Ohio<\/title>\n<meta name=\"description\" content=\"Insulators Local 50&#039;s jurisdiction extends from the eastern to western borders of the state of Ohio and two counties in Indiana.\" \/>\n<meta name=\"robots\" content=\"index, follow, max-snippet:-1, max-image-preview:large, max-video-preview:-1\" \/>\n<link rel=\"canonical\" href=\"https:\/\/insulators50.com\/es\/territory\/\" \/>\n<meta property=\"og:locale\" content=\"es_MX\" \/>\n<meta property=\"og:type\" content=\"article\" \/>\n<meta property=\"og:title\" content=\"Territory - Insulators Local 50 - Columbus Ohio\" \/>\n<meta property=\"og:description\" content=\"Insulators Local 50&#039;s jurisdiction extends from the eastern to western borders of the state of Ohio and two counties in Indiana.\" \/>\n<meta property=\"og:url\" content=\"https:\/\/insulators50.com\/es\/territory\/\" \/>\n<meta property=\"og:site_name\" content=\"Insulators Local 50 - Columbus Ohio\" \/>\n<meta property=\"article:publisher\" content=\"https:\/\/www.facebook.com\/InsulatorsLocal50\/\" \/>\n<meta property=\"article:modified_time\" content=\"2024-03-19T16:18:12+00:00\" \/>\n<meta property=\"og:image\" content=\"https:\/\/insulators50.com\/wp-content\/uploads\/2023\/06\/cropped-Insulators-Local-50-Logo.png\" \/>\n\t<meta property=\"og:image:width\" content=\"512\" \/>\n\t<meta property=\"og:image:height\" content=\"512\" \/>\n\t<meta property=\"og:image:type\" content=\"image\/png\" \/>\n<meta name=\"twitter:card\" content=\"summary_large_image\" \/>\n<meta name=\"twitter:label1\" content=\"Tiempo de lectura\" \/>\n\t<meta name=\"twitter:data1\" content=\"2 minutos\" \/>\n<script type=\"application\/ld+json\" class=\"yoast-schema-graph\">{\"@context\":\"https:\/\/schema.org\",\"@graph\":[{\"@type\":\"WebPage\",\"@id\":\"https:\/\/insulators50.com\/territory\/\",\"url\":\"https:\/\/insulators50.com\/territory\/\",\"name\":\"Territory - Insulators Local 50 - Columbus Ohio\",\"isPartOf\":{\"@id\":\"https:\/\/insulators50.com\/#website\"},\"primaryImageOfPage\":{\"@id\":\"https:\/\/insulators50.com\/territory\/#primaryimage\"},\"image\":{\"@id\":\"https:\/\/insulators50.com\/territory\/#primaryimage\"},\"thumbnailUrl\":\"https:\/\/insulators50.com\/wp-content\/uploads\/2023\/06\/cropped-Insulators-Local-50-Logo.png\",\"datePublished\":\"2023-05-22T17:38:50+00:00\",\"dateModified\":\"2024-03-19T16:18:12+00:00\",\"description\":\"Insulators Local 50's jurisdiction extends from the eastern to western borders of the state of Ohio and two counties in Indiana.\",\"breadcrumb\":{\"@id\":\"https:\/\/insulators50.com\/territory\/#breadcrumb\"},\"inLanguage\":\"es\",\"potentialAction\":[{\"@type\":\"ReadAction\",\"target\":[\"https:\/\/insulators50.com\/territory\/\"]}]},{\"@type\":\"ImageObject\",\"inLanguage\":\"es\",\"@id\":\"https:\/\/insulators50.com\/territory\/#primaryimage\",\"url\":\"https:\/\/insulators50.com\/wp-content\/uploads\/2023\/06\/cropped-Insulators-Local-50-Logo.png\",\"contentUrl\":\"https:\/\/insulators50.com\/wp-content\/uploads\/2023\/06\/cropped-Insulators-Local-50-Logo.png\",\"width\":512,\"height\":512,\"caption\":\"Logo for Insulators Local 50\"},{\"@type\":\"BreadcrumbList\",\"@id\":\"https:\/\/insulators50.com\/territory\/#breadcrumb\",\"itemListElement\":[{\"@type\":\"ListItem\",\"position\":1,\"name\":\"Home\",\"item\":\"https:\/\/insulators50.com\/\"},{\"@type\":\"ListItem\",\"position\":2,\"name\":\"Territory\"}]},{\"@type\":\"WebSite\",\"@id\":\"https:\/\/insulators50.com\/#website\",\"url\":\"https:\/\/insulators50.com\/\",\"name\":\"Insulators Local 50 - Columbus Ohio\",\"description\":\"Professional Commercial &amp; Industrial Union Insulators of Central Ohio\",\"publisher\":{\"@id\":\"https:\/\/insulators50.com\/#organization\"},\"potentialAction\":[{\"@type\":\"SearchAction\",\"target\":{\"@type\":\"EntryPoint\",\"urlTemplate\":\"https:\/\/insulators50.com\/?s={search_term_string}\"},\"query-input\":{\"@type\":\"PropertyValueSpecification\",\"valueRequired\":true,\"valueName\":\"search_term_string\"}}],\"inLanguage\":\"es\"},{\"@type\":\"Organization\",\"@id\":\"https:\/\/insulators50.com\/#organization\",\"name\":\"Insulators Local 50 - Columbus Ohio\",\"url\":\"https:\/\/insulators50.com\/\",\"logo\":{\"@type\":\"ImageObject\",\"inLanguage\":\"es\",\"@id\":\"https:\/\/insulators50.com\/#\/schema\/logo\/image\/\",\"url\":\"https:\/\/insulators50.com\/wp-content\/uploads\/2023\/06\/Insulators-Local-50-Logo.png\",\"contentUrl\":\"https:\/\/insulators50.com\/wp-content\/uploads\/2023\/06\/Insulators-Local-50-Logo.png\",\"width\":1000,\"height\":933,\"caption\":\"Insulators Local 50 - Columbus Ohio\"},\"image\":{\"@id\":\"https:\/\/insulators50.com\/#\/schema\/logo\/image\/\"},\"sameAs\":[\"https:\/\/www.facebook.com\/InsulatorsLocal50\/\"]}]}<\/script>\n<!-- \/ Yoast SEO plugin. -->","yoast_head_json":{"title":"Territory - Insulators Local 50 - Columbus Ohio","description":"Insulators Local 50's jurisdiction extends from the eastern to western borders of the state of Ohio and two counties in Indiana.","robots":{"index":"index","follow":"follow","max-snippet":"max-snippet:-1","max-image-preview":"max-image-preview:large","max-video-preview":"max-video-preview:-1"},"canonical":"https:\/\/insulators50.com\/es\/territory\/","og_locale":"es_MX","og_type":"article","og_title":"Territory - Insulators Local 50 - Columbus Ohio","og_description":"Insulators Local 50's jurisdiction extends from the eastern to western borders of the state of Ohio and two counties in Indiana.","og_url":"https:\/\/insulators50.com\/es\/territory\/","og_site_name":"Insulators Local 50 - Columbus Ohio","article_publisher":"https:\/\/www.facebook.com\/InsulatorsLocal50\/","article_modified_time":"2024-03-19T16:18:12+00:00","og_image":[{"width":512,"height":512,"url":"https:\/\/insulators50.com\/wp-content\/uploads\/2023\/06\/cropped-Insulators-Local-50-Logo.png","type":"image\/png"}],"twitter_card":"summary_large_image","twitter_misc":{"Tiempo de lectura":"2 minutos"},"schema":{"@context":"https:\/\/schema.org","@graph":[{"@type":"WebPage","@id":"https:\/\/insulators50.com\/territory\/","url":"https:\/\/insulators50.com\/territory\/","name":"Territory - Insulators Local 50 - Columbus Ohio","isPartOf":{"@id":"https:\/\/insulators50.com\/#website"},"primaryImageOfPage":{"@id":"https:\/\/insulators50.com\/territory\/#primaryimage"},"image":{"@id":"https:\/\/insulators50.com\/territory\/#primaryimage"},"thumbnailUrl":"https:\/\/insulators50.com\/wp-content\/uploads\/2023\/06\/cropped-Insulators-Local-50-Logo.png","datePublished":"2023-05-22T17:38:50+00:00","dateModified":"2024-03-19T16:18:12+00:00","description":"Insulators Local 50's jurisdiction extends from the eastern to western borders of the state of Ohio and two counties in Indiana.","breadcrumb":{"@id":"https:\/\/insulators50.com\/territory\/#breadcrumb"},"inLanguage":"es","potentialAction":[{"@type":"ReadAction","target":["https:\/\/insulators50.com\/territory\/"]}]},{"@type":"ImageObject","inLanguage":"es","@id":"https:\/\/insulators50.com\/territory\/#primaryimage","url":"https:\/\/insulators50.com\/wp-content\/uploads\/2023\/06\/cropped-Insulators-Local-50-Logo.png","contentUrl":"https:\/\/insulators50.com\/wp-content\/uploads\/2023\/06\/cropped-Insulators-Local-50-Logo.png","width":512,"height":512,"caption":"Logo for Insulators Local 50"},{"@type":"BreadcrumbList","@id":"https:\/\/insulators50.com\/territory\/#breadcrumb","itemListElement":[{"@type":"ListItem","position":1,"name":"Home","item":"https:\/\/insulators50.com\/"},{"@type":"ListItem","position":2,"name":"Territory"}]},{"@type":"WebSite","@id":"https:\/\/insulators50.com\/#website","url":"https:\/\/insulators50.com\/","name":"Insulators Local 50 - Columbus Ohio","description":"Professional Commercial &amp; Industrial Union Insulators of Central Ohio","publisher":{"@id":"https:\/\/insulators50.com\/#organization"},"potentialAction":[{"@type":"SearchAction","target":{"@type":"EntryPoint","urlTemplate":"https:\/\/insulators50.com\/?s={search_term_string}"},"query-input":{"@type":"PropertyValueSpecification","valueRequired":true,"valueName":"search_term_string"}}],"inLanguage":"es"},{"@type":"Organization","@id":"https:\/\/insulators50.com\/#organization","name":"Insulators Local 50 - Columbus Ohio","url":"https:\/\/insulators50.com\/","logo":{"@type":"ImageObject","inLanguage":"es","@id":"https:\/\/insulators50.com\/#\/schema\/logo\/image\/","url":"https:\/\/insulators50.com\/wp-content\/uploads\/2023\/06\/Insulators-Local-50-Logo.png","contentUrl":"https:\/\/insulators50.com\/wp-content\/uploads\/2023\/06\/Insulators-Local-50-Logo.png","width":1000,"height":933,"caption":"Insulators Local 50 - Columbus Ohio"},"image":{"@id":"https:\/\/insulators50.com\/#\/schema\/logo\/image\/"},"sameAs":["https:\/\/www.facebook.com\/InsulatorsLocal50\/"]}]}},"_links":{"self":[{"href":"https:\/\/insulators50.com\/es\/wp-json\/wp\/v2\/pages\/465","targetHints":{"allow":["GET"]}}],"collection":[{"href":"https:\/\/insulators50.com\/es\/wp-json\/wp\/v2\/pages"}],"about":[{"href":"https:\/\/insulators50.com\/es\/wp-json\/wp\/v2\/types\/page"}],"author":[{"embeddable":true,"href":"https:\/\/insulators50.com\/es\/wp-json\/wp\/v2\/users\/2"}],"replies":[{"embeddable":true,"href":"https:\/\/insulators50.com\/es\/wp-json\/wp\/v2\/comments?post=465"}],"version-history":[{"count":14,"href":"https:\/\/insulators50.com\/es\/wp-json\/wp\/v2\/pages\/465\/revisions"}],"predecessor-version":[{"id":2948,"href":"https:\/\/insulators50.com\/es\/wp-json\/wp\/v2\/pages\/465\/revisions\/2948"}],"wp:featuredmedia":[{"embeddable":true,"href":"https:\/\/insulators50.com\/es\/wp-json\/wp\/v2\/media\/1174"}],"wp:attachment":[{"href":"https:\/\/insulators50.com\/es\/wp-json\/wp\/v2\/media?parent=465"}],"curies":[{"name":"wp","href":"https:\/\/api.w.org\/{rel}","templated":true}]}}