{"id":3172,"date":"2024-05-13T15:31:18","date_gmt":"2024-05-13T19:31:18","guid":{"rendered":"https:\/\/insulators50.com\/?page_id=3172"},"modified":"2024-05-13T15:35:45","modified_gmt":"2024-05-13T19:35:45","slug":"privacy-policy-app","status":"publish","type":"page","link":"https:\/\/insulators50.com\/es\/privacy-policy-app\/","title":{"rendered":"pol\u00edtica de privacidad"},"content":{"rendered":"<p>[et_pb_section fb_built=\u201d1\u2033 admin_label=\u201dsecci\u00f3n\u201d _builder_version=\u201d4.16\u2033 da_disable_devices=\u201doff|off|off\u201d global_colors_info=\u201d{}\u201d da_is_popup=\u201doff\u201d da_exit_intent=\u201doff\u201d da_has_close=\u201don\u201d da_alt_close=\u201doff\u201d da_dark_close=\u201doff\u201d da_not_modal=\u201don\u201d da_is_singular=\u201doff\u201d da_with_loader=\u201doff\u201d da_has_shadow=\u201don\u201d][et_pb_row admin_label=\u201drow\u201d _builder_version=\u201d4.16\u2033 background_size=\u201dinitial\u201d background_position=\u201dtop_left\u201d background_repeat=\u201drepeat\u201d global_colors_info=\u201d{}\u201d][et_pb_column type=\u201d4_4\u2033 _builder_version=\u201d4.16\u2033 custom_padding=\u201d|||\u201d global_colors_info=\u201d{}\u201d custom_padding__hover=\u201d|||\u201d][et_pb_text _builder_version=\u201d4.23\u2033 _module_preset=\u201ddefault\u201d hover_enabled=\u201d0\u2033 global_colors_info=\u201d{}\u201d sticky_enabled=\u201d0\u2033]<\/p>\n<h3><strong>Pol\u00edtica de privacidad de la aplicaci\u00f3n Insulators Local 50<\/strong><\/h3>\n<p>En Insulators Local 50, nos dedicamos a garantizar la privacidad y seguridad de la informaci\u00f3n de nuestros miembros. Esta Pol\u00edtica de privacidad describe c\u00f3mo manejamos los datos cuando utiliza la aplicaci\u00f3n Insulators Local 50.<\/p>\n<p>&nbsp;<\/p>\n<h3><strong>Informaci\u00f3n que recopilamos:<\/strong><\/h3>\n<ul>\n<li><strong>Informaci\u00f3n de uso:<\/strong> Podemos recopilar datos sobre c\u00f3mo interact\u00faa con la aplicaci\u00f3n, como informaci\u00f3n del dispositivo, direcci\u00f3n IP y actividad de navegaci\u00f3n.<\/li>\n<\/ul>\n<p>&nbsp;<\/p>\n<h3><strong>C\u00f3mo utilizamos su informaci\u00f3n:<\/strong><\/h3>\n<ul>\n<li><strong>Para proporcionar servicios:<\/strong> Los datos que recopilamos nos ayudan a brindar acceso a las funciones y servicios ofrecidos a trav\u00e9s de la aplicaci\u00f3n Insulators Local 50.<\/li>\n<li><strong>Para comunicarse:<\/strong> Podemos utilizar su informaci\u00f3n para enviar actualizaciones importantes, anuncios y notificaciones relacionadas con su membres\u00eda y actividades sindicales.<\/li>\n<li><strong>Para mejorar nuestros servicios:<\/strong> El an\u00e1lisis de los datos de uso nos permite mejorar la funcionalidad y la experiencia del usuario de la aplicaci\u00f3n Insulators Local 50.<\/li>\n<\/ul>\n<p>&nbsp;<\/p>\n<h3><strong>Divulgaci\u00f3n de informaci\u00f3n:<\/strong><\/h3>\n<ul>\n<li><strong>Proveedores de servicios:<\/strong> Podemos compartir datos con proveedores de servicios confiables que nos ayudan a operar la aplicaci\u00f3n Insulators Local 50 y brindarle servicios.<\/li>\n<li><strong>Cumplimiento legal:<\/strong> Sus datos podr\u00e1n ser divulgados cuando lo requiera la ley o en respuesta a solicitudes legales v\u00e1lidas, como citaciones u \u00f3rdenes judiciales.<\/li>\n<li><strong>Seguridad de datos: <\/strong>Tomamos medidas razonables para proteger la seguridad de su informaci\u00f3n y evitar el acceso, la divulgaci\u00f3n, la alteraci\u00f3n o la destrucci\u00f3n no autorizados. Sin embargo, ning\u00fan m\u00e9todo de transmisi\u00f3n por Internet o de almacenamiento electr\u00f3nico es completamente seguro y no podemos garantizar una seguridad absoluta.<\/li>\n<\/ul>\n<p>&nbsp;<\/p>\n<p><strong>Cambios a esta pol\u00edtica:<\/strong><\/p>\n<p>Podemos actualizar esta Pol\u00edtica de privacidad para reflejar cambios en nuestras pr\u00e1cticas o leyes aplicables. Revise esta Pol\u00edtica peri\u00f3dicamente para conocer las actualizaciones.<\/p>\n<p><strong>Cont\u00e1ctenos:<\/strong><\/p>\n<p>Si tiene preguntas o inquietudes sobre nuestra Pol\u00edtica de Privacidad o el manejo de sus datos, cont\u00e1ctenos a [correo electr\u00f3nico o direcci\u00f3n de contacto].<\/p>\n<p>Al utilizar la aplicaci\u00f3n Insulators Local 50, usted acepta la recopilaci\u00f3n, el uso y la divulgaci\u00f3n de su informaci\u00f3n como se describe en esta Pol\u00edtica de privacidad.<\/p>\n<p>[\/et_pb_text][\/et_pb_column][\/et_pb_row][\/et_pb_section]<\/p>","protected":false},"excerpt":{"rendered":"<p>Pol\u00edtica de Privacidad de la App de Insulators Local 50. En Insulators Local 50, nos comprometemos a garantizar la privacidad y seguridad de la informaci\u00f3n de nuestros miembros. Esta Pol\u00edtica de Privacidad describe c\u00f3mo gestionamos los datos cuando usted utiliza la App de Insulators Local 50. Informaci\u00f3n que Recopilamos: Informaci\u00f3n de Uso: Podemos recopilar datos sobre c\u00f3mo interact\u00faa con [\u2026]<\/p>","protected":false},"author":2,"featured_media":0,"parent":0,"menu_order":0,"comment_status":"closed","ping_status":"closed","template":"","meta":{"_acf_changed":false,"_et_pb_use_builder":"on","_et_pb_old_content":"","_et_gb_content_width":"","footnotes":""},"class_list":["post-3172","page","type-page","status-publish","hentry"],"acf":[],"ams_acf":[],"yoast_head":"<!-- This site is optimized with the Yoast SEO plugin v24.3 - https:\/\/yoast.com\/wordpress\/plugins\/seo\/ -->\n<title>Privacy Policy - Insulators Local 50 - Columbus Ohio<\/title>\n<meta name=\"robots\" content=\"index, follow, max-snippet:-1, max-image-preview:large, max-video-preview:-1\" \/>\n<link rel=\"canonical\" href=\"https:\/\/insulators50.com\/es\/privacy-policy-app\/\" \/>\n<meta property=\"og:locale\" content=\"es_MX\" \/>\n<meta property=\"og:type\" content=\"article\" \/>\n<meta property=\"og:title\" content=\"Privacy Policy - Insulators Local 50 - Columbus Ohio\" \/>\n<meta property=\"og:description\" content=\"Privacy Policy for Insulators Local 50 App At Insulators Local 50, we are dedicated to ensuring the privacy and security of our members&#039; information. This Privacy Policy outlines how we handle data when you use the Insulators Local 50 App. &nbsp; Information We Collect: Usage Information: We may collect data on how you interact with [&hellip;]\" \/>\n<meta property=\"og:url\" content=\"https:\/\/insulators50.com\/es\/privacy-policy-app\/\" \/>\n<meta property=\"og:site_name\" content=\"Insulators Local 50 - Columbus Ohio\" \/>\n<meta property=\"article:publisher\" content=\"https:\/\/www.facebook.com\/InsulatorsLocal50\/\" \/>\n<meta property=\"article:modified_time\" content=\"2024-05-13T19:35:45+00:00\" \/>\n<meta name=\"twitter:card\" content=\"summary_large_image\" \/>\n<meta name=\"twitter:label1\" content=\"Tiempo de lectura\" \/>\n\t<meta name=\"twitter:data1\" content=\"2 minutos\" \/>\n<script type=\"application\/ld+json\" class=\"yoast-schema-graph\">{\"@context\":\"https:\/\/schema.org\",\"@graph\":[{\"@type\":\"WebPage\",\"@id\":\"https:\/\/insulators50.com\/privacy-policy-app\/\",\"url\":\"https:\/\/insulators50.com\/privacy-policy-app\/\",\"name\":\"Privacy Policy - Insulators Local 50 - Columbus Ohio\",\"isPartOf\":{\"@id\":\"https:\/\/insulators50.com\/#website\"},\"datePublished\":\"2024-05-13T19:31:18+00:00\",\"dateModified\":\"2024-05-13T19:35:45+00:00\",\"breadcrumb\":{\"@id\":\"https:\/\/insulators50.com\/privacy-policy-app\/#breadcrumb\"},\"inLanguage\":\"es\",\"potentialAction\":[{\"@type\":\"ReadAction\",\"target\":[\"https:\/\/insulators50.com\/privacy-policy-app\/\"]}]},{\"@type\":\"BreadcrumbList\",\"@id\":\"https:\/\/insulators50.com\/privacy-policy-app\/#breadcrumb\",\"itemListElement\":[{\"@type\":\"ListItem\",\"position\":1,\"name\":\"Home\",\"item\":\"https:\/\/insulators50.com\/\"},{\"@type\":\"ListItem\",\"position\":2,\"name\":\"Privacy Policy\"}]},{\"@type\":\"WebSite\",\"@id\":\"https:\/\/insulators50.com\/#website\",\"url\":\"https:\/\/insulators50.com\/\",\"name\":\"Insulators Local 50 - Columbus Ohio\",\"description\":\"Professional Commercial &amp; Industrial Union Insulators of Central Ohio\",\"publisher\":{\"@id\":\"https:\/\/insulators50.com\/#organization\"},\"potentialAction\":[{\"@type\":\"SearchAction\",\"target\":{\"@type\":\"EntryPoint\",\"urlTemplate\":\"https:\/\/insulators50.com\/?s={search_term_string}\"},\"query-input\":{\"@type\":\"PropertyValueSpecification\",\"valueRequired\":true,\"valueName\":\"search_term_string\"}}],\"inLanguage\":\"es\"},{\"@type\":\"Organization\",\"@id\":\"https:\/\/insulators50.com\/#organization\",\"name\":\"Insulators Local 50 - Columbus Ohio\",\"url\":\"https:\/\/insulators50.com\/\",\"logo\":{\"@type\":\"ImageObject\",\"inLanguage\":\"es\",\"@id\":\"https:\/\/insulators50.com\/#\/schema\/logo\/image\/\",\"url\":\"https:\/\/insulators50.com\/wp-content\/uploads\/2023\/06\/Insulators-Local-50-Logo.png\",\"contentUrl\":\"https:\/\/insulators50.com\/wp-content\/uploads\/2023\/06\/Insulators-Local-50-Logo.png\",\"width\":1000,\"height\":933,\"caption\":\"Insulators Local 50 - Columbus Ohio\"},\"image\":{\"@id\":\"https:\/\/insulators50.com\/#\/schema\/logo\/image\/\"},\"sameAs\":[\"https:\/\/www.facebook.com\/InsulatorsLocal50\/\"]}]}<\/script>\n<!-- \/ Yoast SEO plugin. -->","yoast_head_json":{"title":"Privacy Policy - Insulators Local 50 - Columbus Ohio","robots":{"index":"index","follow":"follow","max-snippet":"max-snippet:-1","max-image-preview":"max-image-preview:large","max-video-preview":"max-video-preview:-1"},"canonical":"https:\/\/insulators50.com\/es\/privacy-policy-app\/","og_locale":"es_MX","og_type":"article","og_title":"Privacy Policy - Insulators Local 50 - Columbus Ohio","og_description":"Privacy Policy for Insulators Local 50 App At Insulators Local 50, we are dedicated to ensuring the privacy and security of our members' information. This Privacy Policy outlines how we handle data when you use the Insulators Local 50 App. &nbsp; Information We Collect: Usage Information: We may collect data on how you interact with [&hellip;]","og_url":"https:\/\/insulators50.com\/es\/privacy-policy-app\/","og_site_name":"Insulators Local 50 - Columbus Ohio","article_publisher":"https:\/\/www.facebook.com\/InsulatorsLocal50\/","article_modified_time":"2024-05-13T19:35:45+00:00","twitter_card":"summary_large_image","twitter_misc":{"Tiempo de lectura":"2 minutos"},"schema":{"@context":"https:\/\/schema.org","@graph":[{"@type":"WebPage","@id":"https:\/\/insulators50.com\/privacy-policy-app\/","url":"https:\/\/insulators50.com\/privacy-policy-app\/","name":"Privacy Policy - Insulators Local 50 - Columbus Ohio","isPartOf":{"@id":"https:\/\/insulators50.com\/#website"},"datePublished":"2024-05-13T19:31:18+00:00","dateModified":"2024-05-13T19:35:45+00:00","breadcrumb":{"@id":"https:\/\/insulators50.com\/privacy-policy-app\/#breadcrumb"},"inLanguage":"es","potentialAction":[{"@type":"ReadAction","target":["https:\/\/insulators50.com\/privacy-policy-app\/"]}]},{"@type":"BreadcrumbList","@id":"https:\/\/insulators50.com\/privacy-policy-app\/#breadcrumb","itemListElement":[{"@type":"ListItem","position":1,"name":"Home","item":"https:\/\/insulators50.com\/"},{"@type":"ListItem","position":2,"name":"Privacy Policy"}]},{"@type":"WebSite","@id":"https:\/\/insulators50.com\/#website","url":"https:\/\/insulators50.com\/","name":"Insulators Local 50 - Columbus Ohio","description":"Professional Commercial &amp; Industrial Union Insulators of Central Ohio","publisher":{"@id":"https:\/\/insulators50.com\/#organization"},"potentialAction":[{"@type":"SearchAction","target":{"@type":"EntryPoint","urlTemplate":"https:\/\/insulators50.com\/?s={search_term_string}"},"query-input":{"@type":"PropertyValueSpecification","valueRequired":true,"valueName":"search_term_string"}}],"inLanguage":"es"},{"@type":"Organization","@id":"https:\/\/insulators50.com\/#organization","name":"Insulators Local 50 - Columbus Ohio","url":"https:\/\/insulators50.com\/","logo":{"@type":"ImageObject","inLanguage":"es","@id":"https:\/\/insulators50.com\/#\/schema\/logo\/image\/","url":"https:\/\/insulators50.com\/wp-content\/uploads\/2023\/06\/Insulators-Local-50-Logo.png","contentUrl":"https:\/\/insulators50.com\/wp-content\/uploads\/2023\/06\/Insulators-Local-50-Logo.png","width":1000,"height":933,"caption":"Insulators Local 50 - Columbus Ohio"},"image":{"@id":"https:\/\/insulators50.com\/#\/schema\/logo\/image\/"},"sameAs":["https:\/\/www.facebook.com\/InsulatorsLocal50\/"]}]}},"_links":{"self":[{"href":"https:\/\/insulators50.com\/es\/wp-json\/wp\/v2\/pages\/3172","targetHints":{"allow":["GET"]}}],"collection":[{"href":"https:\/\/insulators50.com\/es\/wp-json\/wp\/v2\/pages"}],"about":[{"href":"https:\/\/insulators50.com\/es\/wp-json\/wp\/v2\/types\/page"}],"author":[{"embeddable":true,"href":"https:\/\/insulators50.com\/es\/wp-json\/wp\/v2\/users\/2"}],"replies":[{"embeddable":true,"href":"https:\/\/insulators50.com\/es\/wp-json\/wp\/v2\/comments?post=3172"}],"version-history":[{"count":5,"href":"https:\/\/insulators50.com\/es\/wp-json\/wp\/v2\/pages\/3172\/revisions"}],"predecessor-version":[{"id":3179,"href":"https:\/\/insulators50.com\/es\/wp-json\/wp\/v2\/pages\/3172\/revisions\/3179"}],"wp:attachment":[{"href":"https:\/\/insulators50.com\/es\/wp-json\/wp\/v2\/media?parent=3172"}],"curies":[{"name":"wp","href":"https:\/\/api.w.org\/{rel}","templated":true}]}}