{"id":2617,"date":"2023-11-08T12:39:56","date_gmt":"2023-11-08T17:39:56","guid":{"rendered":"https:\/\/insulators50.com\/?page_id=2617"},"modified":"2024-01-24T11:15:51","modified_gmt":"2024-01-24T16:15:51","slug":"thank-you-contractor-handout","status":"publish","type":"page","link":"https:\/\/insulators50.com\/es\/thank-you-contractor-handout\/","title":{"rendered":"Gracias \u2013 Folleto para el contratista"},"content":{"rendered":"<p>[et_pb_section fb_built=&#8221;1&#8243; _builder_version=&#8221;4.21.0&#8243; _module_preset=&#8221;default&#8221; custom_padding=&#8221;142px||210px|||&#8221; global_colors_info=&#8221;{}&#8221; da_is_popup=&#8221;off&#8221; da_exit_intent=&#8221;off&#8221; da_has_close=&#8221;on&#8221; da_alt_close=&#8221;off&#8221; da_dark_close=&#8221;off&#8221; da_not_modal=&#8221;on&#8221; da_is_singular=&#8221;off&#8221; da_with_loader=&#8221;off&#8221; da_has_shadow=&#8221;on&#8221; da_disable_devices=&#8221;off|off|off&#8221;][et_pb_row _builder_version=&#8221;4.21.0&#8243; _module_preset=&#8221;default&#8221; custom_padding=&#8221;||9px|||&#8221; global_colors_info=&#8221;{}&#8221;][et_pb_column type=&#8221;4_4&#8243; _builder_version=&#8221;4.21.0&#8243; _module_preset=&#8221;default&#8221; global_colors_info=&#8221;{}&#8221;][et_pb_text _builder_version=&#8221;4.21.0&#8243; _module_preset=&#8221;default&#8221; text_font=&#8221;Albert Sans|300|||||||&#8221; text_text_color=&#8221;#636363&#8243; text_font_size=&#8221;16px&#8221; text_line_height=&#8221;1.8em&#8221; header_font=&#8221;Albert Sans|800|||||||&#8221; header_text_color=&#8221;#0F7A0D&#8221; header_font_size=&#8221;35px&#8221; header_line_height=&#8221;1.1em&#8221; header_3_font=&#8221;Albert Sans||||||||&#8221; header_3_line_height=&#8221;1.3em&#8221; text_orientation=&#8221;center&#8221; module_alignment=&#8221;center&#8221; custom_margin=&#8221;||-2px|||&#8221; custom_padding=&#8221;||25px|||&#8221; global_colors_info=&#8221;{%22gcid-25579835-21a0-41ca-98ce-b25ba443575e%22:%91%22header_text_color%22%93}&#8221;]<\/p>\n<h1>Su informaci\u00f3n ha sido enviada.<br \/>\nGracias por su inter\u00e9s en Insulators Local 50.<br \/>\nAlguien del Local 50 se comunicar\u00e1 con usted en los pr\u00f3ximos d\u00edas.<\/h1>\n<p>[\/et_pb_text][et_pb_divider color=&#8221;#0F7A0D&#8221; _builder_version=&#8221;4.21.0&#8243; _module_preset=&#8221;default&#8221; custom_margin=&#8221;||-3px|||&#8221; locked=&#8221;off&#8221; global_colors_info=&#8221;{}&#8221;][\/et_pb_divider][et_pb_text module_id=&#8221;apply&#8221; _builder_version=&#8221;4.21.0&#8243; _module_preset=&#8221;default&#8221; text_font=&#8221;Albert Sans||||||||&#8221; text_text_color=&#8221;#636363&#8243; text_font_size=&#8221;16px&#8221; text_line_height=&#8221;1.8em&#8221; header_font=&#8221;Albert Sans|800|||||||&#8221; header_text_color=&#8221;#0F7A0D&#8221; header_font_size=&#8221;35px&#8221; header_line_height=&#8221;1.1em&#8221; header_3_font=&#8221;Albert Sans|700|||||||&#8221; header_3_font_size=&#8221;32px&#8221; header_3_line_height=&#8221;1.3em&#8221; text_orientation=&#8221;center&#8221; custom_margin=&#8221;||10px|||&#8221; locked=&#8221;off&#8221; global_colors_info=&#8221;{%22gcid-25579835-21a0-41ca-98ce-b25ba443575e%22:%91%22header_text_color%22%93}&#8221;]<\/p>\n<h1><\/h1>\n<h3>Obtenga m\u00e1s informaci\u00f3n sobre los aisladores Local 50:<\/h3>\n<p>[\/et_pb_text][\/et_pb_column][\/et_pb_row][et_pb_row estructura_columna=\u201d1_3,1_3,1_3\u2033 uso_personalizado_gutter=\u201dactivado\u201d ancho_gutter=\u201d1\u2033 igualar=\u201dactivado\u201d _versi\u00f3n_compilador=\u201d4.21.0\u2033 _m\u00f3dulo_preestablecido=\u201dpredeterminado\u201d relleno_personalizado=\u201d6px|||||\u201d Informaci\u00f3n global de colores = &quot;{}&quot;] [tipo de columna et_pb = &quot;1_3&quot;] _versi\u00f3n del constructor = &quot;4.21.0&quot;] _ajuste preestablecido del m\u00f3dulo = &quot;predeterminado&quot; Informaci\u00f3n global de colores = &quot;{}&quot;] [et_pb_bot\u00f3n URL del bot\u00f3n = &quot;@ET-DC@eyJkeW5hbWljIjp0cnVlLCJjb250ZW50IjoicG9zdF9saW5rX3VybF9wYWdlIiwic2V0dGluZ3MiOnsicG9zdF9pZCI6IjI1NiJ9fQ==@&quot; Texto del bot\u00f3n = &quot;VER PROYECTOS&quot; Alineaci\u00f3n del bot\u00f3n = &quot;centrar&quot; Activado deshabilitado = &quot;desactivado|desactivado&quot; _versi\u00f3n del constructor = &quot;4.21.0&quot;] Atributos din\u00e1micos = &quot;URL del bot\u00f3n&quot; _module_preset=\u201dpredeterminado\u201d bot\u00f3n_personalizado=\u201dactivado\u201d tama\u00f1o_texto_bot\u00f3n=\u201d20px\u201d color_texto_bot\u00f3n=\u201d#FFFFFF\u201d color_fondo_bot\u00f3n=\u201d#EE6D41\u2033 fuente_bot\u00f3n=\u201dAlbert Sans|800||activado|||||\u201d margen_personalizado=\u201d15px||15px||verdadero|falso\u201d informaci\u00f3n_global_colors=\u201d{}\u201d bot\u00f3n_color_fondo__hover_habilitado=\u201dactivado|escritorio\u201d bot\u00f3n_color_fondo__hover=\u201d#000000\u2033 bot\u00f3n_color_fondo_habilitado__hover=\u201dactivado\u201d][\/et_pb_button][\/et_pb_column][et_pb_column tipo=\u201d1_3\u2033 _versi\u00f3n_del_constructor=\u201d4.21.0\u2033 _m\u00f3dulo_preestablecido=\u201dpredeterminado\u201d informaci\u00f3n_global_colors=\u201d{}\u201d][et_pb_button URL del bot\u00f3n = \u201c@ET-DC@eyJkeW5hbWljIjp0cnVlLCJjb250ZW50IjoicG9zdF9saW5rX3VybF9wYWdlIiwic2V0dGluZ3MiOnsicG9zdF9pZCI6IjQ2NSJ9fQ==@\u201d Texto del bot\u00f3n = \u201cCONOCE NUESTRO TERRITORIO\u201d Alineaci\u00f3n del bot\u00f3n = \u201cCentrar\u201d Activado por desactivaci\u00f3n = \u201cDesactivado | Desactivado\u201d _versi\u00f3n del generador = \u201c4.21.0\u2033 _atributos din\u00e1micos = \u201cURL del bot\u00f3n\u201d _ajuste preestablecido del m\u00f3dulo = \u201cPredeterminado\u201d Bot\u00f3n personalizado = \u201cActivado\u201d Tama\u00f1o del texto del bot\u00f3n = \u201c20px\u201d Color del texto del bot\u00f3n = \u201c#FFFFFF\u201d Color de fondo del bot\u00f3n = \u201c#EE6D41\u2033 Fuente del bot\u00f3n = \u201cAlbert Sans|800||on|||||\u201d custom_margin=\u201d15px||15px||true|false\u201d global_colors_info=\u201d{}\u201d button_bg_color__hover_enabled=\u201don|desktop\u201d button_bg_color__hover=\u201d#000000\u2033 button_bg_enable_color__hover=\u201don\u201d][\/et_pb_button][\/et_pb_column][et_pb_column type=\u201d1_3\u2033 _builder_version=\u201d4.21.0\u2033 _module_preset=\u201ddefault\u201d global_colors_info=\u201d{}\u201d][et_pb_button URL del bot\u00f3n =\u201d@ET-DC@eyJkeW5hbWljIjp0cnVlLCJjb250ZW50IjoicG9zdF9saW5rX3VybF9wYWdlIiwic2V0dGluZ3MiOnsicG9zdF9pZCI6IjI4OSJ9fQ==@\u201d Texto del bot\u00f3n =\u201dVER NOTICIAS DE LOCAL 50\u201d Alineaci\u00f3n del bot\u00f3n =\u201dCentrar\u201d Activado_desactivado =\u201dDesactivado | Desactivado\u201d _versi\u00f3n del generador =\u201d4.21.0\u2033 _atributos din\u00e1micos =\u201dURL del bot\u00f3n\u201d _ajuste preestablecido del m\u00f3dulo =\u201dPredeterminado\u201d Bot\u00f3n personalizado =\u201dActivado\u201d Tama\u00f1o del texto del bot\u00f3n =\u201d20px\u201d Color del texto del bot\u00f3n =\u201d#FFFFFF\u201d Color de fondo del bot\u00f3n =\u201d#EE6D41\u2033 Fuente del bot\u00f3n =\u201dAlbert Sans|800||activado|||||\u201d custom_margin=\u201d15px||15px||verdadero|falso\u201d custom_margin_tablet=\u201d15px||15px||verdadero|falso\u201d custom_margin_phone=\u201d15px||15px||verdadero|falso\u201d custom_margin_last_edited=\u201dactivado|tel\u00e9fono\u201d global_colors_info=\u201d{}\u201d button_bg_color__hover_enabled=\u201dactivado|escritorio\u201d button_bg_color__hover=\u201d#000000\u2033 button_bg_enable_color__hover=\u201dactivado\u201d][\/et_pb_button][\/et_pb_column][\/et_pb_row][\/et_pb_section]<\/p>","protected":false},"excerpt":{"rendered":"<p>Su informaci\u00f3n ha sido enviada. Gracias por su inter\u00e9s en Insulators Local 50. Alguien de Local 50 se pondr\u00e1 en contacto con usted en los pr\u00f3ximos d\u00edas. M\u00e1s informaci\u00f3n sobre Insulators Local 50:<\/p>","protected":false},"author":1,"featured_media":1174,"parent":0,"menu_order":0,"comment_status":"closed","ping_status":"closed","template":"page-template-blank.php","meta":{"_acf_changed":false,"_et_pb_use_builder":"on","_et_pb_old_content":"","_et_gb_content_width":"","footnotes":""},"class_list":["post-2617","page","type-page","status-publish","has-post-thumbnail","hentry"],"acf":[],"ams_acf":[],"yoast_head":"<!-- This site is optimized with the Yoast SEO plugin v24.3 - https:\/\/yoast.com\/wordpress\/plugins\/seo\/ -->\n<title>Thank You - Contractor handout - Insulators Local 50 - Columbus Ohio<\/title>\n<meta name=\"description\" content=\"Thank you for your interest in becoming a member of Insulators Local 50. A member of the Local 50 leadership team will contact you soon.\" \/>\n<meta name=\"robots\" content=\"index, follow, max-snippet:-1, max-image-preview:large, max-video-preview:-1\" \/>\n<link rel=\"canonical\" href=\"https:\/\/insulators50.com\/es\/thank-you-contractor-handout\/\" \/>\n<meta property=\"og:locale\" content=\"es_MX\" \/>\n<meta property=\"og:type\" content=\"article\" \/>\n<meta property=\"og:title\" content=\"Thank You - Contractor handout - Insulators Local 50 - Columbus Ohio\" \/>\n<meta property=\"og:description\" content=\"Thank you for your interest in becoming a member of Insulators Local 50. A member of the Local 50 leadership team will contact you soon.\" \/>\n<meta property=\"og:url\" content=\"https:\/\/insulators50.com\/es\/thank-you-contractor-handout\/\" \/>\n<meta property=\"og:site_name\" content=\"Insulators Local 50 - Columbus Ohio\" \/>\n<meta property=\"article:publisher\" content=\"https:\/\/www.facebook.com\/InsulatorsLocal50\/\" \/>\n<meta property=\"article:modified_time\" content=\"2024-01-24T16:15:51+00:00\" \/>\n<meta property=\"og:image\" content=\"https:\/\/insulators50.com\/wp-content\/uploads\/2023\/06\/cropped-Insulators-Local-50-Logo.png\" \/>\n\t<meta property=\"og:image:width\" content=\"512\" \/>\n\t<meta property=\"og:image:height\" content=\"512\" \/>\n\t<meta property=\"og:image:type\" content=\"image\/png\" \/>\n<meta name=\"twitter:card\" content=\"summary_large_image\" \/>\n<meta name=\"twitter:label1\" content=\"Tiempo de lectura\" \/>\n\t<meta name=\"twitter:data1\" content=\"1 minuto\" \/>\n<script type=\"application\/ld+json\" class=\"yoast-schema-graph\">{\"@context\":\"https:\/\/schema.org\",\"@graph\":[{\"@type\":\"WebPage\",\"@id\":\"https:\/\/insulators50.com\/thank-you-contractor-handout\/\",\"url\":\"https:\/\/insulators50.com\/thank-you-contractor-handout\/\",\"name\":\"Thank You - Contractor handout - Insulators Local 50 - Columbus Ohio\",\"isPartOf\":{\"@id\":\"https:\/\/insulators50.com\/#website\"},\"primaryImageOfPage\":{\"@id\":\"https:\/\/insulators50.com\/thank-you-contractor-handout\/#primaryimage\"},\"image\":{\"@id\":\"https:\/\/insulators50.com\/thank-you-contractor-handout\/#primaryimage\"},\"thumbnailUrl\":\"https:\/\/insulators50.com\/wp-content\/uploads\/2023\/06\/cropped-Insulators-Local-50-Logo.png\",\"datePublished\":\"2023-11-08T17:39:56+00:00\",\"dateModified\":\"2024-01-24T16:15:51+00:00\",\"description\":\"Thank you for your interest in becoming a member of Insulators Local 50. A member of the Local 50 leadership team will contact you soon.\",\"breadcrumb\":{\"@id\":\"https:\/\/insulators50.com\/thank-you-contractor-handout\/#breadcrumb\"},\"inLanguage\":\"es\",\"potentialAction\":[{\"@type\":\"ReadAction\",\"target\":[\"https:\/\/insulators50.com\/thank-you-contractor-handout\/\"]}]},{\"@type\":\"ImageObject\",\"inLanguage\":\"es\",\"@id\":\"https:\/\/insulators50.com\/thank-you-contractor-handout\/#primaryimage\",\"url\":\"https:\/\/insulators50.com\/wp-content\/uploads\/2023\/06\/cropped-Insulators-Local-50-Logo.png\",\"contentUrl\":\"https:\/\/insulators50.com\/wp-content\/uploads\/2023\/06\/cropped-Insulators-Local-50-Logo.png\",\"width\":512,\"height\":512,\"caption\":\"Logo for Insulators Local 50\"},{\"@type\":\"BreadcrumbList\",\"@id\":\"https:\/\/insulators50.com\/thank-you-contractor-handout\/#breadcrumb\",\"itemListElement\":[{\"@type\":\"ListItem\",\"position\":1,\"name\":\"Home\",\"item\":\"https:\/\/insulators50.com\/\"},{\"@type\":\"ListItem\",\"position\":2,\"name\":\"Thank You &#8211; Contractor handout\"}]},{\"@type\":\"WebSite\",\"@id\":\"https:\/\/insulators50.com\/#website\",\"url\":\"https:\/\/insulators50.com\/\",\"name\":\"Insulators Local 50 - Columbus Ohio\",\"description\":\"Professional Commercial &amp; Industrial Union Insulators of Central Ohio\",\"publisher\":{\"@id\":\"https:\/\/insulators50.com\/#organization\"},\"potentialAction\":[{\"@type\":\"SearchAction\",\"target\":{\"@type\":\"EntryPoint\",\"urlTemplate\":\"https:\/\/insulators50.com\/?s={search_term_string}\"},\"query-input\":{\"@type\":\"PropertyValueSpecification\",\"valueRequired\":true,\"valueName\":\"search_term_string\"}}],\"inLanguage\":\"es\"},{\"@type\":\"Organization\",\"@id\":\"https:\/\/insulators50.com\/#organization\",\"name\":\"Insulators Local 50 - Columbus Ohio\",\"url\":\"https:\/\/insulators50.com\/\",\"logo\":{\"@type\":\"ImageObject\",\"inLanguage\":\"es\",\"@id\":\"https:\/\/insulators50.com\/#\/schema\/logo\/image\/\",\"url\":\"https:\/\/insulators50.com\/wp-content\/uploads\/2023\/06\/Insulators-Local-50-Logo.png\",\"contentUrl\":\"https:\/\/insulators50.com\/wp-content\/uploads\/2023\/06\/Insulators-Local-50-Logo.png\",\"width\":1000,\"height\":933,\"caption\":\"Insulators Local 50 - Columbus Ohio\"},\"image\":{\"@id\":\"https:\/\/insulators50.com\/#\/schema\/logo\/image\/\"},\"sameAs\":[\"https:\/\/www.facebook.com\/InsulatorsLocal50\/\"]}]}<\/script>\n<!-- \/ Yoast SEO plugin. -->","yoast_head_json":{"title":"Thank You - Contractor handout - Insulators Local 50 - Columbus Ohio","description":"Thank you for your interest in becoming a member of Insulators Local 50. A member of the Local 50 leadership team will contact you soon.","robots":{"index":"index","follow":"follow","max-snippet":"max-snippet:-1","max-image-preview":"max-image-preview:large","max-video-preview":"max-video-preview:-1"},"canonical":"https:\/\/insulators50.com\/es\/thank-you-contractor-handout\/","og_locale":"es_MX","og_type":"article","og_title":"Thank You - Contractor handout - Insulators Local 50 - Columbus Ohio","og_description":"Thank you for your interest in becoming a member of Insulators Local 50. A member of the Local 50 leadership team will contact you soon.","og_url":"https:\/\/insulators50.com\/es\/thank-you-contractor-handout\/","og_site_name":"Insulators Local 50 - Columbus Ohio","article_publisher":"https:\/\/www.facebook.com\/InsulatorsLocal50\/","article_modified_time":"2024-01-24T16:15:51+00:00","og_image":[{"width":512,"height":512,"url":"https:\/\/insulators50.com\/wp-content\/uploads\/2023\/06\/cropped-Insulators-Local-50-Logo.png","type":"image\/png"}],"twitter_card":"summary_large_image","twitter_misc":{"Tiempo de lectura":"1 minuto"},"schema":{"@context":"https:\/\/schema.org","@graph":[{"@type":"WebPage","@id":"https:\/\/insulators50.com\/thank-you-contractor-handout\/","url":"https:\/\/insulators50.com\/thank-you-contractor-handout\/","name":"Thank You - Contractor handout - Insulators Local 50 - Columbus Ohio","isPartOf":{"@id":"https:\/\/insulators50.com\/#website"},"primaryImageOfPage":{"@id":"https:\/\/insulators50.com\/thank-you-contractor-handout\/#primaryimage"},"image":{"@id":"https:\/\/insulators50.com\/thank-you-contractor-handout\/#primaryimage"},"thumbnailUrl":"https:\/\/insulators50.com\/wp-content\/uploads\/2023\/06\/cropped-Insulators-Local-50-Logo.png","datePublished":"2023-11-08T17:39:56+00:00","dateModified":"2024-01-24T16:15:51+00:00","description":"Thank you for your interest in becoming a member of Insulators Local 50. A member of the Local 50 leadership team will contact you soon.","breadcrumb":{"@id":"https:\/\/insulators50.com\/thank-you-contractor-handout\/#breadcrumb"},"inLanguage":"es","potentialAction":[{"@type":"ReadAction","target":["https:\/\/insulators50.com\/thank-you-contractor-handout\/"]}]},{"@type":"ImageObject","inLanguage":"es","@id":"https:\/\/insulators50.com\/thank-you-contractor-handout\/#primaryimage","url":"https:\/\/insulators50.com\/wp-content\/uploads\/2023\/06\/cropped-Insulators-Local-50-Logo.png","contentUrl":"https:\/\/insulators50.com\/wp-content\/uploads\/2023\/06\/cropped-Insulators-Local-50-Logo.png","width":512,"height":512,"caption":"Logo for Insulators Local 50"},{"@type":"BreadcrumbList","@id":"https:\/\/insulators50.com\/thank-you-contractor-handout\/#breadcrumb","itemListElement":[{"@type":"ListItem","position":1,"name":"Home","item":"https:\/\/insulators50.com\/"},{"@type":"ListItem","position":2,"name":"Thank You &#8211; Contractor handout"}]},{"@type":"WebSite","@id":"https:\/\/insulators50.com\/#website","url":"https:\/\/insulators50.com\/","name":"Insulators Local 50 - Columbus Ohio","description":"Professional Commercial &amp; Industrial Union Insulators of Central Ohio","publisher":{"@id":"https:\/\/insulators50.com\/#organization"},"potentialAction":[{"@type":"SearchAction","target":{"@type":"EntryPoint","urlTemplate":"https:\/\/insulators50.com\/?s={search_term_string}"},"query-input":{"@type":"PropertyValueSpecification","valueRequired":true,"valueName":"search_term_string"}}],"inLanguage":"es"},{"@type":"Organization","@id":"https:\/\/insulators50.com\/#organization","name":"Insulators Local 50 - Columbus Ohio","url":"https:\/\/insulators50.com\/","logo":{"@type":"ImageObject","inLanguage":"es","@id":"https:\/\/insulators50.com\/#\/schema\/logo\/image\/","url":"https:\/\/insulators50.com\/wp-content\/uploads\/2023\/06\/Insulators-Local-50-Logo.png","contentUrl":"https:\/\/insulators50.com\/wp-content\/uploads\/2023\/06\/Insulators-Local-50-Logo.png","width":1000,"height":933,"caption":"Insulators Local 50 - Columbus Ohio"},"image":{"@id":"https:\/\/insulators50.com\/#\/schema\/logo\/image\/"},"sameAs":["https:\/\/www.facebook.com\/InsulatorsLocal50\/"]}]}},"_links":{"self":[{"href":"https:\/\/insulators50.com\/es\/wp-json\/wp\/v2\/pages\/2617","targetHints":{"allow":["GET"]}}],"collection":[{"href":"https:\/\/insulators50.com\/es\/wp-json\/wp\/v2\/pages"}],"about":[{"href":"https:\/\/insulators50.com\/es\/wp-json\/wp\/v2\/types\/page"}],"author":[{"embeddable":true,"href":"https:\/\/insulators50.com\/es\/wp-json\/wp\/v2\/users\/1"}],"replies":[{"embeddable":true,"href":"https:\/\/insulators50.com\/es\/wp-json\/wp\/v2\/comments?post=2617"}],"version-history":[{"count":3,"href":"https:\/\/insulators50.com\/es\/wp-json\/wp\/v2\/pages\/2617\/revisions"}],"predecessor-version":[{"id":2836,"href":"https:\/\/insulators50.com\/es\/wp-json\/wp\/v2\/pages\/2617\/revisions\/2836"}],"wp:featuredmedia":[{"embeddable":true,"href":"https:\/\/insulators50.com\/es\/wp-json\/wp\/v2\/media\/1174"}],"wp:attachment":[{"href":"https:\/\/insulators50.com\/es\/wp-json\/wp\/v2\/media?parent=2617"}],"curies":[{"name":"wp","href":"https:\/\/api.w.org\/{rel}","templated":true}]}}