{"id":256,"date":"2023-05-19T16:42:42","date_gmt":"2023-05-19T16:42:42","guid":{"rendered":"http:\/\/72.52.129.99\/~insulators50\/?page_id=256"},"modified":"2024-01-24T10:59:39","modified_gmt":"2024-01-24T15:59:39","slug":"projects","status":"publish","type":"page","link":"https:\/\/insulators50.com\/es\/projects\/","title":{"rendered":"Proyectos"},"content":{"rendered":"<p>[et_pb_section fb_built=\u201d1\u2033 _builder_version=\u201d4.21.0\u2033 _module_preset=\u201ddefault\u201d background_color=\u201d#26865d\u201d global_colors_info=\u201d{}\u201d da_is_popup=\u201doff\u201d da_exit_intent=\u201doff\u201d da_has_close=\u201don\u201d da_alt_close=\u201doff\u201d da_dark_close=\u201doff\u201d da_not_modal=\u201don\u201d da_is_singular=\u201doff\u201d da_with_loader=\u201doff\u201d da_has_shadow=\u201don\u201d da_disable_devices=\u201doff|off|off\u201d][et_pb_row _builder_version=\u201d4.21.0\u2033 _module_preset=\u201ddefault\u201d global_colors_info=\u201d{}\u201d][et_pb_column type=\u201d4_4\u2033 Versi\u00f3n del constructor: 4.21.0, preajuste del m\u00f3dulo: predeterminado, informaci\u00f3n global de colores: {}]<\/p>\n<h2 style=\"text-align: center;\">Se puede encontrar a Insulators Local 50 trabajando en todo el centro de Ohio y en Indiana en una amplia variedad de proyectos de aislamiento y mantenimiento de construcci\u00f3n, incluidos proyectos comerciales, industriales, m\u00e9dicos y minoristas, tanto en el sector p\u00fablico como en el privado.<\/h2>\n<p>[\/et_pb_text][et_pb_text _builder_version=\u201d4.21.0\u2033 _module_preset=\u201ddefault\u201d header_2_text_color=\u201d#FFFFFF\u201d global_colors_info=\u201d{}\u201d]<\/p>\n<h3 style=\"text-align: center;\"><span style=\"color:#ffffff;\">Algunos de estos incluyen:<\/span><\/h3>\n<p>[\/et_pb_text][\/et_pb_column][\/et_pb_row][et_pb_row estructura_columna=\u201d1_3,1_3,1_3\u2033 _builder_version=\u201d4.21.0\u2033 _module_preset=\u201dpredeterminado\u201d informaci\u00f3n_global_colors=\u201d{}\u201d][et_pb_column tipo=\u201d1_3\u2033 _builder_version=\u201d4.21.0\u2033 _module_preset=\u201dpredeterminado\u201d informaci\u00f3n_global_colors=\u201d{}\u201d][et_pb_image origen=\u201dhttps:\/\/insulators50.com\/wp-content\/uploads\/2023\/06\/insulators50_projects_Wexner.jpg\u201d t\u00edtulo_texto=\u201dinsulators50_projects_Wexner\u201d alineaci\u00f3n=\u201dcentrado\u201d ancho_completo=\u201dactivado\u201d Versi\u00f3n del constructor: 4.21.0, preajuste del m\u00f3dulo: predeterminado, informaci\u00f3n global de colores: {}] [\/et_pb_imagen] [et_pb_texto Versi\u00f3n del constructor: 4.21.0, preajuste del m\u00f3dulo: predeterminado, color del texto del encabezado: #FFFFFF, informaci\u00f3n global de colores: {}]<\/p>\n<h3>Universidad Estatal de Ohio - Centro M\u00e9dico Wexner<\/h3>\n<p>[\/et_pb_text][\/et_pb_column][et_pb_column type=\u201d1_3\u2033 _builder_version=\u201d4.21.0\u2033 _module_preset=\u201ddefault\u201d global_colors_info=\u201d{}\u201d][et_pb_image src=\u201dhttps:\/\/insulators50.com\/wp-content\/uploads\/2023\/06\/insulators50_projects_Franklin-County-Courhouse.jpg\u201d title_text=\u201dinsulators50_projects_Franklin County Courhouse\u201d align=\u201dcenter\u201d force_fullwidth=\u201don\u201d _builder_version=\u201d4.21.0\u2033 _module_preset=\u201ddefault\u201d global_colors_info=\u201d{}\u201d][\/et_pb_image][et_pb_text _builder_version=\u201d4.21.0\u2033 _module_preset=\u201ddefault\u201d header_3_text_color=\u201d#FFFFFF\u201d global_colors_info=\u201d{}\u201d]<\/p>\n<h3>Palacio de justicia y centro de gobierno del condado de Franklin<\/h3>\n<p>[\/et_pb_text][\/et_pb_column][et_pb_column type=\u201d1_3\u2033 _builder_version=\u201d4.21.0\u2033 _module_preset=\u201ddefault\u201d global_colors_info=\u201d{}\u201d][et_pb_image src=\u201dhttps:\/\/insulators50.com\/wp-content\/uploads\/2023\/06\/insulators50_projects_Columbus-Airport.jpg\u201d title_text=\u201dinsulators50_projects_Columbus-Airport\u201d align=\u201dcenter\u201d force_fullwidth=\u201don\u201d _builder_version=\u201d4.21.0\u2033 _module_preset=\u201ddefault\u201d global_colors_info=\u201d{}\u201d][\/et_pb_image][et_pb_text _builder_version=\u201d4.21.0\u2033 _module_preset=\u201dpredeterminado\u201d header_3_text_color=\u201d#FFFFFF\u201d global_colors_info=\u201d{}\u201d]<\/p>\n<h3>Aeropuerto Internacional John Glenn Columbus (CMH)<\/h3>\n<p>[\/et_pb_text][\/et_pb_column][\/et_pb_row][\/et_pb_section][et_pb_section fb_built=\u201d1\u2033 _builder_version=\u201d4.21.0\u2033 _module_preset=\u201dpredeterminado\u201d global_colors_info=\u201d{}\u201d da_is_popup=\u201ddesactivado\u201d da_exit_intent=\u201ddesactivado\u201d da_has_close=\u201dactivado\u201d da_alt_close=\u201ddesactivado\u201d da_dark_close=\u201ddesactivado\u201d da_not_modal=\u201dactivado\u201d da_is_singular=\u201ddesactivado\u201d da_with_loader=\u201ddesactivado\u201d da_has_shadow=\u201dactivado\u201d da_disable_devices=\u201ddesactivado|desactivado|desactivado\u201d][et_pb_row _builder_version=\u201d4.21.0\u2033 _module_preset=\u201dpredeterminado\u201d relleno_personalizado=\u201d||||falso|falso\u201d informaci\u00f3n_global_colores=\u201d{}\u201d][et_pb_column tipo=\u201d4_4\u2033 _builder_version=\u201d4.21.0\u2033 _module_preset=\u201dpredeterminado\u201d informaci\u00f3n_global_colores=\u201d{}\u201d][et_pb_texto _builder_version=\u201d4.21.0\u2033 _module_preset=\u201dpredeterminado\u201d informaci\u00f3n_global_colores=\u201d{}\u201d]<\/p>\n<h3 style=\"text-align: center;\">A continuaci\u00f3n se muestra una lista m\u00e1s completa:<\/h3>\n<p>[\/et_pb_text][\/et_pb_column][\/et_pb_row][et_pb_row deshabilitado_activado=\u201ddesactivado|desactivado|activado\u201d _builder_version=\u201d4.21.0\u2033 _module_preset=\u201dpredeterminado\u201d relleno_personalizado=\u201d0px|||||\u201d global_colors_info=\u201d{}\u201d][et_pb_column type=\u201d4_4\u2033 _builder_version=\u201d4.21.0\u2033 _module_preset=\u201dpredeterminado\u201d global_colors_info=\u201d{}\u201d][et_pb_text ul_item_indent=\u201d50px\u201d ul_item_indent_tablet=\u201d30px\u201d ul_item_indent_phone=\u201d0px\u201d ul_item_indent_last_edited=\u201don|desktop\u201d disabled_on=\u201doff|off|off\u201d module_id=\u201dcustomlist\u201d _builder_version=\u201d4.21.0\u2033 _module_preset=\u201dpredeterminado\u201d ul_font=\u201d||||||||\u201d ul_text_color=\u201d#1c3049\u2033 ul_line_height=\u201d2em\u201d background_color=\u201d#efefef\u201d custom_padding=\u201d45px|45px|45px|45px|true|true\u201d global_colors_info=\u201d{}\u201d]<\/p>\n<ul>\n<li>Aeropuerto Internacional John Glenn Columbus<\/li>\n<li>Centro m\u00e9dico Canyon<\/li>\n<li>Sala Sullivan de la Universidad Estatal de Ohio<\/li>\n<li>Edificio de medicina deportiva Cramer de la Universidad Estatal de Ohio<\/li>\n<li>Centros de datos de Amazon<\/li>\n<li>Escuela secundaria Groveport<\/li>\n<li>Hospital de Ni\u00f1os de Dayton<\/li>\n<li>Hospital de Ni\u00f1os de Columbus<\/li>\n<li>Universidad Estatal de Ohio \u2013 El Hospital Oncol\u00f3gico James<\/li>\n<li>Residencias de la Universidad Estatal de Ohio<\/li>\n<li>Renovaci\u00f3n del estadio del estado de Ohio<\/li>\n<li>Hospital Infantil Nacional<\/li>\n<li>Centro m\u00e9dico Ketterings<\/li>\n<li>Hospital del Valle de Miami<\/li>\n<li>Base de la Fuerza A\u00e9rea Wright Patterson<\/li>\n<li>Hospital Read, Richmond, IN<\/li>\n<li>Uni\u00f3n de estudiantes de la OSU<\/li>\n<li>OSU Larkins Hall (nueva instalaci\u00f3n recreativa)<\/li>\n<li>OSU Adventure Rec (nueva instalaci\u00f3n recreativa)<\/li>\n<li>Huntington Ball Park, sede de los Columbus Clippers<br \/>(Afiliada AAA de los Indios)<\/li>\n<li>Seguros Grange<\/li>\n<li>Palacio de justicia y centro de gobierno del condado de Franklin<\/li>\n<li>Universidad de Dayton Stuart Hall<\/li>\n<li>Planta de acero AK Steel en Middletown<\/li>\n<li>Arena Nacional<\/li>\n<li>Cargill (Dayton)<\/li>\n<li>Anheuser Busch Columbus<\/li>\n<li>Laboratorios Ross<\/li>\n<li>Laboratorios Roxanne<\/li>\n<li>Mantenimiento del Hospital OSU<\/li>\n<li>Mantenimiento de aceite Heartland<\/li>\n<li>Tanques Hamilton<\/li>\n<li>Honda de Am\u00e9rica<\/li>\n<li>Centro de construcci\u00f3n de suministros de defensa<\/li>\n<li>Restaurantes Wendy&#039;s<\/li>\n<\/ul>\n<p>[\/et_pb_text][\/et_pb_column][\/et_pb_row][et_pb_row estructura_columna=\u201d1_3,1_3,1_3\u2033 uso_personalizado_gutter=\u201dactivado\u201d ancho_gutter=\u201d2\u2033 desactivado_activado=\u201dactivado|activado|desactivado\u201d _builder_version=\u201d4.21.0\u2033 _module_preset=\u201dpredeterminado\u201d relleno_personalizado=\u201d0px|||||\u201d global_colors_info=\u201d{}\u201d][et_pb_column type=\u201d1_3\u2033 _builder_version=\u201d4.21.0\u2033 _module_preset=\u201ddefault\u201d global_colors_info=\u201d{}\u201d][et_pb_text ul_item_indent_tablet=\u201d30px\u201d ul_item_indent_phone=\u201d0px\u201d ul_item_indent_last_edited=\u201don|desktop\u201d module_id=\u201dcustomlist\u201d _builder_version=\u201d4.21.0\u2033 _module_preset=\u201ddefault\u201d ul_font=\u201d||||||||\u201d ul_text_color=\u201d#1c3049\u2033 ul_line_height=\u201d1.6em\u201d background_color=\u201d#efefef\u201d custom_padding=\u201d30px|20px|30px|20px|true|true\u201d global_colors_info=\u201d{}\u201d]<\/p>\n<ul>\n<li>Aeropuerto Internacional John Glenn Columbus<\/li>\n<li>Centro m\u00e9dico Canyon<\/li>\n<li>Sala Sullivan de la Universidad Estatal de Ohio<\/li>\n<li>Edificio de medicina deportiva Cramer de la Universidad Estatal de Ohio<\/li>\n<li>Centros de datos de Amazon<\/li>\n<li>Escuela secundaria Groveport<\/li>\n<li>Hospital de Ni\u00f1os de Dayton<\/li>\n<li>Hospital de Ni\u00f1os de Columbus<\/li>\n<li>Universidad Estatal de Ohio \u2013 El Hospital Oncol\u00f3gico James<\/li>\n<li>Residencias de la Universidad Estatal de Ohio<\/li>\n<li>Renovaci\u00f3n del estadio del estado de Ohio<\/li>\n<li>Hospital Infantil Nacional<\/li>\n<li>Centro m\u00e9dico Ketterings<\/li>\n<\/ul>\n<p>[\/et_pb_text][\/et_pb_column][et_pb_column type=\u201d1_3\u2033 _builder_version=\u201d4.21.0\u2033 _module_preset=\u201ddefault\u201d global_colors_info=\u201d{}\u201d][et_pb_text ul_item_indent_tablet=\u201d30px\u201d ul_item_indent_phone=\u201d0px\u201d ul_item_indent_last_edited=\u201don|desktop\u201d module_id=\u201dcustomlist\u201d _builder_version=\u201d4.21.0\u2033 _module_preset=\u201ddefault\u201d ul_font=\u201d||||||||\u201d ul_text_color=\u201d#1c3049\u2033 ul_line_height=\u201d1.6em\u201d background_color=\u201d#efefef\u201d custom_padding=\u201d30px|20px|30px|20px|true|true\u201d global_colors_info=\u201d{}\u201d]<\/p>\n<ul>\n<li>Hospital del Valle de Miami<\/li>\n<li>Base de la Fuerza A\u00e9rea Wright Patterson<\/li>\n<li>Hospital Read, Richmond, IN<\/li>\n<li>Uni\u00f3n de estudiantes de la OSU<\/li>\n<li>OSU Larkins Hall (nueva instalaci\u00f3n recreativa)<\/li>\n<li>OSU Adventure Rec (nueva instalaci\u00f3n recreativa)<\/li>\n<li>Huntington Ball Park, sede de los Columbus Clippers<br \/>(Afiliada AAA de los Indios)<\/li>\n<li>Seguros Grange<\/li>\n<li>Palacio de justicia y centro de gobierno del condado de Franklin<\/li>\n<li>Universidad de Dayton Stuart Hall<\/li>\n<li>Planta de acero AK Steel en Middletown<\/li>\n<\/ul>\n<p>[\/et_pb_text][\/et_pb_column][et_pb_column type=\u201d1_3\u2033 _builder_version=\u201d4.21.0\u2033 _module_preset=\u201ddefault\u201d global_colors_info=\u201d{}\u201d][et_pb_text ul_item_indent_tablet=\u201d30px\u201d ul_item_indent_phone=\u201d0px\u201d ul_item_indent_last_edited=\u201don|desktop\u201d module_id=\u201dcustomlist\u201d _builder_version=\u201d4.21.0\u2033 _module_preset=\u201ddefault\u201d ul_font=\u201d||||||||\u201d ul_text_color=\u201d#1c3049\u2033 ul_line_height=\u201d1.6em\u201d background_color=\u201d#efefef\u201d custom_padding=\u201d30px|20px|30px|20px|true|true\u201d global_colors_info=\u201d{}\u201d]<\/p>\n<ul>\n<li>Arena Nacional<\/li>\n<li>Cargill (Dayton)<\/li>\n<li>Anheuser Busch Columbus<\/li>\n<li>Laboratorios Ross<\/li>\n<li>Laboratorios Roxanne<\/li>\n<li>Mantenimiento del Hospital OSU<\/li>\n<li>Mantenimiento de aceite Heartland<\/li>\n<li>Tanques Hamilton<\/li>\n<li>Honda de Am\u00e9rica<\/li>\n<li>Centro de construcci\u00f3n de suministros de defensa<\/li>\n<li>Restaurantes Wendy&#039;s<\/li>\n<\/ul>\n<p>[\/et_pb_text][\/et_pb_column][\/et_pb_row][\/et_pb_section]<\/p>","protected":false},"excerpt":{"rendered":"<p>Los Aisladores Local 50 trabajan en todo el centro de Ohio e Indiana en una amplia variedad de proyectos de aislamiento y mantenimiento de construcci\u00f3n, incluyendo proyectos comerciales, industriales, m\u00e9dicos y minoristas, tanto en el sector p\u00fablico como en el privado. Algunos de estos incluyen: Universidad Estatal de Ohio - Centro M\u00e9dico Wexner Palacio de Justicia y Centro de Gobierno del Condado de Franklin Aeropuerto Internacional John Glenn Columbus (CMH) A continuaci\u00f3n [\u2026]<\/p>","protected":false},"author":2,"featured_media":1174,"parent":0,"menu_order":0,"comment_status":"closed","ping_status":"closed","template":"","meta":{"_acf_changed":false,"_et_pb_use_builder":"on","_et_pb_old_content":"","_et_gb_content_width":"","footnotes":""},"class_list":["post-256","page","type-page","status-publish","has-post-thumbnail","hentry"],"acf":[],"ams_acf":[],"yoast_head":"<!-- This site is optimized with the Yoast SEO plugin v24.3 - https:\/\/yoast.com\/wordpress\/plugins\/seo\/ -->\n<title>Projects - Insulators Local 50 - Columbus Ohio<\/title>\n<meta name=\"description\" content=\"Insulators Local 50 can be found working all across central Ohio and into Indiana on a wide variety of construction insulation and maintenance projects including commercial, industrial, medical and retail in both the public and private sector.\" \/>\n<meta name=\"robots\" content=\"index, follow, max-snippet:-1, max-image-preview:large, max-video-preview:-1\" \/>\n<link rel=\"canonical\" href=\"https:\/\/insulators50.com\/es\/projects\/\" \/>\n<meta property=\"og:locale\" content=\"es_MX\" \/>\n<meta property=\"og:type\" content=\"article\" \/>\n<meta property=\"og:title\" content=\"Projects - Insulators Local 50 - Columbus Ohio\" \/>\n<meta property=\"og:description\" content=\"Insulators Local 50 can be found working all across central Ohio and into Indiana on a wide variety of construction insulation and maintenance projects including commercial, industrial, medical and retail in both the public and private sector.\" \/>\n<meta property=\"og:url\" content=\"https:\/\/insulators50.com\/es\/projects\/\" \/>\n<meta property=\"og:site_name\" content=\"Insulators Local 50 - Columbus Ohio\" \/>\n<meta property=\"article:publisher\" content=\"https:\/\/www.facebook.com\/InsulatorsLocal50\/\" \/>\n<meta property=\"article:modified_time\" content=\"2024-01-24T15:59:39+00:00\" \/>\n<meta property=\"og:image\" content=\"https:\/\/insulators50.com\/wp-content\/uploads\/2023\/06\/cropped-Insulators-Local-50-Logo.png\" \/>\n\t<meta property=\"og:image:width\" content=\"512\" \/>\n\t<meta property=\"og:image:height\" content=\"512\" \/>\n\t<meta property=\"og:image:type\" content=\"image\/png\" \/>\n<meta name=\"twitter:card\" content=\"summary_large_image\" \/>\n<meta name=\"twitter:label1\" content=\"Tiempo de lectura\" \/>\n\t<meta name=\"twitter:data1\" content=\"3 minutos\" \/>\n<script type=\"application\/ld+json\" class=\"yoast-schema-graph\">{\"@context\":\"https:\/\/schema.org\",\"@graph\":[{\"@type\":\"WebPage\",\"@id\":\"https:\/\/insulators50.com\/projects\/\",\"url\":\"https:\/\/insulators50.com\/projects\/\",\"name\":\"Projects - Insulators Local 50 - Columbus Ohio\",\"isPartOf\":{\"@id\":\"https:\/\/insulators50.com\/#website\"},\"primaryImageOfPage\":{\"@id\":\"https:\/\/insulators50.com\/projects\/#primaryimage\"},\"image\":{\"@id\":\"https:\/\/insulators50.com\/projects\/#primaryimage\"},\"thumbnailUrl\":\"https:\/\/insulators50.com\/wp-content\/uploads\/2023\/06\/cropped-Insulators-Local-50-Logo.png\",\"datePublished\":\"2023-05-19T16:42:42+00:00\",\"dateModified\":\"2024-01-24T15:59:39+00:00\",\"description\":\"Insulators Local 50 can be found working all across central Ohio and into Indiana on a wide variety of construction insulation and maintenance projects including commercial, industrial, medical and retail in both the public and private sector.\",\"breadcrumb\":{\"@id\":\"https:\/\/insulators50.com\/projects\/#breadcrumb\"},\"inLanguage\":\"es\",\"potentialAction\":[{\"@type\":\"ReadAction\",\"target\":[\"https:\/\/insulators50.com\/projects\/\"]}]},{\"@type\":\"ImageObject\",\"inLanguage\":\"es\",\"@id\":\"https:\/\/insulators50.com\/projects\/#primaryimage\",\"url\":\"https:\/\/insulators50.com\/wp-content\/uploads\/2023\/06\/cropped-Insulators-Local-50-Logo.png\",\"contentUrl\":\"https:\/\/insulators50.com\/wp-content\/uploads\/2023\/06\/cropped-Insulators-Local-50-Logo.png\",\"width\":512,\"height\":512,\"caption\":\"Logo for Insulators Local 50\"},{\"@type\":\"BreadcrumbList\",\"@id\":\"https:\/\/insulators50.com\/projects\/#breadcrumb\",\"itemListElement\":[{\"@type\":\"ListItem\",\"position\":1,\"name\":\"Home\",\"item\":\"https:\/\/insulators50.com\/\"},{\"@type\":\"ListItem\",\"position\":2,\"name\":\"Projects\"}]},{\"@type\":\"WebSite\",\"@id\":\"https:\/\/insulators50.com\/#website\",\"url\":\"https:\/\/insulators50.com\/\",\"name\":\"Insulators Local 50 - Columbus Ohio\",\"description\":\"Professional Commercial &amp; Industrial Union Insulators of Central Ohio\",\"publisher\":{\"@id\":\"https:\/\/insulators50.com\/#organization\"},\"potentialAction\":[{\"@type\":\"SearchAction\",\"target\":{\"@type\":\"EntryPoint\",\"urlTemplate\":\"https:\/\/insulators50.com\/?s={search_term_string}\"},\"query-input\":{\"@type\":\"PropertyValueSpecification\",\"valueRequired\":true,\"valueName\":\"search_term_string\"}}],\"inLanguage\":\"es\"},{\"@type\":\"Organization\",\"@id\":\"https:\/\/insulators50.com\/#organization\",\"name\":\"Insulators Local 50 - Columbus Ohio\",\"url\":\"https:\/\/insulators50.com\/\",\"logo\":{\"@type\":\"ImageObject\",\"inLanguage\":\"es\",\"@id\":\"https:\/\/insulators50.com\/#\/schema\/logo\/image\/\",\"url\":\"https:\/\/insulators50.com\/wp-content\/uploads\/2023\/06\/Insulators-Local-50-Logo.png\",\"contentUrl\":\"https:\/\/insulators50.com\/wp-content\/uploads\/2023\/06\/Insulators-Local-50-Logo.png\",\"width\":1000,\"height\":933,\"caption\":\"Insulators Local 50 - Columbus Ohio\"},\"image\":{\"@id\":\"https:\/\/insulators50.com\/#\/schema\/logo\/image\/\"},\"sameAs\":[\"https:\/\/www.facebook.com\/InsulatorsLocal50\/\"]}]}<\/script>\n<!-- \/ Yoast SEO plugin. -->","yoast_head_json":{"title":"Projects - Insulators Local 50 - Columbus Ohio","description":"Insulators Local 50 can be found working all across central Ohio and into Indiana on a wide variety of construction insulation and maintenance projects including commercial, industrial, medical and retail in both the public and private sector.","robots":{"index":"index","follow":"follow","max-snippet":"max-snippet:-1","max-image-preview":"max-image-preview:large","max-video-preview":"max-video-preview:-1"},"canonical":"https:\/\/insulators50.com\/es\/projects\/","og_locale":"es_MX","og_type":"article","og_title":"Projects - Insulators Local 50 - Columbus Ohio","og_description":"Insulators Local 50 can be found working all across central Ohio and into Indiana on a wide variety of construction insulation and maintenance projects including commercial, industrial, medical and retail in both the public and private sector.","og_url":"https:\/\/insulators50.com\/es\/projects\/","og_site_name":"Insulators Local 50 - Columbus Ohio","article_publisher":"https:\/\/www.facebook.com\/InsulatorsLocal50\/","article_modified_time":"2024-01-24T15:59:39+00:00","og_image":[{"width":512,"height":512,"url":"https:\/\/insulators50.com\/wp-content\/uploads\/2023\/06\/cropped-Insulators-Local-50-Logo.png","type":"image\/png"}],"twitter_card":"summary_large_image","twitter_misc":{"Tiempo de lectura":"3 minutos"},"schema":{"@context":"https:\/\/schema.org","@graph":[{"@type":"WebPage","@id":"https:\/\/insulators50.com\/projects\/","url":"https:\/\/insulators50.com\/projects\/","name":"Projects - Insulators Local 50 - Columbus Ohio","isPartOf":{"@id":"https:\/\/insulators50.com\/#website"},"primaryImageOfPage":{"@id":"https:\/\/insulators50.com\/projects\/#primaryimage"},"image":{"@id":"https:\/\/insulators50.com\/projects\/#primaryimage"},"thumbnailUrl":"https:\/\/insulators50.com\/wp-content\/uploads\/2023\/06\/cropped-Insulators-Local-50-Logo.png","datePublished":"2023-05-19T16:42:42+00:00","dateModified":"2024-01-24T15:59:39+00:00","description":"Insulators Local 50 can be found working all across central Ohio and into Indiana on a wide variety of construction insulation and maintenance projects including commercial, industrial, medical and retail in both the public and private sector.","breadcrumb":{"@id":"https:\/\/insulators50.com\/projects\/#breadcrumb"},"inLanguage":"es","potentialAction":[{"@type":"ReadAction","target":["https:\/\/insulators50.com\/projects\/"]}]},{"@type":"ImageObject","inLanguage":"es","@id":"https:\/\/insulators50.com\/projects\/#primaryimage","url":"https:\/\/insulators50.com\/wp-content\/uploads\/2023\/06\/cropped-Insulators-Local-50-Logo.png","contentUrl":"https:\/\/insulators50.com\/wp-content\/uploads\/2023\/06\/cropped-Insulators-Local-50-Logo.png","width":512,"height":512,"caption":"Logo for Insulators Local 50"},{"@type":"BreadcrumbList","@id":"https:\/\/insulators50.com\/projects\/#breadcrumb","itemListElement":[{"@type":"ListItem","position":1,"name":"Home","item":"https:\/\/insulators50.com\/"},{"@type":"ListItem","position":2,"name":"Projects"}]},{"@type":"WebSite","@id":"https:\/\/insulators50.com\/#website","url":"https:\/\/insulators50.com\/","name":"Insulators Local 50 - Columbus Ohio","description":"Professional Commercial &amp; Industrial Union Insulators of Central Ohio","publisher":{"@id":"https:\/\/insulators50.com\/#organization"},"potentialAction":[{"@type":"SearchAction","target":{"@type":"EntryPoint","urlTemplate":"https:\/\/insulators50.com\/?s={search_term_string}"},"query-input":{"@type":"PropertyValueSpecification","valueRequired":true,"valueName":"search_term_string"}}],"inLanguage":"es"},{"@type":"Organization","@id":"https:\/\/insulators50.com\/#organization","name":"Insulators Local 50 - Columbus Ohio","url":"https:\/\/insulators50.com\/","logo":{"@type":"ImageObject","inLanguage":"es","@id":"https:\/\/insulators50.com\/#\/schema\/logo\/image\/","url":"https:\/\/insulators50.com\/wp-content\/uploads\/2023\/06\/Insulators-Local-50-Logo.png","contentUrl":"https:\/\/insulators50.com\/wp-content\/uploads\/2023\/06\/Insulators-Local-50-Logo.png","width":1000,"height":933,"caption":"Insulators Local 50 - Columbus Ohio"},"image":{"@id":"https:\/\/insulators50.com\/#\/schema\/logo\/image\/"},"sameAs":["https:\/\/www.facebook.com\/InsulatorsLocal50\/"]}]}},"_links":{"self":[{"href":"https:\/\/insulators50.com\/es\/wp-json\/wp\/v2\/pages\/256","targetHints":{"allow":["GET"]}}],"collection":[{"href":"https:\/\/insulators50.com\/es\/wp-json\/wp\/v2\/pages"}],"about":[{"href":"https:\/\/insulators50.com\/es\/wp-json\/wp\/v2\/types\/page"}],"author":[{"embeddable":true,"href":"https:\/\/insulators50.com\/es\/wp-json\/wp\/v2\/users\/2"}],"replies":[{"embeddable":true,"href":"https:\/\/insulators50.com\/es\/wp-json\/wp\/v2\/comments?post=256"}],"version-history":[{"count":16,"href":"https:\/\/insulators50.com\/es\/wp-json\/wp\/v2\/pages\/256\/revisions"}],"predecessor-version":[{"id":2831,"href":"https:\/\/insulators50.com\/es\/wp-json\/wp\/v2\/pages\/256\/revisions\/2831"}],"wp:featuredmedia":[{"embeddable":true,"href":"https:\/\/insulators50.com\/es\/wp-json\/wp\/v2\/media\/1174"}],"wp:attachment":[{"href":"https:\/\/insulators50.com\/es\/wp-json\/wp\/v2\/media?parent=256"}],"curies":[{"name":"wp","href":"https:\/\/api.w.org\/{rel}","templated":true}]}}