{"id":2337,"date":"2023-10-25T12:38:25","date_gmt":"2023-10-25T16:38:25","guid":{"rendered":"https:\/\/insulators50.com\/?page_id=2337"},"modified":"2024-05-28T11:57:48","modified_gmt":"2024-05-28T15:57:48","slug":"open-calls-app","status":"publish","type":"page","link":"https:\/\/insulators50.com\/es\/open-calls-app\/","title":{"rendered":"Convocatorias abiertas"},"content":{"rendered":"<p>[et_pb_section fb_built=&#8221;1&#8243; _builder_version=&#8221;4.21.0&#8243; _module_preset=&#8221;default&#8221; custom_padding=&#8221;0px||0px|||&#8221; da_disable_devices=&#8221;off|off|off&#8221; global_colors_info=&#8221;{}&#8221; da_is_popup=&#8221;off&#8221; da_exit_intent=&#8221;off&#8221; da_has_close=&#8221;on&#8221; da_alt_close=&#8221;off&#8221; da_dark_close=&#8221;off&#8221; da_not_modal=&#8221;on&#8221; da_is_singular=&#8221;off&#8221; da_with_loader=&#8221;off&#8221; da_has_shadow=&#8221;on&#8221;][et_pb_row _builder_version=&#8221;4.21.0&#8243; _module_preset=&#8221;default&#8221; global_colors_info=&#8221;{}&#8221;][et_pb_column type=&#8221;4_4&#8243; _builder_version=&#8221;4.21.0&#8243; _module_preset=&#8221;default&#8221; global_colors_info=&#8221;{}&#8221;][et_pb_text _builder_version=&#8221;4.23&#8243; _module_preset=&#8221;default&#8221; global_colors_info=&#8221;{}&#8221;]<\/p>\n<p>A continuaci\u00f3n, encontrar\u00e1 las convocatorias abiertas actuales disponibles para los miembros de HFIAW que est\u00e9n al d\u00eda con sus obligaciones. Haga clic en el trabajo que le interese y obtenga m\u00e1s informaci\u00f3n sobre los detalles de cada trabajo. Si este trabajo le parece interesante para viajar al centro de Ohio, haga clic en el enlace provisto y complete el formulario.<\/p>\n<p>[\/et_pb_text][et_pb_blog fullwidth=&#8221;off&#8221; post_type=&#8221;job-posting&#8221; show_thumbnail=&#8221;off&#8221; excerpt_length=&#8221;0&#8243; show_more=&#8221;on&#8221; show_author=&#8221;off&#8221; show_categories=&#8221;off&#8221; module_class=&#8221;et-custom-read-more-text&#8221; _builder_version=&#8221;4.21.0&#8243; _module_preset=&#8221;default&#8221; custom_margin=&#8221;||0px||false|false&#8221; custom_padding=&#8221;||0px||false|false&#8221; custom_css_content=&#8221;border-bottom:1px solid #ddd;||padding-bottom:1rem;&#8221; custom_css_post_meta=&#8221;padding-bottom:15px!important;&#8221; global_colors_info=&#8221;{}&#8221;][\/et_pb_blog][et_pb_code module_class=&#8221;et-custom-read-more-text&#8221; _builder_version=&#8221;4.21.0&#8243; _module_preset=&#8221;default&#8221; global_colors_info=&#8221;{}&#8221;]<script>(function ($) {<!-- [et_pb_line_break_holder] -->  $(document).on(\"ready ajaxComplete\", function () {<!-- [et_pb_line_break_holder] -->    $(\".et-custom-read-more-text .et_pb_post a.more-link\").html(\"View Job\");<!-- [et_pb_line_break_holder] -->  });<!-- [et_pb_line_break_holder] -->})(jQuery);<!-- [et_pb_line_break_holder] -->  <\/script>[\/et_pb_code][\/et_pb_column][\/et_pb_row][\/et_pb_section]<\/p>","protected":false},"excerpt":{"rendered":"<p>Below you will find current open calls that are available to HFIAW members in good standing. Click on the job that interests you and learn more about the specifics of each job. If this job sounds like something you would be interested in traveling to Central Ohio to do, click on the link provided and [&hellip;]<\/p>","protected":false},"author":2,"featured_media":1174,"parent":0,"menu_order":0,"comment_status":"closed","ping_status":"closed","template":"page-template-blank.php","meta":{"_acf_changed":false,"_et_pb_use_builder":"on","_et_pb_old_content":"","_et_gb_content_width":"","footnotes":""},"class_list":["post-2337","page","type-page","status-publish","has-post-thumbnail","hentry"],"acf":[],"ams_acf":[],"yoast_head":"<!-- This site is optimized with the Yoast SEO plugin v24.3 - https:\/\/yoast.com\/wordpress\/plugins\/seo\/ -->\n<title>Open Calls - Insulators Local 50 - Columbus Ohio<\/title>\n<meta name=\"description\" content=\"Local 50 is committed to man every job possible with our signatory contractors within our jurisdiction. Check out our open jobs now.\" \/>\n<meta name=\"robots\" content=\"index, follow, max-snippet:-1, max-image-preview:large, max-video-preview:-1\" \/>\n<link rel=\"canonical\" href=\"https:\/\/insulators50.com\/es\/open-calls-app\/\" \/>\n<meta property=\"og:locale\" content=\"es_MX\" \/>\n<meta property=\"og:type\" content=\"article\" \/>\n<meta property=\"og:title\" content=\"Open Calls - Insulators Local 50 - Columbus Ohio\" \/>\n<meta property=\"og:description\" content=\"Local 50 is committed to man every job possible with our signatory contractors within our jurisdiction. Check out our open jobs now.\" \/>\n<meta property=\"og:url\" content=\"https:\/\/insulators50.com\/es\/open-calls-app\/\" \/>\n<meta property=\"og:site_name\" content=\"Insulators Local 50 - Columbus Ohio\" \/>\n<meta property=\"article:publisher\" content=\"https:\/\/www.facebook.com\/InsulatorsLocal50\/\" \/>\n<meta property=\"article:modified_time\" content=\"2024-05-28T15:57:48+00:00\" \/>\n<meta property=\"og:image\" content=\"https:\/\/insulators50.com\/wp-content\/uploads\/2023\/06\/cropped-Insulators-Local-50-Logo.png\" \/>\n\t<meta property=\"og:image:width\" content=\"512\" \/>\n\t<meta property=\"og:image:height\" content=\"512\" \/>\n\t<meta property=\"og:image:type\" content=\"image\/png\" \/>\n<meta name=\"twitter:card\" content=\"summary_large_image\" \/>\n<meta name=\"twitter:label1\" content=\"Tiempo de lectura\" \/>\n\t<meta name=\"twitter:data1\" content=\"1 minuto\" \/>\n<script type=\"application\/ld+json\" class=\"yoast-schema-graph\">{\"@context\":\"https:\/\/schema.org\",\"@graph\":[{\"@type\":\"WebPage\",\"@id\":\"https:\/\/insulators50.com\/open-calls-app\/\",\"url\":\"https:\/\/insulators50.com\/open-calls-app\/\",\"name\":\"Open Calls - Insulators Local 50 - Columbus Ohio\",\"isPartOf\":{\"@id\":\"https:\/\/insulators50.com\/#website\"},\"primaryImageOfPage\":{\"@id\":\"https:\/\/insulators50.com\/open-calls-app\/#primaryimage\"},\"image\":{\"@id\":\"https:\/\/insulators50.com\/open-calls-app\/#primaryimage\"},\"thumbnailUrl\":\"https:\/\/insulators50.com\/wp-content\/uploads\/2023\/06\/cropped-Insulators-Local-50-Logo.png\",\"datePublished\":\"2023-10-25T16:38:25+00:00\",\"dateModified\":\"2024-05-28T15:57:48+00:00\",\"description\":\"Local 50 is committed to man every job possible with our signatory contractors within our jurisdiction. Check out our open jobs now.\",\"breadcrumb\":{\"@id\":\"https:\/\/insulators50.com\/open-calls-app\/#breadcrumb\"},\"inLanguage\":\"es\",\"potentialAction\":[{\"@type\":\"ReadAction\",\"target\":[\"https:\/\/insulators50.com\/open-calls-app\/\"]}]},{\"@type\":\"ImageObject\",\"inLanguage\":\"es\",\"@id\":\"https:\/\/insulators50.com\/open-calls-app\/#primaryimage\",\"url\":\"https:\/\/insulators50.com\/wp-content\/uploads\/2023\/06\/cropped-Insulators-Local-50-Logo.png\",\"contentUrl\":\"https:\/\/insulators50.com\/wp-content\/uploads\/2023\/06\/cropped-Insulators-Local-50-Logo.png\",\"width\":512,\"height\":512,\"caption\":\"Logo for Insulators Local 50\"},{\"@type\":\"BreadcrumbList\",\"@id\":\"https:\/\/insulators50.com\/open-calls-app\/#breadcrumb\",\"itemListElement\":[{\"@type\":\"ListItem\",\"position\":1,\"name\":\"Home\",\"item\":\"https:\/\/insulators50.com\/\"},{\"@type\":\"ListItem\",\"position\":2,\"name\":\"Open Calls\"}]},{\"@type\":\"WebSite\",\"@id\":\"https:\/\/insulators50.com\/#website\",\"url\":\"https:\/\/insulators50.com\/\",\"name\":\"Insulators Local 50 - Columbus Ohio\",\"description\":\"Professional Commercial &amp; Industrial Union Insulators of Central Ohio\",\"publisher\":{\"@id\":\"https:\/\/insulators50.com\/#organization\"},\"potentialAction\":[{\"@type\":\"SearchAction\",\"target\":{\"@type\":\"EntryPoint\",\"urlTemplate\":\"https:\/\/insulators50.com\/?s={search_term_string}\"},\"query-input\":{\"@type\":\"PropertyValueSpecification\",\"valueRequired\":true,\"valueName\":\"search_term_string\"}}],\"inLanguage\":\"es\"},{\"@type\":\"Organization\",\"@id\":\"https:\/\/insulators50.com\/#organization\",\"name\":\"Insulators Local 50 - Columbus Ohio\",\"url\":\"https:\/\/insulators50.com\/\",\"logo\":{\"@type\":\"ImageObject\",\"inLanguage\":\"es\",\"@id\":\"https:\/\/insulators50.com\/#\/schema\/logo\/image\/\",\"url\":\"https:\/\/insulators50.com\/wp-content\/uploads\/2023\/06\/Insulators-Local-50-Logo.png\",\"contentUrl\":\"https:\/\/insulators50.com\/wp-content\/uploads\/2023\/06\/Insulators-Local-50-Logo.png\",\"width\":1000,\"height\":933,\"caption\":\"Insulators Local 50 - Columbus Ohio\"},\"image\":{\"@id\":\"https:\/\/insulators50.com\/#\/schema\/logo\/image\/\"},\"sameAs\":[\"https:\/\/www.facebook.com\/InsulatorsLocal50\/\"]}]}<\/script>\n<!-- \/ Yoast SEO plugin. -->","yoast_head_json":{"title":"Open Calls - Insulators Local 50 - Columbus Ohio","description":"Local 50 is committed to man every job possible with our signatory contractors within our jurisdiction. Check out our open jobs now.","robots":{"index":"index","follow":"follow","max-snippet":"max-snippet:-1","max-image-preview":"max-image-preview:large","max-video-preview":"max-video-preview:-1"},"canonical":"https:\/\/insulators50.com\/es\/open-calls-app\/","og_locale":"es_MX","og_type":"article","og_title":"Open Calls - Insulators Local 50 - Columbus Ohio","og_description":"Local 50 is committed to man every job possible with our signatory contractors within our jurisdiction. Check out our open jobs now.","og_url":"https:\/\/insulators50.com\/es\/open-calls-app\/","og_site_name":"Insulators Local 50 - Columbus Ohio","article_publisher":"https:\/\/www.facebook.com\/InsulatorsLocal50\/","article_modified_time":"2024-05-28T15:57:48+00:00","og_image":[{"width":512,"height":512,"url":"https:\/\/insulators50.com\/wp-content\/uploads\/2023\/06\/cropped-Insulators-Local-50-Logo.png","type":"image\/png"}],"twitter_card":"summary_large_image","twitter_misc":{"Tiempo de lectura":"1 minuto"},"schema":{"@context":"https:\/\/schema.org","@graph":[{"@type":"WebPage","@id":"https:\/\/insulators50.com\/open-calls-app\/","url":"https:\/\/insulators50.com\/open-calls-app\/","name":"Open Calls - Insulators Local 50 - Columbus Ohio","isPartOf":{"@id":"https:\/\/insulators50.com\/#website"},"primaryImageOfPage":{"@id":"https:\/\/insulators50.com\/open-calls-app\/#primaryimage"},"image":{"@id":"https:\/\/insulators50.com\/open-calls-app\/#primaryimage"},"thumbnailUrl":"https:\/\/insulators50.com\/wp-content\/uploads\/2023\/06\/cropped-Insulators-Local-50-Logo.png","datePublished":"2023-10-25T16:38:25+00:00","dateModified":"2024-05-28T15:57:48+00:00","description":"Local 50 is committed to man every job possible with our signatory contractors within our jurisdiction. Check out our open jobs now.","breadcrumb":{"@id":"https:\/\/insulators50.com\/open-calls-app\/#breadcrumb"},"inLanguage":"es","potentialAction":[{"@type":"ReadAction","target":["https:\/\/insulators50.com\/open-calls-app\/"]}]},{"@type":"ImageObject","inLanguage":"es","@id":"https:\/\/insulators50.com\/open-calls-app\/#primaryimage","url":"https:\/\/insulators50.com\/wp-content\/uploads\/2023\/06\/cropped-Insulators-Local-50-Logo.png","contentUrl":"https:\/\/insulators50.com\/wp-content\/uploads\/2023\/06\/cropped-Insulators-Local-50-Logo.png","width":512,"height":512,"caption":"Logo for Insulators Local 50"},{"@type":"BreadcrumbList","@id":"https:\/\/insulators50.com\/open-calls-app\/#breadcrumb","itemListElement":[{"@type":"ListItem","position":1,"name":"Home","item":"https:\/\/insulators50.com\/"},{"@type":"ListItem","position":2,"name":"Open Calls"}]},{"@type":"WebSite","@id":"https:\/\/insulators50.com\/#website","url":"https:\/\/insulators50.com\/","name":"Insulators Local 50 - Columbus Ohio","description":"Professional Commercial &amp; Industrial Union Insulators of Central Ohio","publisher":{"@id":"https:\/\/insulators50.com\/#organization"},"potentialAction":[{"@type":"SearchAction","target":{"@type":"EntryPoint","urlTemplate":"https:\/\/insulators50.com\/?s={search_term_string}"},"query-input":{"@type":"PropertyValueSpecification","valueRequired":true,"valueName":"search_term_string"}}],"inLanguage":"es"},{"@type":"Organization","@id":"https:\/\/insulators50.com\/#organization","name":"Insulators Local 50 - Columbus Ohio","url":"https:\/\/insulators50.com\/","logo":{"@type":"ImageObject","inLanguage":"es","@id":"https:\/\/insulators50.com\/#\/schema\/logo\/image\/","url":"https:\/\/insulators50.com\/wp-content\/uploads\/2023\/06\/Insulators-Local-50-Logo.png","contentUrl":"https:\/\/insulators50.com\/wp-content\/uploads\/2023\/06\/Insulators-Local-50-Logo.png","width":1000,"height":933,"caption":"Insulators Local 50 - Columbus Ohio"},"image":{"@id":"https:\/\/insulators50.com\/#\/schema\/logo\/image\/"},"sameAs":["https:\/\/www.facebook.com\/InsulatorsLocal50\/"]}]}},"_links":{"self":[{"href":"https:\/\/insulators50.com\/es\/wp-json\/wp\/v2\/pages\/2337","targetHints":{"allow":["GET"]}}],"collection":[{"href":"https:\/\/insulators50.com\/es\/wp-json\/wp\/v2\/pages"}],"about":[{"href":"https:\/\/insulators50.com\/es\/wp-json\/wp\/v2\/types\/page"}],"author":[{"embeddable":true,"href":"https:\/\/insulators50.com\/es\/wp-json\/wp\/v2\/users\/2"}],"replies":[{"embeddable":true,"href":"https:\/\/insulators50.com\/es\/wp-json\/wp\/v2\/comments?post=2337"}],"version-history":[{"count":8,"href":"https:\/\/insulators50.com\/es\/wp-json\/wp\/v2\/pages\/2337\/revisions"}],"predecessor-version":[{"id":3214,"href":"https:\/\/insulators50.com\/es\/wp-json\/wp\/v2\/pages\/2337\/revisions\/3214"}],"wp:featuredmedia":[{"embeddable":true,"href":"https:\/\/insulators50.com\/es\/wp-json\/wp\/v2\/media\/1174"}],"wp:attachment":[{"href":"https:\/\/insulators50.com\/es\/wp-json\/wp\/v2\/media?parent=2337"}],"curies":[{"name":"wp","href":"https:\/\/api.w.org\/{rel}","templated":true}]}}