{"id":11,"date":"2023-05-18T16:23:07","date_gmt":"2023-05-18T16:23:07","guid":{"rendered":"http:\/\/72.52.129.99\/~insulators50\/?page_id=11"},"modified":"2024-08-27T10:38:08","modified_gmt":"2024-08-27T14:38:08","slug":"officers","status":"publish","type":"page","link":"https:\/\/insulators50.com\/es\/officers\/","title":{"rendered":"Oficiales"},"content":{"rendered":"<p>[et_pb_section fb_built=\u201d1\u2033 _builder_version=\u201d4.21.0\u2033 _module_preset=\u201dpredeterminado\u201d background_color=\u201d#26865d\u201d da_disable_devices=\u201doff|off|off\u201d global_colors_info=\u201d{}\u201d theme_builder_area=\u201dpost_content\u201d da_is_popup=\u201doff\u201d da_exit_intent=\u201doff\u201d da_has_close=\u201don\u201d da_alt_close=\u201doff\u201d da_dark_close=\u201doff\u201d da_not_modal=\u201don\u201d da_is_singular=\u201doff\u201d da_with_loader=\u201doff\u201d da_has_shadow=\u201don\u201d][et_pb_row _builder_version=\u201d4.21.0\u2033 _module_preset=\u201dpredeterminado\u201d global_colors_info=\u201d{}\u201d \u00c1rea del generador de temas = &quot;contenido de la publicaci\u00f3n&quot;] [tipo de columna et_pb = &quot;4_4&quot; _versi\u00f3n del generador = &quot;4.21.0&quot; _ajuste predefinido del m\u00f3dulo = &quot;predeterminado&quot; informaci\u00f3n de colores globales = &quot;{}&quot; \u00c1rea del generador de temas = &quot;contenido de la publicaci\u00f3n&quot;] [texto et_pb _versi\u00f3n del generador = &quot;4.21.0&quot; _ajuste predefinido del m\u00f3dulo = &quot;predeterminado&quot; color del texto del encabezado 2 = &quot;#FFFFFF&quot; informaci\u00f3n de colores globales = &quot;{}&quot; \u00c1rea del generador de temas = &quot;contenido de la publicaci\u00f3n&quot;]<\/p>\n<h2 style=\"text-align: center;\">Los siguientes oficiales del Local 50 de Insulators han tomado posiciones dentro de la organizaci\u00f3n para liderar e impulsar nuestro Local hacia adelante.<\/h2>\n<p>[\/et_pb_text][\/et_pb_column][\/et_pb_row][\/et_pb_section][et_pb_section fb_built=\u201d1\u2033 _builder_version=\u201d4.21.0\u2033 _module_preset=\u201ddefault\u201d custom_padding=\u201d||0px|||\u201d da_disable_devices=\u201doff|off|off\u201d global_colors_info=\u201d{}\u201d theme_builder_area=\u201dpost_content\u201d da_is_popup=\u201doff\u201d da_exit_intent=\u201doff\u201d da_has_close=\u201don\u201d da_alt_close=\u201doff\u201d da_dark_close=\u201doff\u201d da_not_modal=\u201don\u201d da_is_singular=\u201doff\u201d da_with_loader=\u201doff\u201d da_has_shadow=\u201don\u201d][et_pb_row _builder_version=\u201d4.21.0\u2033 _module_preset=\u201ddefault\u201d global_colors_info=\u201d{}\u201d theme_builder_area=\u201dpost_content\u201d][et_pb_column type=\u201d4_4\u2033 _builder_version=\u201d4.21.0\u2033 _module_preset=\u201ddefault\u201d Informaci\u00f3n global de colores = &quot;{}&quot; \u00c1rea del creador de temas = &quot;Contenido de la publicaci\u00f3n&quot;] [Texto de etpb _versi\u00f3n del creador = &quot;4.21.0&quot; _m\u00f3dulo preestablecido = &quot;predeterminado&quot; Informaci\u00f3n global de colores = &quot;{}&quot; \u00c1rea del creador de temas = &quot;Contenido de la publicaci\u00f3n&quot;]<\/p>\n<h3 style=\"text-align: center;\">Es con la dedicaci\u00f3n y el esfuerzo de los siguientes miembros que podemos sobrevivir y prosperar como Insulators Local 50. <\/h3>\n<p>[\/et_pb_text][\/et_pb_column][\/et_pb_row][\/et_pb_section][et_pb_section fb_built=\u201d1\u2033 _builder_version=\u201d4.21.0\u2033 _module_preset=\u201ddefault\u201d custom_padding=\u201d0px|||||\u201d da_disable_devices=\u201doff|off|off\u201d global_colors_info=\u201d{}\u201d theme_builder_area=\u201dpost_content\u201d da_is_popup=\u201doff\u201d da_exit_intent=\u201doff\u201d da_has_close=\u201don\u201d da_alt_close=\u201doff\u201d da_dark_close=\u201doff\u201d da_not_modal=\u201don\u201d da_is_singular=\u201doff\u201d da_with_loader=\u201doff\u201d da_has_shadow=\u201don\u201d][et_pb_row estructura_columna=\u201d1_3,1_3,1_3\u2033 _builder_version=\u201d4.21.0\u2033 _module_preset=\u201ddefault\u201d global_colors_info=\u201d{}\u201d theme_builder_area=\u201dpost_content\u201d][et_pb_column tipo=\u201d1_3\u2033 _builder_version=\u201d4.21.0\u2033 _module_preset=\u201ddefault\u201d global_colors_info=\u201d{}\u201d theme_builder_area=\u201dpost_content\u201d][et_pb_team_member name=\u201dDan Poteet\u201d position=\u201dGerente de Negocios\u201d image_url=\u201dhttps:\/\/insulators50.com\/wp-content\/uploads\/2023\/05\/Dan_edited.jpg\u201d admin_label=\u201dDan Poteet\u201d _builder_version=\u201d4.21.0\u2033 _module_preset=\u201ddefault\u201d body_link_text_color=\u201d#26865d\u201d width=\u201d80%\u201d module_alignment=\u201dcenter\u201d global_colors_info=\u201d{}\u201d theme_builder_area=\u201dpost_content\u201d]<\/p>\n<p><span>Greenville, Ohio<\/span><br \/><a href=\"mailto:awl50@insulators.org\"><i class=\"fa-solid fa-envelope\"><\/i> awl50@aislantes.org<\/a><\/p>\n<p>[\/et_pb_team_member][\/et_pb_column][et_pb_column type=\u201d1_3\u2033 _builder_version=\u201d4.21.0\u2033 _module_preset=\u201ddefault\u201d global_colors_info=\u201d{}\u201d theme_builder_area=\u201dpost_content\u201d][et_pb_team_member name=\u201dEric Parsley\u201d position=\u201dPresident \/ Organizador\u201d image_url=\u201dhttps:\/\/insulators50.com\/wp-content\/uploads\/2023\/05\/generic-bust-silouette_edited.jpg\u201d admin_label=\u201dEric Parsley\u201d _builder_version=\u201d4.21.0\u2033 _module_preset=\u201ddefault\u201d body_link_text_color=\u201d#26865d\u201d width=\u201d80%\u201d module_alignment=\u201dcenter\u201d informaci\u00f3n_global_colores=\u201d{}\u201d \u00e1rea_del_constructor_de_temas=\u201dcontenido_de_la_publicaci\u00f3n\u201d]<\/p>\n<p>Nelsonville, Ohio<\/p>\n<p>[\/et_pb_team_member][\/et_pb_column][et_pb_column type=\u201d1_3\u2033 _builder_version=\u201d4.21.0\u2033 _module_preset=\u201ddefault\u201d global_colors_info=\u201d{}\u201d theme_builder_area=\u201dpost_content\u201d][et_pb_team_member name=\u201dRussell Cole\u201d position=\u201dVicepresidente\u201d image_url=\u201dhttps:\/\/insulators50.com\/wp-content\/uploads\/2023\/05\/generic-bust-silouette_edited.jpg\u201d admin_label=\u201dRussell Cole\u201d _builder_version=\u201d4.21.0\u2033 _module_preset=\u201ddefault\u201d body_link_text_color=\u201d#26865d\u201d width=\u201d80%\u201d module_alignment=\u201dcenter\u201d Informaci\u00f3n global de colores = &quot;{}&quot; \u00c1rea del creador de temas = &quot;Contenido de la publicaci\u00f3n&quot;] Columbus, OH [\/et_pb_team_member][\/et_pb_column][\/et_pb_row][et_pb_row Estructura de la columna = &quot;1_3,1_3,1_3&quot; _versi\u00f3n del creador = &quot;4.21.0&quot; _ajuste predeterminado del m\u00f3dulo = &quot;predeterminado&quot; Informaci\u00f3n global de colores = &quot;{}&quot; \u00c1rea del creador de temas = &quot;Contenido de la publicaci\u00f3n&quot;] Tipo de columna = &quot;1_3&quot; _versi\u00f3n del creador = &quot;4.21.0&quot; _ajuste predeterminado del m\u00f3dulo = &quot;predeterminado&quot; Informaci\u00f3n global de colores = &quot;{}&quot; \u00c1rea del creador de temas = &quot;Contenido de la publicaci\u00f3n&quot;] Nombre del miembro del equipo = &quot;Scott Emrich&quot; Cargo = &quot;Organizador&quot; URL de la imagen: https:\/\/insulators50.com\/wp-content\/uploads\/2023\/05\/scott_edited.jpg. Etiqueta de administrador: Scott Emrich. Versi\u00f3n del constructor: 4.21.0. Ajuste predeterminado del m\u00f3dulo. Color del texto del enlace del cuerpo: #26865d. Ancho: 80%. Alineaci\u00f3n del m\u00f3dulo: centrada. Informaci\u00f3n de colores globales: {}. \u00c1rea del constructor del tema: contenido de la publicaci\u00f3n.<\/p>\n<p><span>Col\u00f3n, Ohio<\/span><br \/><a href=\"mailto:scottyz16@hotmail.com\"><i class=\"fa-solid fa-envelope\"><\/i> scottyz16@hotmail.com<\/a><\/p>\n<p>[\/et_pb_team_member][\/et_pb_column][et_pb_column type=\u201d1_3\u2033 _builder_version=\u201d4.21.0\u2033 _module_preset=\u201ddefault\u201d global_colors_info=\u201d{}\u201d theme_builder_area=\u201dpost_content\u201d][et_pb_team_member name=\u201dKen Craft\u201d position=\u201dSecretario\/Tesorero de Actas\u201d image_url=\u201dhttps:\/\/insulators50.com\/wp-content\/uploads\/2023\/05\/Ken_edited.jpg\u201d admin_label=\u201dKen Craft\u201d _builder_version=\u201d4.23\u2033 _module_preset=\u201ddefault\u201d body_link_text_color=\u201d#26865d\u201d width=\u201d80%\u201d module_alignment=\u201dcenter\u201d global_colors_info=\u201d{}\u201d \u00c1rea del creador de temas=\u201dcontenido de la publicaci\u00f3n\u201d]Hamilton, Ohio<br \/>\n<!--<a href=\"mailto:aw50jatc@insulators.org\"><i class=\"fa-solid fa-envelope\"><\/i> aw50jatc@insulators.org<\/a>-->[\/et_pb_team_member][\/et_pb_column][et_pb_column type=\u201d1_3\u2033 _builder_version=\u201d4.21.0\u2033 _module_preset=\u201ddefault\u201d global_colors_info=\u201d{}\u201d theme_builder_area=\u201dpost_content\u201d][et_pb_team_member name=\u201dJoseph Mahle\u201d position=\u201dCoordinador de Aprendizaje\u201d image_url=\u201dhttps:\/\/insulators50.com\/wp-content\/uploads\/2023\/05\/generic-bust-silouette_edited.jpg\u201d admin_label=\u201dJoseph Mahle\u201d _builder_version=\u201d4.23\u2033 _module_preset=\u201ddefault\u201d body_link_text_color=\u201d#26865d\u201d width=\u201d80%\u201d module_alignment=\u201dcenter\u201d global_colors_info=\u201d{}\u201d theme_builder_area=\u201dpost_content\u201d]Celda: <a href=\"tel:7403054037\">740-305-4037<\/a><br \/>\nCol\u00f3n, Ohio<br \/>\n<a href=\"mailto:jatcinst1@outlook.com\"><i class=\"fa-solid fa-envelope\"><\/i> jatcinst1@outlook.com<\/a>[\/et_pb_team_member][\/et_pb_column][\/et_pb_row][\/et_pb_section]<\/p>","protected":false},"excerpt":{"rendered":"<p>Los siguientes oficiales de Insulators Local 50 han asumido puestos dentro de la organizaci\u00f3n para liderar e impulsar nuestro Local. Es con la dedicaci\u00f3n y el esfuerzo de los siguientes miembros que podemos sobrevivir y prosperar como Insulators Local 50. Greenville, OH awl50@insulators.orgNelsonville, OHColumbus, OHColumbus, OH scottyz16@hotmail.comHamilton, OH Celular: 740-305-4037 Columbus, OH jatcinst1@outlook.com<\/p>","protected":false},"author":2,"featured_media":0,"parent":0,"menu_order":0,"comment_status":"closed","ping_status":"closed","template":"","meta":{"_acf_changed":false,"_et_pb_use_builder":"on","_et_pb_old_content":"","_et_gb_content_width":"","footnotes":""},"class_list":["post-11","page","type-page","status-publish","hentry"],"acf":[],"ams_acf":[],"yoast_head":"<!-- This site is optimized with the Yoast SEO plugin v24.3 - https:\/\/yoast.com\/wordpress\/plugins\/seo\/ -->\n<title>Officers - Insulators Local 50 - Columbus Ohio<\/title>\n<meta name=\"robots\" content=\"index, follow, max-snippet:-1, max-image-preview:large, max-video-preview:-1\" \/>\n<link rel=\"canonical\" href=\"https:\/\/insulators50.com\/es\/officers\/\" \/>\n<meta property=\"og:locale\" content=\"es_MX\" \/>\n<meta property=\"og:type\" content=\"article\" \/>\n<meta property=\"og:title\" content=\"Officers - Insulators Local 50 - Columbus Ohio\" \/>\n<meta property=\"og:description\" content=\"The following Insulators Local 50 Officers have taken positions within the organization to lead and drive our Local forward.It is with dedication and effort from the following members that we are able to survive and thrive as Insulators Local 50. Greenville, OH awl50@insulators.orgNelsonville, OHColumbus, OHColumbus, OH scottyz16@hotmail.comHamilton, OH Cell: 740-305-4037 Columbus, OH jatcinst1@outlook.com\" \/>\n<meta property=\"og:url\" content=\"https:\/\/insulators50.com\/es\/officers\/\" \/>\n<meta property=\"og:site_name\" content=\"Insulators Local 50 - Columbus Ohio\" \/>\n<meta property=\"article:publisher\" content=\"https:\/\/www.facebook.com\/InsulatorsLocal50\/\" \/>\n<meta property=\"article:modified_time\" content=\"2024-08-27T14:38:08+00:00\" \/>\n<meta name=\"twitter:card\" content=\"summary_large_image\" \/>\n<meta name=\"twitter:label1\" content=\"Tiempo de lectura\" \/>\n\t<meta name=\"twitter:data1\" content=\"2 minutos\" \/>\n<script type=\"application\/ld+json\" class=\"yoast-schema-graph\">{\"@context\":\"https:\/\/schema.org\",\"@graph\":[{\"@type\":\"WebPage\",\"@id\":\"https:\/\/insulators50.com\/officers\/\",\"url\":\"https:\/\/insulators50.com\/officers\/\",\"name\":\"Officers - Insulators Local 50 - Columbus Ohio\",\"isPartOf\":{\"@id\":\"https:\/\/insulators50.com\/#website\"},\"datePublished\":\"2023-05-18T16:23:07+00:00\",\"dateModified\":\"2024-08-27T14:38:08+00:00\",\"breadcrumb\":{\"@id\":\"https:\/\/insulators50.com\/officers\/#breadcrumb\"},\"inLanguage\":\"es\",\"potentialAction\":[{\"@type\":\"ReadAction\",\"target\":[\"https:\/\/insulators50.com\/officers\/\"]}]},{\"@type\":\"BreadcrumbList\",\"@id\":\"https:\/\/insulators50.com\/officers\/#breadcrumb\",\"itemListElement\":[{\"@type\":\"ListItem\",\"position\":1,\"name\":\"Home\",\"item\":\"https:\/\/insulators50.com\/\"},{\"@type\":\"ListItem\",\"position\":2,\"name\":\"Officers\"}]},{\"@type\":\"WebSite\",\"@id\":\"https:\/\/insulators50.com\/#website\",\"url\":\"https:\/\/insulators50.com\/\",\"name\":\"Insulators Local 50 - Columbus Ohio\",\"description\":\"Professional Commercial &amp; Industrial Union Insulators of Central Ohio\",\"publisher\":{\"@id\":\"https:\/\/insulators50.com\/#organization\"},\"potentialAction\":[{\"@type\":\"SearchAction\",\"target\":{\"@type\":\"EntryPoint\",\"urlTemplate\":\"https:\/\/insulators50.com\/?s={search_term_string}\"},\"query-input\":{\"@type\":\"PropertyValueSpecification\",\"valueRequired\":true,\"valueName\":\"search_term_string\"}}],\"inLanguage\":\"es\"},{\"@type\":\"Organization\",\"@id\":\"https:\/\/insulators50.com\/#organization\",\"name\":\"Insulators Local 50 - Columbus Ohio\",\"url\":\"https:\/\/insulators50.com\/\",\"logo\":{\"@type\":\"ImageObject\",\"inLanguage\":\"es\",\"@id\":\"https:\/\/insulators50.com\/#\/schema\/logo\/image\/\",\"url\":\"https:\/\/insulators50.com\/wp-content\/uploads\/2023\/06\/Insulators-Local-50-Logo.png\",\"contentUrl\":\"https:\/\/insulators50.com\/wp-content\/uploads\/2023\/06\/Insulators-Local-50-Logo.png\",\"width\":1000,\"height\":933,\"caption\":\"Insulators Local 50 - Columbus Ohio\"},\"image\":{\"@id\":\"https:\/\/insulators50.com\/#\/schema\/logo\/image\/\"},\"sameAs\":[\"https:\/\/www.facebook.com\/InsulatorsLocal50\/\"]}]}<\/script>\n<!-- \/ Yoast SEO plugin. -->","yoast_head_json":{"title":"Officers - Insulators Local 50 - Columbus Ohio","robots":{"index":"index","follow":"follow","max-snippet":"max-snippet:-1","max-image-preview":"max-image-preview:large","max-video-preview":"max-video-preview:-1"},"canonical":"https:\/\/insulators50.com\/es\/officers\/","og_locale":"es_MX","og_type":"article","og_title":"Officers - Insulators Local 50 - Columbus Ohio","og_description":"The following Insulators Local 50 Officers have taken positions within the organization to lead and drive our Local forward.It is with dedication and effort from the following members that we are able to survive and thrive as Insulators Local 50. Greenville, OH awl50@insulators.orgNelsonville, OHColumbus, OHColumbus, OH scottyz16@hotmail.comHamilton, OH Cell: 740-305-4037 Columbus, OH jatcinst1@outlook.com","og_url":"https:\/\/insulators50.com\/es\/officers\/","og_site_name":"Insulators Local 50 - Columbus Ohio","article_publisher":"https:\/\/www.facebook.com\/InsulatorsLocal50\/","article_modified_time":"2024-08-27T14:38:08+00:00","twitter_card":"summary_large_image","twitter_misc":{"Tiempo de lectura":"2 minutos"},"schema":{"@context":"https:\/\/schema.org","@graph":[{"@type":"WebPage","@id":"https:\/\/insulators50.com\/officers\/","url":"https:\/\/insulators50.com\/officers\/","name":"Officers - Insulators Local 50 - Columbus Ohio","isPartOf":{"@id":"https:\/\/insulators50.com\/#website"},"datePublished":"2023-05-18T16:23:07+00:00","dateModified":"2024-08-27T14:38:08+00:00","breadcrumb":{"@id":"https:\/\/insulators50.com\/officers\/#breadcrumb"},"inLanguage":"es","potentialAction":[{"@type":"ReadAction","target":["https:\/\/insulators50.com\/officers\/"]}]},{"@type":"BreadcrumbList","@id":"https:\/\/insulators50.com\/officers\/#breadcrumb","itemListElement":[{"@type":"ListItem","position":1,"name":"Home","item":"https:\/\/insulators50.com\/"},{"@type":"ListItem","position":2,"name":"Officers"}]},{"@type":"WebSite","@id":"https:\/\/insulators50.com\/#website","url":"https:\/\/insulators50.com\/","name":"Insulators Local 50 - Columbus Ohio","description":"Professional Commercial &amp; Industrial Union Insulators of Central Ohio","publisher":{"@id":"https:\/\/insulators50.com\/#organization"},"potentialAction":[{"@type":"SearchAction","target":{"@type":"EntryPoint","urlTemplate":"https:\/\/insulators50.com\/?s={search_term_string}"},"query-input":{"@type":"PropertyValueSpecification","valueRequired":true,"valueName":"search_term_string"}}],"inLanguage":"es"},{"@type":"Organization","@id":"https:\/\/insulators50.com\/#organization","name":"Insulators Local 50 - Columbus Ohio","url":"https:\/\/insulators50.com\/","logo":{"@type":"ImageObject","inLanguage":"es","@id":"https:\/\/insulators50.com\/#\/schema\/logo\/image\/","url":"https:\/\/insulators50.com\/wp-content\/uploads\/2023\/06\/Insulators-Local-50-Logo.png","contentUrl":"https:\/\/insulators50.com\/wp-content\/uploads\/2023\/06\/Insulators-Local-50-Logo.png","width":1000,"height":933,"caption":"Insulators Local 50 - Columbus Ohio"},"image":{"@id":"https:\/\/insulators50.com\/#\/schema\/logo\/image\/"},"sameAs":["https:\/\/www.facebook.com\/InsulatorsLocal50\/"]}]}},"_links":{"self":[{"href":"https:\/\/insulators50.com\/es\/wp-json\/wp\/v2\/pages\/11","targetHints":{"allow":["GET"]}}],"collection":[{"href":"https:\/\/insulators50.com\/es\/wp-json\/wp\/v2\/pages"}],"about":[{"href":"https:\/\/insulators50.com\/es\/wp-json\/wp\/v2\/types\/page"}],"author":[{"embeddable":true,"href":"https:\/\/insulators50.com\/es\/wp-json\/wp\/v2\/users\/2"}],"replies":[{"embeddable":true,"href":"https:\/\/insulators50.com\/es\/wp-json\/wp\/v2\/comments?post=11"}],"version-history":[{"count":28,"href":"https:\/\/insulators50.com\/es\/wp-json\/wp\/v2\/pages\/11\/revisions"}],"predecessor-version":[{"id":3255,"href":"https:\/\/insulators50.com\/es\/wp-json\/wp\/v2\/pages\/11\/revisions\/3255"}],"wp:attachment":[{"href":"https:\/\/insulators50.com\/es\/wp-json\/wp\/v2\/media?parent=11"}],"curies":[{"name":"wp","href":"https:\/\/api.w.org\/{rel}","templated":true}]}}