{"id":1090,"date":"2023-06-01T18:31:34","date_gmt":"2023-06-01T18:31:34","guid":{"rendered":"http:\/\/72.52.129.99\/~insulators50\/?page_id=1090"},"modified":"2024-01-24T11:24:07","modified_gmt":"2024-01-24T16:24:07","slug":"travelers-faq","status":"publish","type":"page","link":"https:\/\/insulators50.com\/es\/travelers-faq\/","title":{"rendered":"Preguntas frecuentes de los viajeros"},"content":{"rendered":"<p>[et_pb_section fb_built=\u201d1\u2033 _builder_version=\u201d4.21.0\u2033 _module_preset=\u201ddefault\u201d custom_padding=\u201d||0px|||\u201d global_colors_info=\u201d{}\u201d da_is_popup=\u201doff\u201d da_exit_intent=\u201doff\u201d da_has_close=\u201don\u201d da_alt_close=\u201doff\u201d da_dark_close=\u201doff\u201d da_not_modal=\u201don\u201d da_is_singular=\u201doff\u201d da_with_loader=\u201doff\u201d da_has_shadow=\u201don\u201d da_disable_devices=\u201doff|off|off\u201d][et_pb_row _builder_version=\u201d4.21.0\u2033 _module_preset=\u201ddefault\u201d global_colors_info=\u201d{}\u201d][et_pb_column type=\u201d4_4\u2033 _builder_version=\u201d4.21.0\u2033 _module_preset=\u201ddefault\u201d global_colors_info=\u201d{}\u201d][et_pb_text _builder_version=\u201d4.21.0\u2033 _module_preset=\u201ddefault\u201d global_colors_info=\u201d{}\u201d]<\/p>\n<p>El Local 50 ha desarrollado la siguiente lista de preguntas frecuentes para ayudar a los hermanos y hermanas de HFIAW que est\u00e1n explorando opciones o planean viajar a nuestra jurisdicci\u00f3n en el centro de Ohio para trabajar.<\/p>\n<p>Agradecemos a los miembros que vienen a nuestra jurisdicci\u00f3n por su ayuda mientras llenamos algunas de nuestras convocatorias abiertas y ayudamos a nuestros contratistas a mantener o aumentar su participaci\u00f3n en el mercado.<\/p>\n<p>&nbsp;<\/p>\n<h2><span style=\"font-weight: 400;\">Respuestas a preguntas importantes para trabajar en el centro de Ohio<\/span><\/h2>\n<p>[\/et_pb_text][et_pb_accordion closed_toggle_background_color=\u201d#efefef\u201d icon_color=\u201d#1c3049\u2033 _builder_version=\u201d4.21.0\u2033 _module_preset=\u201ddefault\u201d toggle_font=\u201d||||||||\u201d global_colors_info=\u201d{}\u201d][et_pb_accordion_item title=\u201d\u00bfPor d\u00f3nde empiezo?\u201d open=\u201don\u201d _builder_version=\u201d4.21.0\u2033 _module_preset=\u201ddefault\u201d body_link_text_color=\u201d#0F7A0D\u201d global_colors_info=\u201d{}\u201d]<\/p>\n<p>Primero debe consultar con los representantes de su sindicato local sobre las oportunidades de viaje. Una vez que haya obtenido el permiso y haya decidido viajar a nuestra jurisdicci\u00f3n, le solicitamos que complete el formulario \u201c<span style=\"text-decoration: underline;\"><a href=\"https:\/\/insulators50.com\/es\/travelers-information-for-central-ohio\/\">Formulario de solicitud de trabajo<\/a><\/span>.\u201d<\/p>\n<p>Este formulario compartir\u00e1 su informaci\u00f3n personal importante y su experiencia laboral con el equipo de Local 50 que se encarga de gestionar la importante afluencia de viajeros que esperamos en nuestra jurisdicci\u00f3n. Completar este formulario agilizar\u00e1 el proceso para conseguirle un trabajo en uno de los muchos lugares de trabajo de nuestra jurisdicci\u00f3n.<\/p>\n<p>Su informaci\u00f3n no ser\u00e1 compartida con nadie fuera del Local 50.<\/p>\n<p>Debes estar en regla con tu Local local para poder trabajar en la jurisdicci\u00f3n del Local 50. \u00a1SIN EXCEPCIONES!<\/p>\n<p>[\/et_pb_accordion_item][et_pb_accordion_item title=\u201d\u00bfQu\u00e9 tipo de identificaci\u00f3n necesito?\u201d _builder_version=\u201d4.21.0\u2033 _module_preset=\u201ddefault\u201d global_colors_info=\u201d{}\u201d open=\u201doff\u201d]Necesitar\u00e1 una identificaci\u00f3n con foto, una licencia de conducir vigente y una copia de su recibo de pago actual.[\/et_pb_accordion_item][et_pb_accordion_item title=\u201d\u00bfC\u00f3mo recibo mi pago?\u201d _builder_version=\u201d4.21.0\u2033 _module_preset=\u201ddefault\u201d global_colors_info=\u201d{}\u201d open=\u201doff\u201d]<\/p>\n<p>Si elige utilizar dep\u00f3sito directo, deber\u00e1 asegurarse de tener su informaci\u00f3n bancaria (cheque personal, n\u00famero de cuenta, n\u00famero de ruta).<\/p>\n<p>[\/et_pb_accordion_item][et_pb_accordion_item title=\u201d\u00bfD\u00f3nde me hospedo? \u201d _builder_version=\u201d4.21.0\u2033 _module_preset=\u201ddefault\u201d global_colors_info=\u201d{}\u201d open=\u201doff\u201d]Los miembros que viajan son responsables de reservar y pagar su propio alojamiento. Sin embargo, el Consejo de Oficios de la Construcci\u00f3n de Columbus\/Central Ohio y el Local 50 est\u00e1n negociando tarifas de alojamiento con hoteles y campamentos cercanos para ayudar a los miembros que viajan. Compartiremos un enlace a esa informaci\u00f3n cuando est\u00e9 disponible.[\/et_pb_accordion_item][et_pb_accordion_item title=\u201d\u00bfAd\u00f3nde van mis beneficios? \u201d _builder_version=\u201d4.21.0\u2033 _module_preset=\u201ddefault\u201d global_colors_info=\u201d{}\u201d open=\u201doff\u201d]<\/p>\n<ul>\n<li>Los beneficios acumulados mientras trabaja en la jurisdicci\u00f3n del Local 50 se retribuir\u00e1n a los fondos de beneficios de su Local de origen solo si su Local est\u00e1 afiliado al Fondo Nacional de Pensiones y Servicios M\u00e9dicos para Trabajadores del Asbesto (NAW). Los beneficios siguen al miembro.<\/li>\n<li>La anualidad no ser\u00e1 rec\u00edproca, pero los miembros que viajen podr\u00e1n retirar o transferir la anualidad seis meses despu\u00e9s de haber realizado el \u00faltimo pago mientras trabajaban en un empleo en la jurisdicci\u00f3n del Local 50.<\/li>\n<\/ul>\n<p>[\/et_pb_accordion_item][et_pb_accordion_item title=\u201d\u00bfQu\u00e9 pasa con el impuesto estatal sobre la renta?\u201d _builder_version=\u201d4.21.0\u2033 _module_preset=\u201ddefault\u201d global_colors_info=\u201d{}\u201d open=\u201doff\u201d]<\/p>\n<p>Ohio tiene un impuesto estatal sobre la renta. Se retendr\u00e1 de su salario.<\/p>\n<p>[\/et_pb_accordion_item][\/et_pb_accordion][\/et_pb_column][\/et_pb_row][\/et_pb_section][et_pb_section fb_built=\u201d1\u2033 _builder_version=\u201d4.21.0\u2033 _module_preset=\u201ddefault\u201d global_colors_info=\u201d{}\u201d da_is_popup=\u201doff\u201d da_exit_intent=\u201doff\u201d da_has_close=\u201don\u201d da_alt_close=\u201doff\u201d da_dark_close=\u201doff\u201d da_not_modal=\u201don\u201d da_is_singular=\u201doff\u201d da_with_loader=\u201doff\u201d da_has_shadow=\u201don\u201d da_disable_devices=\u201doff|off|off\u201d][et_pb_row column_structure=\u201d2_3,1_3\u2033 make_equal=\u201don\u201d Versi\u00f3n del constructor: 4.21.0. Preajuste del m\u00f3dulo: predeterminado. Color de fondo: #f2f2f2. Relleno personalizado: 30 px | 30 px | 30 px | 30 px | Verdadero | Verdadero. Informaci\u00f3n global de colores: {}.<\/p>\n<h2>Lista de verificaci\u00f3n para viajeros<\/h2>\n<p>Para los miembros que viajan con poca frecuencia o que nunca han viajado, esta lista de verificaci\u00f3n puede ayudar a comprender lo que puede ser necesario antes de trabajar en una nueva \u00e1rea.<\/p>\n<p>Esta lista de verificaci\u00f3n le ayudar\u00e1 a mantenerse organizado, preparado y evitar estr\u00e9s innecesario, al tiempo que har\u00e1 que todo el proceso de viaje por trabajo sea m\u00e1s sencillo.<\/p>\n<p>[\/et_pb_text][\/et_pb_column][et_pb_column tipo=\u201d1_3\u2033 _builder_version=\u201d4.21.0\u2033 _module_preset=\u201dpredeterminado\u201d elemento_principal_css_personalizado=\u201dmargin-top:auto;||margin-bottom:auto;\u201d Informaci\u00f3n global de colores = &quot;{}&quot;] [et_pb_button URL del bot\u00f3n = &quot;@ET-DC@eyJkeW5hbWljIjp0cnVlLCJjb250ZW50IjoicG9zdF9saW5rX3VybF9hdHRhY2htZW50Iiwic2V0dGluZ3MiOnsicG9zdF9pZCI6IjE4OTEifX0=@&quot; URL nueva ventana = &quot;activado&quot; Texto del bot\u00f3n = &quot;Lista de descarga&quot; Alineaci\u00f3n del bot\u00f3n tableta = &quot;centrar&quot; Alineaci\u00f3n del bot\u00f3n tel\u00e9fono = &quot;centrar&quot; \u00daltima edici\u00f3n de la alineaci\u00f3n del bot\u00f3n = &quot;activado | tel\u00e9fono&quot; _versi\u00f3n del generador = &quot;4.21.0&quot; _atributos din\u00e1micos = &quot;URL del bot\u00f3n&quot; _ajuste predeterminado del m\u00f3dulo = &quot;predeterminado&quot; Bot\u00f3n personalizado = &quot;activado&quot; icono_bot\u00f3n=\u201d\ue092||divi||400\u2033 ubicaci\u00f3n_icono_bot\u00f3n=\u201dizquierda\u201d bot\u00f3n_al_pasar_el_bot\u00f3n=\u201ddesactivado\u201d informaci\u00f3n_global_colores=\u201d{}\u201d][\/et_pb_button][\/et_pb_column][\/et_pb_row][et_pb_row estructura_columna=\u201d2_3,1_3\u2033 make_equal=\u201dactivado\u201d _builder_version=\u201d4.21.0\u2033 _module_preset=\u201dpredeterminado\u201d margen_personalizado=\u201d40px||||falso|falso\u201d relleno_personalizado=\u201d30px|30px|30px|30px|verdadero|verdadero\u201d informaci\u00f3n_global_colores=\u201d{}\u201d][et_pb_column tipo=\u201d2_3\u2033 _builder_version=\u201d4.21.0\u2033 _module_preset=\u201dpredeterminado\u201d informaci\u00f3n_global_colors=\u201d{}\u201d][et_pb_text _builder_version=\u201d4.21.0\u2033 _module_preset=\u201dpredeterminado\u201d informaci\u00f3n_global_colors=\u201d{}\u201d]<\/p>\n<h2><span style=\"font-weight: 400;\">Qu\u00e9 hacer en el \u00e1rea de Columbus para aquellos miembros que viajan con c\u00f3nyuges y miembros con ni\u00f1os<\/span><\/h2>\n<p>Hay muchas cosas para hacer en el \u00e1rea de Columbus y sus alrededores para nuestros hermanos y hermanas que viajen con la familia. Consulta el siguiente enlace para conocer todo lo que Columbus tiene para ofrecer.<\/p>\n<p>[\/et_pb_text][\/et_pb_column][et_pb_column type=\u201d1_3\u2033 _builder_version=\u201d4.21.0\u2033 _module_preset=\u201ddefault\u201d custom_css_main_element=\u201dmargin-top:auto;||margin-bottom:auto;\u201d global_colors_info=\u201d{}\u201d][et_pb_button button_url=\u201dhttps:\/\/www.experiencecolumbus.com\u201d url_new_window=\u201don\u201d button_text=\u201dvisit everything columbus\u201d button_alignment=\u201dcenter\u201d _builder_version=\u201d4.21.0\u2033 _module_preset=\u201ddefault\u201d global_colors_info=\u201d{}\u201d][\/et_pb_button][\/et_pb_column][\/et_pb_row][\/et_pb_section]<\/p>","protected":false},"excerpt":{"rendered":"<p>El Local 50 ha elaborado la siguiente lista de preguntas frecuentes para ayudar a los miembros de HFIAW que est\u00e9n explorando opciones o planeando viajar a nuestra jurisdicci\u00f3n en el centro de Ohio por motivos de trabajo. Agradecemos a los miembros que vienen a nuestra jurisdicci\u00f3n por su ayuda mientras completamos algunas de nuestras convocatorias abiertas y [\u2026]<\/p>","protected":false},"author":2,"featured_media":1174,"parent":0,"menu_order":0,"comment_status":"closed","ping_status":"closed","template":"","meta":{"_acf_changed":false,"_et_pb_use_builder":"on","_et_pb_old_content":"","_et_gb_content_width":"","footnotes":""},"class_list":["post-1090","page","type-page","status-publish","has-post-thumbnail","hentry"],"acf":[],"ams_acf":[],"yoast_head":"<!-- This site is optimized with the Yoast SEO plugin v24.3 - https:\/\/yoast.com\/wordpress\/plugins\/seo\/ -->\n<title>Travelers FAQ - Insulators Local 50 - Columbus Ohio<\/title>\n<meta name=\"description\" content=\"Local 50 has developed a list of frequently asked questions to assist HFIAW Brothers and Sisters who are exploring options or planning to travel to our jurisdiction for work.\" \/>\n<meta name=\"robots\" content=\"index, follow, max-snippet:-1, max-image-preview:large, max-video-preview:-1\" \/>\n<link rel=\"canonical\" href=\"https:\/\/insulators50.com\/es\/travelers-faq\/\" \/>\n<meta property=\"og:locale\" content=\"es_MX\" \/>\n<meta property=\"og:type\" content=\"article\" \/>\n<meta property=\"og:title\" content=\"Travelers FAQ - Insulators Local 50 - Columbus Ohio\" \/>\n<meta property=\"og:description\" content=\"Local 50 has developed a list of frequently asked questions to assist HFIAW Brothers and Sisters who are exploring options or planning to travel to our jurisdiction for work.\" \/>\n<meta property=\"og:url\" content=\"https:\/\/insulators50.com\/es\/travelers-faq\/\" \/>\n<meta property=\"og:site_name\" content=\"Insulators Local 50 - Columbus Ohio\" \/>\n<meta property=\"article:publisher\" content=\"https:\/\/www.facebook.com\/InsulatorsLocal50\/\" \/>\n<meta property=\"article:modified_time\" content=\"2024-01-24T16:24:07+00:00\" \/>\n<meta property=\"og:image\" content=\"https:\/\/insulators50.com\/wp-content\/uploads\/2023\/06\/cropped-Insulators-Local-50-Logo.png\" \/>\n\t<meta property=\"og:image:width\" content=\"512\" \/>\n\t<meta property=\"og:image:height\" content=\"512\" \/>\n\t<meta property=\"og:image:type\" content=\"image\/png\" \/>\n<meta name=\"twitter:card\" content=\"summary_large_image\" \/>\n<meta name=\"twitter:label1\" content=\"Tiempo de lectura\" \/>\n\t<meta name=\"twitter:data1\" content=\"3 minutos\" \/>\n<script type=\"application\/ld+json\" class=\"yoast-schema-graph\">{\"@context\":\"https:\/\/schema.org\",\"@graph\":[{\"@type\":\"WebPage\",\"@id\":\"https:\/\/insulators50.com\/travelers-faq\/\",\"url\":\"https:\/\/insulators50.com\/travelers-faq\/\",\"name\":\"Travelers FAQ - Insulators Local 50 - Columbus Ohio\",\"isPartOf\":{\"@id\":\"https:\/\/insulators50.com\/#website\"},\"primaryImageOfPage\":{\"@id\":\"https:\/\/insulators50.com\/travelers-faq\/#primaryimage\"},\"image\":{\"@id\":\"https:\/\/insulators50.com\/travelers-faq\/#primaryimage\"},\"thumbnailUrl\":\"https:\/\/insulators50.com\/wp-content\/uploads\/2023\/06\/cropped-Insulators-Local-50-Logo.png\",\"datePublished\":\"2023-06-01T18:31:34+00:00\",\"dateModified\":\"2024-01-24T16:24:07+00:00\",\"description\":\"Local 50 has developed a list of frequently asked questions to assist HFIAW Brothers and Sisters who are exploring options or planning to travel to our jurisdiction for work.\",\"breadcrumb\":{\"@id\":\"https:\/\/insulators50.com\/travelers-faq\/#breadcrumb\"},\"inLanguage\":\"es\",\"potentialAction\":[{\"@type\":\"ReadAction\",\"target\":[\"https:\/\/insulators50.com\/travelers-faq\/\"]}]},{\"@type\":\"ImageObject\",\"inLanguage\":\"es\",\"@id\":\"https:\/\/insulators50.com\/travelers-faq\/#primaryimage\",\"url\":\"https:\/\/insulators50.com\/wp-content\/uploads\/2023\/06\/cropped-Insulators-Local-50-Logo.png\",\"contentUrl\":\"https:\/\/insulators50.com\/wp-content\/uploads\/2023\/06\/cropped-Insulators-Local-50-Logo.png\",\"width\":512,\"height\":512,\"caption\":\"Logo for Insulators Local 50\"},{\"@type\":\"BreadcrumbList\",\"@id\":\"https:\/\/insulators50.com\/travelers-faq\/#breadcrumb\",\"itemListElement\":[{\"@type\":\"ListItem\",\"position\":1,\"name\":\"Home\",\"item\":\"https:\/\/insulators50.com\/\"},{\"@type\":\"ListItem\",\"position\":2,\"name\":\"Travelers FAQ\"}]},{\"@type\":\"WebSite\",\"@id\":\"https:\/\/insulators50.com\/#website\",\"url\":\"https:\/\/insulators50.com\/\",\"name\":\"Insulators Local 50 - Columbus Ohio\",\"description\":\"Professional Commercial &amp; Industrial Union Insulators of Central Ohio\",\"publisher\":{\"@id\":\"https:\/\/insulators50.com\/#organization\"},\"potentialAction\":[{\"@type\":\"SearchAction\",\"target\":{\"@type\":\"EntryPoint\",\"urlTemplate\":\"https:\/\/insulators50.com\/?s={search_term_string}\"},\"query-input\":{\"@type\":\"PropertyValueSpecification\",\"valueRequired\":true,\"valueName\":\"search_term_string\"}}],\"inLanguage\":\"es\"},{\"@type\":\"Organization\",\"@id\":\"https:\/\/insulators50.com\/#organization\",\"name\":\"Insulators Local 50 - Columbus Ohio\",\"url\":\"https:\/\/insulators50.com\/\",\"logo\":{\"@type\":\"ImageObject\",\"inLanguage\":\"es\",\"@id\":\"https:\/\/insulators50.com\/#\/schema\/logo\/image\/\",\"url\":\"https:\/\/insulators50.com\/wp-content\/uploads\/2023\/06\/Insulators-Local-50-Logo.png\",\"contentUrl\":\"https:\/\/insulators50.com\/wp-content\/uploads\/2023\/06\/Insulators-Local-50-Logo.png\",\"width\":1000,\"height\":933,\"caption\":\"Insulators Local 50 - Columbus Ohio\"},\"image\":{\"@id\":\"https:\/\/insulators50.com\/#\/schema\/logo\/image\/\"},\"sameAs\":[\"https:\/\/www.facebook.com\/InsulatorsLocal50\/\"]}]}<\/script>\n<!-- \/ Yoast SEO plugin. -->","yoast_head_json":{"title":"Travelers FAQ - Insulators Local 50 - Columbus Ohio","description":"Local 50 has developed a list of frequently asked questions to assist HFIAW Brothers and Sisters who are exploring options or planning to travel to our jurisdiction for work.","robots":{"index":"index","follow":"follow","max-snippet":"max-snippet:-1","max-image-preview":"max-image-preview:large","max-video-preview":"max-video-preview:-1"},"canonical":"https:\/\/insulators50.com\/es\/travelers-faq\/","og_locale":"es_MX","og_type":"article","og_title":"Travelers FAQ - Insulators Local 50 - Columbus Ohio","og_description":"Local 50 has developed a list of frequently asked questions to assist HFIAW Brothers and Sisters who are exploring options or planning to travel to our jurisdiction for work.","og_url":"https:\/\/insulators50.com\/es\/travelers-faq\/","og_site_name":"Insulators Local 50 - Columbus Ohio","article_publisher":"https:\/\/www.facebook.com\/InsulatorsLocal50\/","article_modified_time":"2024-01-24T16:24:07+00:00","og_image":[{"width":512,"height":512,"url":"https:\/\/insulators50.com\/wp-content\/uploads\/2023\/06\/cropped-Insulators-Local-50-Logo.png","type":"image\/png"}],"twitter_card":"summary_large_image","twitter_misc":{"Tiempo de lectura":"3 minutos"},"schema":{"@context":"https:\/\/schema.org","@graph":[{"@type":"WebPage","@id":"https:\/\/insulators50.com\/travelers-faq\/","url":"https:\/\/insulators50.com\/travelers-faq\/","name":"Travelers FAQ - Insulators Local 50 - Columbus Ohio","isPartOf":{"@id":"https:\/\/insulators50.com\/#website"},"primaryImageOfPage":{"@id":"https:\/\/insulators50.com\/travelers-faq\/#primaryimage"},"image":{"@id":"https:\/\/insulators50.com\/travelers-faq\/#primaryimage"},"thumbnailUrl":"https:\/\/insulators50.com\/wp-content\/uploads\/2023\/06\/cropped-Insulators-Local-50-Logo.png","datePublished":"2023-06-01T18:31:34+00:00","dateModified":"2024-01-24T16:24:07+00:00","description":"Local 50 has developed a list of frequently asked questions to assist HFIAW Brothers and Sisters who are exploring options or planning to travel to our jurisdiction for work.","breadcrumb":{"@id":"https:\/\/insulators50.com\/travelers-faq\/#breadcrumb"},"inLanguage":"es","potentialAction":[{"@type":"ReadAction","target":["https:\/\/insulators50.com\/travelers-faq\/"]}]},{"@type":"ImageObject","inLanguage":"es","@id":"https:\/\/insulators50.com\/travelers-faq\/#primaryimage","url":"https:\/\/insulators50.com\/wp-content\/uploads\/2023\/06\/cropped-Insulators-Local-50-Logo.png","contentUrl":"https:\/\/insulators50.com\/wp-content\/uploads\/2023\/06\/cropped-Insulators-Local-50-Logo.png","width":512,"height":512,"caption":"Logo for Insulators Local 50"},{"@type":"BreadcrumbList","@id":"https:\/\/insulators50.com\/travelers-faq\/#breadcrumb","itemListElement":[{"@type":"ListItem","position":1,"name":"Home","item":"https:\/\/insulators50.com\/"},{"@type":"ListItem","position":2,"name":"Travelers FAQ"}]},{"@type":"WebSite","@id":"https:\/\/insulators50.com\/#website","url":"https:\/\/insulators50.com\/","name":"Insulators Local 50 - Columbus Ohio","description":"Professional Commercial &amp; Industrial Union Insulators of Central Ohio","publisher":{"@id":"https:\/\/insulators50.com\/#organization"},"potentialAction":[{"@type":"SearchAction","target":{"@type":"EntryPoint","urlTemplate":"https:\/\/insulators50.com\/?s={search_term_string}"},"query-input":{"@type":"PropertyValueSpecification","valueRequired":true,"valueName":"search_term_string"}}],"inLanguage":"es"},{"@type":"Organization","@id":"https:\/\/insulators50.com\/#organization","name":"Insulators Local 50 - Columbus Ohio","url":"https:\/\/insulators50.com\/","logo":{"@type":"ImageObject","inLanguage":"es","@id":"https:\/\/insulators50.com\/#\/schema\/logo\/image\/","url":"https:\/\/insulators50.com\/wp-content\/uploads\/2023\/06\/Insulators-Local-50-Logo.png","contentUrl":"https:\/\/insulators50.com\/wp-content\/uploads\/2023\/06\/Insulators-Local-50-Logo.png","width":1000,"height":933,"caption":"Insulators Local 50 - Columbus Ohio"},"image":{"@id":"https:\/\/insulators50.com\/#\/schema\/logo\/image\/"},"sameAs":["https:\/\/www.facebook.com\/InsulatorsLocal50\/"]}]}},"_links":{"self":[{"href":"https:\/\/insulators50.com\/es\/wp-json\/wp\/v2\/pages\/1090","targetHints":{"allow":["GET"]}}],"collection":[{"href":"https:\/\/insulators50.com\/es\/wp-json\/wp\/v2\/pages"}],"about":[{"href":"https:\/\/insulators50.com\/es\/wp-json\/wp\/v2\/types\/page"}],"author":[{"embeddable":true,"href":"https:\/\/insulators50.com\/es\/wp-json\/wp\/v2\/users\/2"}],"replies":[{"embeddable":true,"href":"https:\/\/insulators50.com\/es\/wp-json\/wp\/v2\/comments?post=1090"}],"version-history":[{"count":31,"href":"https:\/\/insulators50.com\/es\/wp-json\/wp\/v2\/pages\/1090\/revisions"}],"predecessor-version":[{"id":2845,"href":"https:\/\/insulators50.com\/es\/wp-json\/wp\/v2\/pages\/1090\/revisions\/2845"}],"wp:featuredmedia":[{"embeddable":true,"href":"https:\/\/insulators50.com\/es\/wp-json\/wp\/v2\/media\/1174"}],"wp:attachment":[{"href":"https:\/\/insulators50.com\/es\/wp-json\/wp\/v2\/media?parent=1090"}],"curies":[{"name":"wp","href":"https:\/\/api.w.org\/{rel}","templated":true}]}}